{"id":1079,"date":"2020-03-22T15:32:55","date_gmt":"2020-03-22T12:32:55","guid":{"rendered":"https:\/\/www.inprint.md\/?post_type=product&#038;p=1079"},"modified":"2026-04-15T12:58:33","modified_gmt":"2026-04-15T09:58:33","slug":"roly-apron-benoit","status":"publish","type":"product","link":"https:\/\/www.inprint.md\/en\/product\/roly-apron-benoit\/","title":{"rendered":"Roly Apron Benoit"},"content":{"rendered":"<p>\u0218ort lung.<br \/>\n1.- Bretele reglabile cu sistem de \u00eenchidere din plastic.<br \/>\n2.- Cordoane laterale.<br \/>\n3.- Buzunar \u00een fa\u021b\u0103.<br \/>\nBenoit este un articol indispensabil pentru cei care lucreaz\u0103 \u00een buc\u0103t\u0103rie. Un \u0219or\u021b lung cu bretele reglabile cu sistem de \u00eenchidere din plastic \u0219i cordoane laterale.<\/p>\n<table border=\"1\" cellspacing=\"1\" cellpadding=\"4\" align=\"center\">\n<caption>Informatii tehnice suplimentare asupra produsului<\/caption>\n<tbody>\n<tr>\n<td style=\"text-align: center;\">Marimi<\/td>\n<td style=\"text-align: center;\">Masuri<br \/>\n(Latime\/Lungime)<\/td>\n<td style=\"text-align: center;\">Bucati<br \/>\npachet<\/td>\n<td style=\"text-align: center;\">Bucati<br \/>\ncutie<\/td>\n<\/tr>\n<tr>\n<td style=\"text-align: center;\"><strong>One size<\/strong><\/td>\n<td style=\"text-align: center;\"><strong>[75cm\/90cm]<\/strong><\/td>\n<td style=\"text-align: center;\">1<\/td>\n<td style=\"text-align: center;\">50<\/td>\n<\/tr>\n<tr>\n<td style=\"text-align: center;\"><strong>Kids One size<\/strong><\/td>\n<td style=\"text-align: center;\"><strong>[46cm\/64cm]<\/strong><\/td>\n<td style=\"text-align: center;\">1<\/td>\n<td style=\"text-align: center;\">100<\/td>\n<\/tr>\n<tr>\n<td style=\"text-align: center;\"><\/td>\n<td style=\"text-align: center;\"><\/td>\n<td style=\"text-align: center;\"><\/td>\n<td style=\"text-align: center;\"><\/td>\n<\/tr>\n<tr>\n<td style=\"text-align: center;\"><\/td>\n<td style=\"text-align: center;\"><\/td>\n<td style=\"text-align: center;\"><\/td>\n<td style=\"text-align: center;\"><\/td>\n<\/tr>\n<tr>\n<td style=\"text-align: center;\"><\/td>\n<td style=\"text-align: center;\"><\/td>\n<td style=\"text-align: center;\"><\/td>\n<td style=\"text-align: center;\"><\/td>\n<\/tr>\n<\/tbody>\n<\/table>\n","protected":false},"excerpt":{"rendered":"<p><span class=\"subtitleDetails\"><strong>Compozi\u021bie<\/strong><br \/>\n<\/span><span id=\"MainContent_vComposition\">80% poliester \/ 20% bumbac, twill de 220 g\/m\u00b2.<\/span><\/p>\n<p><span class=\"subtitleDetails\"><strong>Ambalare<\/strong><br \/>\n<\/span><span id=\"MainContent_Label4\">Pachet<\/span>\u00a0<span id=\"MainContent_vUnitsPack\">1<\/span>\u00a0<span id=\"MainContent_Label1\">Unitate<\/span>\u00a0,\u00a0<span id=\"MainContent_Label5\">Cutie<\/span>\u00a0<span id=\"MainContent_vUnitsBox\">50<\/span>\u00a0<span id=\"MainContent_Label2\">unit\u0103\u021bi<br \/>\n<b>Kids:<\/b>\u00a0<span id=\"MainContent_lPackKids\">Pachet<\/span>\u00a0<span id=\"MainContent_vUnitsPackKids\">1<\/span>\u00a0<span id=\"MainContent_lUnitsPackKids\">Unitate<\/span>\u00a0,\u00a0<span id=\"MainContent_lBoxKids\">Cutie<\/span>\u00a0<span id=\"MainContent_vUnitsBoxKids\">100<\/span>\u00a0<span id=\"MainContent_lUnitsBoxKids\">unit\u0103\u021bi.<\/span><br \/>\n<\/span><\/p>\n<p><span class=\"subtitleDetails\"><strong>M\u0103rimi<\/strong><br \/>\n<\/span>Adul\u021bi marime unica, Copii marime unica.<\/p>\n","protected":false},"featured_media":805,"comment_status":"open","ping_status":"closed","template":"","meta":[],"product_brand":[],"product_cat":[23],"product_tag":[],"class_list":{"0":"post-1079","1":"product","2":"type-product","3":"status-publish","4":"has-post-thumbnail","6":"product_cat-accessories","8":"first","9":"instock","10":"shipping-taxable","11":"purchasable","12":"product-type-variable"},"_links":{"self":[{"href":"https:\/\/www.inprint.md\/en\/wp-json\/wp\/v2\/product\/1079","targetHints":{"allow":["GET"]}}],"collection":[{"href":"https:\/\/www.inprint.md\/en\/wp-json\/wp\/v2\/product"}],"about":[{"href":"https:\/\/www.inprint.md\/en\/wp-json\/wp\/v2\/types\/product"}],"replies":[{"embeddable":true,"href":"https:\/\/www.inprint.md\/en\/wp-json\/wp\/v2\/comments?post=1079"}],"wp:featuredmedia":[{"embeddable":true,"href":"https:\/\/www.inprint.md\/en\/wp-json\/wp\/v2\/media\/805"}],"wp:attachment":[{"href":"https:\/\/www.inprint.md\/en\/wp-json\/wp\/v2\/media?parent=1079"}],"wp:term":[{"taxonomy":"product_brand","embeddable":true,"href":"https:\/\/www.inprint.md\/en\/wp-json\/wp\/v2\/product_brand?post=1079"},{"taxonomy":"product_cat","embeddable":true,"href":"https:\/\/www.inprint.md\/en\/wp-json\/wp\/v2\/product_cat?post=1079"},{"taxonomy":"product_tag","embeddable":true,"href":"https:\/\/www.inprint.md\/en\/wp-json\/wp\/v2\/product_tag?post=1079"}],"curies":[{"name":"wp","href":"https:\/\/api.w.org\/{rel}","templated":true}]}}