{"id":1100,"date":"2020-03-22T15:57:40","date_gmt":"2020-03-22T12:57:40","guid":{"rendered":"https:\/\/www.inprint.md\/?post_type=product&#038;p=1100"},"modified":"2026-03-13T09:46:49","modified_gmt":"2026-03-13T07:46:49","slug":"roly-montecarlo","status":"publish","type":"product","link":"https:\/\/www.inprint.md\/en\/product\/roly-montecarlo\/","title":{"rendered":"Roly Montecarlo"},"content":{"rendered":"<p>Tricou tehnic cu m\u00e2nec\u0103 scurt\u0103 raglan. 1.- La baza g\u00e2tului cu band\u0103 pentru acoperirea cus\u0103turii. 2.- Cus\u0103turi laterale \u00een zig-zag de aceea\u0219i culoare.<br \/>\nC\u0103ldura nu v\u0103 va opri cu tricoul sport Montercalo. Un design g\u00e2ndit pentru a ob\u021bine cele mai bune rezultate la antrenamente oferindu-v\u0103 confort maxim pentru a v\u0103 putea mi\u0219ca cu u\u0219urin\u021b\u0103.<\/p>\n<table border=\"1\" cellspacing=\"1\" cellpadding=\"4\" align=\"center\">\n<caption>Informatii tehnice suplimentare asupra produsului<\/caption>\n<tbody>\n<tr>\n<td style=\"text-align: center;\">Marimi<\/td>\n<td style=\"text-align: center;\">Masuri<br \/>\n(Latime\/Lungime)<\/td>\n<td style=\"text-align: center;\">Bucati<br \/>\npachet<\/td>\n<td style=\"text-align: center;\">Bucati<br \/>\ncutie<\/td>\n<\/tr>\n<tr>\n<td style=\"text-align: center;\"><strong>S<\/strong><\/td>\n<td style=\"text-align: center;\"><strong>[48cm\/70cm]<\/strong><\/td>\n<td style=\"text-align: center;\">5<\/td>\n<td style=\"text-align: center;\">50<\/td>\n<\/tr>\n<tr>\n<td style=\"text-align: center;\"><strong>M<\/strong><\/td>\n<td style=\"text-align: center;\"><strong>[51cm\/72cm]<\/strong><\/td>\n<td style=\"text-align: center;\">5<\/td>\n<td style=\"text-align: center;\">50<\/td>\n<\/tr>\n<tr>\n<td style=\"text-align: center;\"><strong>L<\/strong><\/td>\n<td style=\"text-align: center;\"><strong>[54cm\/73cm]<\/strong><\/td>\n<td style=\"text-align: center;\">5<\/td>\n<td style=\"text-align: center;\">50<\/td>\n<\/tr>\n<tr>\n<td style=\"text-align: center;\"><strong>XL<\/strong><\/td>\n<td style=\"text-align: center;\"><strong>[57cm\/74cm]<\/strong><\/td>\n<td style=\"text-align: center;\">5<\/td>\n<td style=\"text-align: center;\">50<\/td>\n<\/tr>\n<\/tbody>\n<\/table>\n","protected":false},"excerpt":{"rendered":"<p><span class=\"subtitleDetails\"><strong>Compozi\u021bie<\/strong><br \/>\n<\/span><span id=\"MainContent_vComposition\">100% poliester piqu\u00e9, 150 g\/m\u00b2.<\/span><\/p>\n<p><span class=\"subtitleDetails\"><strong>Comentarii<\/strong><br \/>\n<\/span><span id=\"MainContent_vObservation\">*Material respirabil ce se spal\u0103 \u0219i se usuc\u0103 u\u0219or. *Etichet\u0103 deta\u0219abil\u0103. *Material tehnic. *Disponibil pentru copii.<\/span><\/p>\n<p><span class=\"subtitleDetails\"><strong>Ambalare<\/strong><br \/>\n<\/span><span id=\"MainContent_Label4\">Pachet<\/span>\u00a0<span id=\"MainContent_vUnitsPack\">5<\/span>\u00a0<span id=\"MainContent_Label1\">unit\u0103\u021bi<\/span>\u00a0,\u00a0<span id=\"MainContent_Label5\">Cutie<\/span>\u00a0<span id=\"MainContent_vUnitsBox\">50<\/span>\u00a0<span id=\"MainContent_Label2\">unit\u0103\u021bi<\/span><\/p>\n<p><span class=\"subtitleDetails\"><strong>M\u0103rimi<\/strong><br \/>\n<\/span>Adul\u021bi S, M, L, XL.<\/p>\n","protected":false},"featured_media":877,"comment_status":"open","ping_status":"closed","template":"","meta":[],"product_brand":[],"product_cat":[20],"product_tag":[],"class_list":{"0":"post-1100","1":"product","2":"type-product","3":"status-publish","4":"has-post-thumbnail","6":"product_cat-synthetic","8":"first","9":"instock","10":"shipping-taxable","11":"purchasable","12":"product-type-variable"},"_links":{"self":[{"href":"https:\/\/www.inprint.md\/en\/wp-json\/wp\/v2\/product\/1100","targetHints":{"allow":["GET"]}}],"collection":[{"href":"https:\/\/www.inprint.md\/en\/wp-json\/wp\/v2\/product"}],"about":[{"href":"https:\/\/www.inprint.md\/en\/wp-json\/wp\/v2\/types\/product"}],"replies":[{"embeddable":true,"href":"https:\/\/www.inprint.md\/en\/wp-json\/wp\/v2\/comments?post=1100"}],"wp:featuredmedia":[{"embeddable":true,"href":"https:\/\/www.inprint.md\/en\/wp-json\/wp\/v2\/media\/877"}],"wp:attachment":[{"href":"https:\/\/www.inprint.md\/en\/wp-json\/wp\/v2\/media?parent=1100"}],"wp:term":[{"taxonomy":"product_brand","embeddable":true,"href":"https:\/\/www.inprint.md\/en\/wp-json\/wp\/v2\/product_brand?post=1100"},{"taxonomy":"product_cat","embeddable":true,"href":"https:\/\/www.inprint.md\/en\/wp-json\/wp\/v2\/product_cat?post=1100"},{"taxonomy":"product_tag","embeddable":true,"href":"https:\/\/www.inprint.md\/en\/wp-json\/wp\/v2\/product_tag?post=1100"}],"curies":[{"name":"wp","href":"https:\/\/api.w.org\/{rel}","templated":true}]}}