{"id":12161,"date":"2021-08-12T12:08:56","date_gmt":"2021-08-12T09:08:56","guid":{"rendered":"https:\/\/www.inprint.md\/?post_type=product&#038;p=12161"},"modified":"2026-01-15T09:18:42","modified_gmt":"2026-01-15T07:18:42","slug":"ballpen-hindres","status":"publish","type":"product","link":"https:\/\/www.inprint.md\/en\/product\/ballpen-hindres\/","title":{"rendered":"\u0428\u0430\u0440\u0438\u043a\u043e\u0432\u0430\u044f \u0440\u0443\u0447\u043a\u0430 Roly Hindres"},"content":{"rendered":"","protected":false},"excerpt":{"rendered":"<p>Pix din ABS cu buton. Corp alb \u0219i clips \u00eentr-o gam\u0103 variat\u0103 de culori. Min\u0103 albastr\u0103.<br \/>\n<span style=\"color: #ff0000;\">Se vinde c<\/span><span style=\"color: #ff0000;\">\u00e2te 50 bucati.<\/span><\/p>\n","protected":false},"featured_media":12167,"comment_status":"open","ping_status":"closed","template":"","meta":[],"product_brand":[],"product_cat":[75],"product_tag":[],"class_list":{"0":"post-12161","1":"product","2":"type-product","3":"status-publish","4":"has-post-thumbnail","6":"product_cat-othe","8":"first","9":"outofstock","10":"shipping-taxable","11":"purchasable","12":"product-type-variable"},"_links":{"self":[{"href":"https:\/\/www.inprint.md\/en\/wp-json\/wp\/v2\/product\/12161","targetHints":{"allow":["GET"]}}],"collection":[{"href":"https:\/\/www.inprint.md\/en\/wp-json\/wp\/v2\/product"}],"about":[{"href":"https:\/\/www.inprint.md\/en\/wp-json\/wp\/v2\/types\/product"}],"replies":[{"embeddable":true,"href":"https:\/\/www.inprint.md\/en\/wp-json\/wp\/v2\/comments?post=12161"}],"wp:featuredmedia":[{"embeddable":true,"href":"https:\/\/www.inprint.md\/en\/wp-json\/wp\/v2\/media\/12167"}],"wp:attachment":[{"href":"https:\/\/www.inprint.md\/en\/wp-json\/wp\/v2\/media?parent=12161"}],"wp:term":[{"taxonomy":"product_brand","embeddable":true,"href":"https:\/\/www.inprint.md\/en\/wp-json\/wp\/v2\/product_brand?post=12161"},{"taxonomy":"product_cat","embeddable":true,"href":"https:\/\/www.inprint.md\/en\/wp-json\/wp\/v2\/product_cat?post=12161"},{"taxonomy":"product_tag","embeddable":true,"href":"https:\/\/www.inprint.md\/en\/wp-json\/wp\/v2\/product_tag?post=12161"}],"curies":[{"name":"wp","href":"https:\/\/api.w.org\/{rel}","templated":true}]}}