{"id":954,"date":"2020-03-22T12:41:34","date_gmt":"2020-03-22T09:41:34","guid":{"rendered":"https:\/\/www.inprint.md\/?post_type=product&#038;p=954"},"modified":"2026-04-02T13:59:48","modified_gmt":"2026-04-02T10:59:48","slug":"roly-beagle","status":"publish","type":"product","link":"https:\/\/www.inprint.md\/en\/product\/roly-beagle\/","title":{"rendered":"Roly Beagle"},"content":{"rendered":"<p>Tricou Roly Beagle cu m\u00e2nec\u0103 scurt\u0103 \u015fi guler rotund dublu cu elastan, confec\u021bionat din material tubular. Are band\u0103 \u00eent\u0103rit\u0103 pentru acoperirea cus\u0103turii la guler.<br \/>\nUn articol cu care Roly garanteaz\u0103 maxim confort \u0219i catifelare.<\/p>\n<table border=\"1\" cellspacing=\"1\" cellpadding=\"4\" align=\"center\">\n<caption>Informatii tehnice suplimentare asupra produsului<\/caption>\n<tbody>\n<tr>\n<td style=\"text-align: center;\">Marimi<\/td>\n<td style=\"text-align: center;\">Masuri<br \/>\n(Latime\/Lungime)<\/td>\n<td style=\"text-align: center;\">Bucati<br \/>\npachet<\/td>\n<td style=\"text-align: center;\">Bucati<br \/>\ncutie<\/td>\n<\/tr>\n<tr>\n<td style=\"text-align: center;\"><strong>1\/2 ani<\/strong><\/td>\n<td style=\"text-align: center;\"><strong>[29cm\/39cm]<\/strong><\/td>\n<td style=\"text-align: center;\">5<\/td>\n<td style=\"text-align: center;\">100<\/td>\n<\/tr>\n<tr>\n<td style=\"text-align: center;\"><strong>3\/4 ani<\/strong><\/td>\n<td style=\"text-align: center;\"><strong>[32cm\/43cm]<\/strong><\/td>\n<td style=\"text-align: center;\">5<\/td>\n<td style=\"text-align: center;\">100<\/td>\n<\/tr>\n<tr>\n<td style=\"text-align: center;\"><strong>5\/6 aniL<\/strong><\/td>\n<td style=\"text-align: center;\"><strong>[35cm\/47cm]<\/strong><\/td>\n<td style=\"text-align: center;\">5<\/td>\n<td style=\"text-align: center;\">100<\/td>\n<\/tr>\n<tr>\n<td style=\"text-align: center;\"><strong>7\/8 ani<\/strong><\/td>\n<td style=\"text-align: center;\"><strong>[38cm\/51cm]<\/strong><\/td>\n<td style=\"text-align: center;\">5<\/td>\n<td style=\"text-align: center;\">100<\/td>\n<\/tr>\n<tr>\n<td style=\"text-align: center;\"><strong>9\/10 ani<\/strong><\/td>\n<td style=\"text-align: center;\"><strong>[41cm\/55cm]<\/strong><\/td>\n<td style=\"text-align: center;\">5<\/td>\n<td style=\"text-align: center;\">100<\/td>\n<\/tr>\n<tr>\n<td style=\"text-align: center;\"><strong>11\/12 ani<\/strong><\/td>\n<td style=\"text-align: center;\"><strong>[44cm\/59cm]<\/strong><\/td>\n<td style=\"text-align: center;\">5<\/td>\n<td style=\"text-align: center;\">100<\/td>\n<\/tr>\n<\/tbody>\n<\/table>\n","protected":false},"excerpt":{"rendered":"<p><strong>Compozi\u021bie<\/strong><br \/>\n100% bumbac, punct neted, 155 g\/m\u00b2.<\/p>\n<p><strong>Ambalare<\/strong><br \/>\nPachet 5 unit\u0103\u021bi , Cutie 100 unit\u0103\u021bi<\/p>\n<p>M\u0103rimi<br \/>\nCopii 1\/2 ANI, 3\/4 ANI, 5\/6 ANI, 7\/8 ANI, 9\/10 ANI, 11\/12 ANI<\/p>\n","protected":false},"featured_media":895,"comment_status":"open","ping_status":"closed","template":"","meta":[],"product_brand":[],"product_cat":[348,18],"product_tag":[],"class_list":{"0":"post-954","1":"product","2":"type-product","3":"status-publish","4":"has-post-thumbnail","6":"product_cat-textile","7":"product_cat-t-shirts","9":"first","10":"instock","11":"shipping-taxable","12":"purchasable","13":"product-type-variable"},"_links":{"self":[{"href":"https:\/\/www.inprint.md\/en\/wp-json\/wp\/v2\/product\/954","targetHints":{"allow":["GET"]}}],"collection":[{"href":"https:\/\/www.inprint.md\/en\/wp-json\/wp\/v2\/product"}],"about":[{"href":"https:\/\/www.inprint.md\/en\/wp-json\/wp\/v2\/types\/product"}],"replies":[{"embeddable":true,"href":"https:\/\/www.inprint.md\/en\/wp-json\/wp\/v2\/comments?post=954"}],"wp:featuredmedia":[{"embeddable":true,"href":"https:\/\/www.inprint.md\/en\/wp-json\/wp\/v2\/media\/895"}],"wp:attachment":[{"href":"https:\/\/www.inprint.md\/en\/wp-json\/wp\/v2\/media?parent=954"}],"wp:term":[{"taxonomy":"product_brand","embeddable":true,"href":"https:\/\/www.inprint.md\/en\/wp-json\/wp\/v2\/product_brand?post=954"},{"taxonomy":"product_cat","embeddable":true,"href":"https:\/\/www.inprint.md\/en\/wp-json\/wp\/v2\/product_cat?post=954"},{"taxonomy":"product_tag","embeddable":true,"href":"https:\/\/www.inprint.md\/en\/wp-json\/wp\/v2\/product_tag?post=954"}],"curies":[{"name":"wp","href":"https:\/\/api.w.org\/{rel}","templated":true}]}}