{"id":998,"date":"2020-03-22T13:53:23","date_gmt":"2020-03-22T10:53:23","guid":{"rendered":"https:\/\/www.inprint.md\/?post_type=product&#038;p=998"},"modified":"2026-04-04T13:47:52","modified_gmt":"2026-04-04T10:47:52","slug":"roly-jamaica","status":"publish","type":"product","link":"https:\/\/www.inprint.md\/en\/product\/roly-jamaica\/","title":{"rendered":"Roly Jamaica"},"content":{"rendered":"<p>Tricou cambrat cu m\u00e2nec\u0103 scurt\u0103, guler la baza g\u00e2tului dublu canelat 1&#215;1, band\u0103 \u00eent\u0103rit\u0103 pentru acoperirea cus\u0103turii la guler \u0219i umeri, cus\u0103turi laterale.<br \/>\nTricoul cu m\u00e2nec\u0103 scurt\u0103 \u0219i croial\u0103 cambrat\u0103 este un element de baz\u0103 \u00een garderoba oric\u0103rei dame.<\/p>\n<table border=\"1\" cellspacing=\"1\" cellpadding=\"4\" align=\"center\">\n<caption>Informatii tehnice suplimentare asupra produsului<\/caption>\n<tbody>\n<tr>\n<td style=\"text-align: center;\">Marimi<\/td>\n<td style=\"text-align: center;\">Masuri<br \/>\n(Latime\/Lungime)<\/td>\n<td style=\"text-align: center;\">Bucati<br \/>\npachet<\/td>\n<td style=\"text-align: center;\">Bucati<br \/>\ncutie<\/td>\n<\/tr>\n<tr>\n<td style=\"text-align: center;\"><strong>S<\/strong><\/td>\n<td style=\"text-align: center;\"><strong>[40cm\/60cm]<\/strong><\/td>\n<td style=\"text-align: center;\">5<\/td>\n<td style=\"text-align: center;\">100<\/td>\n<\/tr>\n<tr>\n<td style=\"text-align: center;\"><strong>M<\/strong><\/td>\n<td style=\"text-align: center;\"><strong>[43cm\/62cm]<\/strong><\/td>\n<td style=\"text-align: center;\">5<\/td>\n<td style=\"text-align: center;\">100<\/td>\n<\/tr>\n<tr>\n<td style=\"text-align: center;\"><strong>L<\/strong><\/td>\n<td style=\"text-align: center;\"><strong>[46cm\/64cm]<\/strong><\/td>\n<td style=\"text-align: center;\">5<\/td>\n<td style=\"text-align: center;\">100<\/td>\n<\/tr>\n<tr>\n<td style=\"text-align: center;\"><strong>XL<\/strong><\/td>\n<td style=\"text-align: center;\"><strong>[49cm\/66cm]<\/strong><\/td>\n<td style=\"text-align: center;\">5<\/td>\n<td style=\"text-align: center;\">100<\/td>\n<\/tr>\n<\/tbody>\n<\/table>\n","protected":false},"excerpt":{"rendered":"<p><strong><span class=\"subtitleDetails\">Compozi\u021bie<br \/>\n<\/span><\/strong><span id=\"MainContent_vComposition\">100% bumbac, punct neted, 155 g\/m\u00b2.<\/span><\/p>\n<p><strong><span class=\"subtitleDetails\">Ambalare<br \/>\n<\/span><\/strong><span id=\"MainContent_Label4\">Pachet<\/span>\u00a0<span id=\"MainContent_vUnitsPack\">5<\/span>\u00a0<span id=\"MainContent_Label1\">unit\u0103\u021bi<\/span>\u00a0,\u00a0<span id=\"MainContent_Label5\">Cutie<\/span>\u00a0<span id=\"MainContent_vUnitsBox\">100<\/span>\u00a0<span id=\"MainContent_Label2\">unit\u0103\u021bi<\/span><\/p>\n<p><span class=\"subtitleDetails\"><strong>M\u0103rimi<\/strong><br \/>\n<\/span>Adul\u021bi S, M, L, XL<\/p>\n","protected":false},"featured_media":904,"comment_status":"open","ping_status":"closed","template":"","meta":[],"product_brand":[],"product_cat":[348,18],"product_tag":[],"class_list":{"0":"post-998","1":"product","2":"type-product","3":"status-publish","4":"has-post-thumbnail","6":"product_cat-textile","7":"product_cat-t-shirts","9":"first","10":"instock","11":"shipping-taxable","12":"purchasable","13":"product-type-variable"},"_links":{"self":[{"href":"https:\/\/www.inprint.md\/en\/wp-json\/wp\/v2\/product\/998","targetHints":{"allow":["GET"]}}],"collection":[{"href":"https:\/\/www.inprint.md\/en\/wp-json\/wp\/v2\/product"}],"about":[{"href":"https:\/\/www.inprint.md\/en\/wp-json\/wp\/v2\/types\/product"}],"replies":[{"embeddable":true,"href":"https:\/\/www.inprint.md\/en\/wp-json\/wp\/v2\/comments?post=998"}],"wp:featuredmedia":[{"embeddable":true,"href":"https:\/\/www.inprint.md\/en\/wp-json\/wp\/v2\/media\/904"}],"wp:attachment":[{"href":"https:\/\/www.inprint.md\/en\/wp-json\/wp\/v2\/media?parent=998"}],"wp:term":[{"taxonomy":"product_brand","embeddable":true,"href":"https:\/\/www.inprint.md\/en\/wp-json\/wp\/v2\/product_brand?post=998"},{"taxonomy":"product_cat","embeddable":true,"href":"https:\/\/www.inprint.md\/en\/wp-json\/wp\/v2\/product_cat?post=998"},{"taxonomy":"product_tag","embeddable":true,"href":"https:\/\/www.inprint.md\/en\/wp-json\/wp\/v2\/product_tag?post=998"}],"curies":[{"name":"wp","href":"https:\/\/api.w.org\/{rel}","templated":true}]}}