{"id":1067,"date":"2020-03-22T15:07:41","date_gmt":"2020-03-22T12:07:41","guid":{"rendered":"https:\/\/www.inprint.md\/?post_type=product&#038;p=1067"},"modified":"2025-11-25T12:00:50","modified_gmt":"2025-11-25T10:00:50","slug":"cap-roly-basica","status":"publish","type":"product","link":"https:\/\/www.inprint.md\/rou\/product\/cap-roly-basica\/","title":{"rendered":"Cap Roly Basica"},"content":{"rendered":"<p>\u0218apc\u0103 \u00een 5 panouri. 2 g\u0103uri de ventila\u021bie brodate. 4 cus\u0103turi pe cozoroc. Band\u0103 interioar\u0103 pentru excesul de transpira\u021bie. Sistem de \u00eenchidere cu arici.<br \/>\nBasica este modelul clasic de \u0219apc\u0103 \u00een 5 panouri cu cozoroc rotunjit. Cu band\u0103 interioar\u0103 pentru excesul de transpira\u021bie \u0219i sistem de \u00eenchidere cu arici.<\/p>\n<table border=\"1\" cellspacing=\"1\" cellpadding=\"4\" align=\"center\">\n<caption>Informatii tehnice suplimentare asupra produsului<\/caption>\n<tbody>\n<tr>\n<td style=\"text-align: center;\">Marimi<\/td>\n<td style=\"text-align: center;\">Masuri<br \/>\n(Latime\/Lungime)<\/td>\n<td style=\"text-align: center;\">Bucati<br \/>\npachet<\/td>\n<td style=\"text-align: center;\">Bucati<br \/>\ncutie<\/td>\n<\/tr>\n<tr>\n<td style=\"text-align: center;\"><strong>One size<\/strong><\/td>\n<td style=\"text-align: center;\"><strong>[59cm\/17cm]<\/strong><\/td>\n<td style=\"text-align: center;\">25<\/td>\n<td style=\"text-align: center;\">300<\/td>\n<\/tr>\n<tr>\n<td style=\"text-align: center;\"><\/td>\n<td style=\"text-align: center;\"><\/td>\n<td style=\"text-align: center;\"><\/td>\n<td style=\"text-align: center;\"><\/td>\n<\/tr>\n<tr>\n<td style=\"text-align: center;\"><\/td>\n<td style=\"text-align: center;\"><\/td>\n<td style=\"text-align: center;\"><\/td>\n<td style=\"text-align: center;\"><\/td>\n<\/tr>\n<tr>\n<td style=\"text-align: center;\"><\/td>\n<td style=\"text-align: center;\"><\/td>\n<td style=\"text-align: center;\"><\/td>\n<td style=\"text-align: center;\"><\/td>\n<\/tr>\n<tr>\n<td style=\"text-align: center;\"><\/td>\n<td style=\"text-align: center;\"><\/td>\n<td style=\"text-align: center;\"><\/td>\n<td style=\"text-align: center;\"><\/td>\n<\/tr>\n<\/tbody>\n<\/table>\n","protected":false},"excerpt":{"rendered":"<p><strong>Compozi\u021bie<\/strong><br \/>\n80% poliester\/20% bumbac.<\/p>\n<p><span class=\"subtitleDetails\"><strong>Ambalare<\/strong><br \/>\n<\/span><span id=\"MainContent_Label4\">Pachet<\/span>\u00a0<span id=\"MainContent_vUnitsPack\">25<\/span>\u00a0<span id=\"MainContent_Label1\">unit\u0103\u021bi<\/span>\u00a0,\u00a0<span id=\"MainContent_Label5\">Cutie<\/span>\u00a0<span id=\"MainContent_vUnitsBox\">300<\/span>\u00a0<span id=\"MainContent_Label2\">unit\u0103\u021bi<\/span><\/p>\n<p><span class=\"subtitleDetails\"><strong>M\u0103rimi<\/strong><br \/>\n<\/span>Adul\u021bi Marime unica<\/p>\n","protected":false},"featured_media":809,"comment_status":"open","ping_status":"closed","template":"","meta":[],"product_brand":[],"product_cat":[22],"product_tag":[],"class_list":{"0":"post-1067","1":"product","2":"type-product","3":"status-publish","4":"has-post-thumbnail","6":"product_cat-caps","8":"first","9":"instock","10":"shipping-taxable","11":"purchasable","12":"product-type-variable"},"_links":{"self":[{"href":"https:\/\/www.inprint.md\/rou\/wp-json\/wp\/v2\/product\/1067","targetHints":{"allow":["GET"]}}],"collection":[{"href":"https:\/\/www.inprint.md\/rou\/wp-json\/wp\/v2\/product"}],"about":[{"href":"https:\/\/www.inprint.md\/rou\/wp-json\/wp\/v2\/types\/product"}],"replies":[{"embeddable":true,"href":"https:\/\/www.inprint.md\/rou\/wp-json\/wp\/v2\/comments?post=1067"}],"wp:featuredmedia":[{"embeddable":true,"href":"https:\/\/www.inprint.md\/rou\/wp-json\/wp\/v2\/media\/809"}],"wp:attachment":[{"href":"https:\/\/www.inprint.md\/rou\/wp-json\/wp\/v2\/media?parent=1067"}],"wp:term":[{"taxonomy":"product_brand","embeddable":true,"href":"https:\/\/www.inprint.md\/rou\/wp-json\/wp\/v2\/product_brand?post=1067"},{"taxonomy":"product_cat","embeddable":true,"href":"https:\/\/www.inprint.md\/rou\/wp-json\/wp\/v2\/product_cat?post=1067"},{"taxonomy":"product_tag","embeddable":true,"href":"https:\/\/www.inprint.md\/rou\/wp-json\/wp\/v2\/product_tag?post=1067"}],"curies":[{"name":"wp","href":"https:\/\/api.w.org\/{rel}","templated":true}]}}