{"id":10692,"date":"2021-05-21T13:05:37","date_gmt":"2021-05-21T10:05:37","guid":{"rendered":"https:\/\/www.inprint.md\/?post_type=product&#038;p=10692"},"modified":"2026-04-07T10:33:59","modified_gmt":"2026-04-07T07:33:59","slug":"roly-foldable-bag-dune-beige","status":"publish","type":"product","link":"https:\/\/www.inprint.md\/rou\/product\/roly-foldable-bag-dune-beige\/","title":{"rendered":"Saco\u0219\u0103 de cump\u0103r\u0103turi Roly Dune BEIGE"},"content":{"rendered":"","protected":false},"excerpt":{"rendered":"<p>Saco\u0219\u0103 de cump\u0103r\u0103turi Dune pliabil\u0103 100% bumbac 105 g\/m\u00b2. Cu m\u00e2nere lungi de 70 cm \u0219i cordon reglabil pentru pliere.<\/p>\n<p>Marimea: 37cm\/41cm<\/p>\n<p><strong>Compozitia:<\/strong><\/p>\n<p>100% bumbac, 150 g\/m2<\/p>\n","protected":false},"featured_media":10694,"comment_status":"open","ping_status":"closed","template":"","meta":[],"product_brand":[],"product_cat":[905],"product_tag":[],"class_list":{"0":"post-10692","1":"product","2":"type-product","3":"status-publish","4":"has-post-thumbnail","6":"product_cat-bags","8":"first","9":"instock","10":"shipping-taxable","11":"purchasable","12":"product-type-simple"},"_links":{"self":[{"href":"https:\/\/www.inprint.md\/rou\/wp-json\/wp\/v2\/product\/10692","targetHints":{"allow":["GET"]}}],"collection":[{"href":"https:\/\/www.inprint.md\/rou\/wp-json\/wp\/v2\/product"}],"about":[{"href":"https:\/\/www.inprint.md\/rou\/wp-json\/wp\/v2\/types\/product"}],"replies":[{"embeddable":true,"href":"https:\/\/www.inprint.md\/rou\/wp-json\/wp\/v2\/comments?post=10692"}],"wp:featuredmedia":[{"embeddable":true,"href":"https:\/\/www.inprint.md\/rou\/wp-json\/wp\/v2\/media\/10694"}],"wp:attachment":[{"href":"https:\/\/www.inprint.md\/rou\/wp-json\/wp\/v2\/media?parent=10692"}],"wp:term":[{"taxonomy":"product_brand","embeddable":true,"href":"https:\/\/www.inprint.md\/rou\/wp-json\/wp\/v2\/product_brand?post=10692"},{"taxonomy":"product_cat","embeddable":true,"href":"https:\/\/www.inprint.md\/rou\/wp-json\/wp\/v2\/product_cat?post=10692"},{"taxonomy":"product_tag","embeddable":true,"href":"https:\/\/www.inprint.md\/rou\/wp-json\/wp\/v2\/product_tag?post=10692"}],"curies":[{"name":"wp","href":"https:\/\/api.w.org\/{rel}","templated":true}]}}