{"id":1220,"date":"2020-03-22T22:27:56","date_gmt":"2020-03-22T19:27:56","guid":{"rendered":"https:\/\/www.inprint.md\/?post_type=product&#038;p=1220"},"modified":"2026-05-07T17:33:22","modified_gmt":"2026-05-07T14:33:22","slug":"roly-sweatshirt-montblanc","status":"publish","type":"product","link":"https:\/\/www.inprint.md\/rou\/product\/roly-sweatshirt-montblanc\/","title":{"rendered":"Roly Sweatshirt Montblanc"},"content":{"rendered":"<p>Hanorac casual cu glug\u0103 \u0219i fermoar. Detaliu canelat pe marginea glugii \u0219i a buzunarelor. Buzunar tip marsupiu. Talie \u0219i man\u0219ete canelate 2&#215;2.<br \/>\nHanorac cu glug\u0103 ce se potrive\u0219te \u00een orice moment al zilei. Designul s\u0103u v\u0103 va permite s\u0103 \u00eel utiliza\u021bi \u00een practica sportiv\u0103 de zi cu zi.<\/p>\n<table border=\"1\" cellspacing=\"1\" cellpadding=\"4\" align=\"center\">\n<caption>Informatii tehnice suplimentare asupra produsului<\/caption>\n<tbody>\n<tr>\n<td style=\"text-align: center;\">Marimi<\/td>\n<td style=\"text-align: center;\">Masuri<br \/>\n(Latime\/Lungime)<\/td>\n<td style=\"text-align: center;\">Bucati<br \/>\npachet<\/td>\n<td style=\"text-align: center;\">Bucati<br \/>\ncutie<\/td>\n<\/tr>\n<tr>\n<td style=\"text-align: center;\"><strong>S<\/strong><\/td>\n<td style=\"text-align: center;\"><strong>[54cm\/64cm]<\/strong><\/td>\n<td style=\"text-align: center;\">1<\/td>\n<td style=\"text-align: center;\">30<\/td>\n<\/tr>\n<tr>\n<td style=\"text-align: center;\"><strong>M<\/strong><\/td>\n<td style=\"text-align: center;\"><strong>[57cm\/67cm]<\/strong><\/td>\n<td style=\"text-align: center;\">1<\/td>\n<td style=\"text-align: center;\">30<\/td>\n<\/tr>\n<tr>\n<td style=\"text-align: center;\"><strong>L<\/strong><\/td>\n<td style=\"text-align: center;\"><strong>[60cm\/70cm]<\/strong><\/td>\n<td style=\"text-align: center;\">1<\/td>\n<td style=\"text-align: center;\">30<\/td>\n<\/tr>\n<tr>\n<td style=\"text-align: center;\"><strong>XL<\/strong><\/td>\n<td style=\"text-align: center;\"><strong>[63cm\/73cm]<\/strong><\/td>\n<td style=\"text-align: center;\">1<\/td>\n<td style=\"text-align: center;\">30<\/td>\n<\/tr>\n<tr>\n<td style=\"text-align: center;\"><strong>XXL<\/strong><\/td>\n<td style=\"text-align: center;\"><strong>[66cm\/76cm]<\/strong><\/td>\n<td style=\"text-align: center;\">1<\/td>\n<td style=\"text-align: center;\">30<\/td>\n<\/tr>\n<\/tbody>\n<\/table>\n","protected":false},"excerpt":{"rendered":"<p><span class=\"subtitleDetails\"><strong>Compozi\u021bie<\/strong><br \/>\n<\/span>50% bumbac \/ 50% poliester, v\u0103tuit pe interior, 280 g\/m\u00b2. 3% elastan la man\u0219ete.<\/p>\n<p><span class=\"subtitleDetails\"><strong>Comentarii<\/strong><br \/>\n<\/span><span id=\"MainContent_vObservation\">*Tratament antipilling.<br \/>\n*Disponibil pentru copii.<\/span><\/p>\n<p><span class=\"subtitleDetails\"><strong>Ambalare<\/strong><br \/>\n<\/span><span id=\"MainContent_Label4\">Pachet<\/span>\u00a0<span id=\"MainContent_vUnitsPack\">1<\/span>\u00a0<span id=\"MainContent_Label1\">Unitate<\/span>\u00a0,\u00a0<span id=\"MainContent_Label5\">Cutie<\/span>\u00a0<span id=\"MainContent_vUnitsBox\">25<\/span>\u00a0<span id=\"MainContent_Label2\">unit\u0103\u021bi<\/span><\/p>\n<p><span class=\"subtitleDetails\"><strong>M\u0103rimi<\/strong><br \/>\n<\/span>Adul\u021bi S, M, L, XL, XXL<\/p>\n","protected":false},"featured_media":869,"comment_status":"open","ping_status":"closed","template":"","meta":[],"product_brand":[],"product_cat":[21],"product_tag":[],"class_list":{"0":"post-1220","1":"product","2":"type-product","3":"status-publish","4":"has-post-thumbnail","6":"product_cat-sweatshirt","8":"first","9":"instock","10":"sale","11":"shipping-taxable","12":"purchasable","13":"product-type-variable"},"_links":{"self":[{"href":"https:\/\/www.inprint.md\/rou\/wp-json\/wp\/v2\/product\/1220","targetHints":{"allow":["GET"]}}],"collection":[{"href":"https:\/\/www.inprint.md\/rou\/wp-json\/wp\/v2\/product"}],"about":[{"href":"https:\/\/www.inprint.md\/rou\/wp-json\/wp\/v2\/types\/product"}],"replies":[{"embeddable":true,"href":"https:\/\/www.inprint.md\/rou\/wp-json\/wp\/v2\/comments?post=1220"}],"wp:featuredmedia":[{"embeddable":true,"href":"https:\/\/www.inprint.md\/rou\/wp-json\/wp\/v2\/media\/869"}],"wp:attachment":[{"href":"https:\/\/www.inprint.md\/rou\/wp-json\/wp\/v2\/media?parent=1220"}],"wp:term":[{"taxonomy":"product_brand","embeddable":true,"href":"https:\/\/www.inprint.md\/rou\/wp-json\/wp\/v2\/product_brand?post=1220"},{"taxonomy":"product_cat","embeddable":true,"href":"https:\/\/www.inprint.md\/rou\/wp-json\/wp\/v2\/product_cat?post=1220"},{"taxonomy":"product_tag","embeddable":true,"href":"https:\/\/www.inprint.md\/rou\/wp-json\/wp\/v2\/product_tag?post=1220"}],"curies":[{"name":"wp","href":"https:\/\/api.w.org\/{rel}","templated":true}]}}