{"id":16656,"date":"2022-06-23T12:07:44","date_gmt":"2022-06-23T09:07:44","guid":{"rendered":"https:\/\/www.inprint.md\/?post_type=product&#038;p=16656"},"modified":"2026-04-27T09:30:11","modified_gmt":"2026-04-27T06:30:11","slug":"magnetic-sheet-with-adhesive-4503050-3mm","status":"publish","type":"product","link":"https:\/\/www.inprint.md\/rou\/product\/magnetic-sheet-with-adhesive-4503050-3mm\/","title":{"rendered":"Foi de vinil magnetice 450*305*0.3mm"},"content":{"rendered":"<p><iframe title=\"\u041c\u0430\u0433\u043d\u0438\u0442\u043d\u044b\u0439 \u0432\u0438\u043d\u0438\u043b\" width=\"500\" height=\"281\" src=\"https:\/\/www.youtube.com\/embed\/ZptUh3z0490?feature=oembed\" frameborder=\"0\" allow=\"accelerometer; autoplay; clipboard-write; encrypted-media; gyroscope; picture-in-picture; web-share\" referrerpolicy=\"strict-origin-when-cross-origin\" allowfullscreen><\/iframe><\/p>\n","protected":false},"excerpt":{"rendered":"<p><span style=\"font-weight: bold;\">Tip<\/span><span style=\"font-weight: normal;\">: Foi de vinil magnetice <\/span><span style=\"font-weight: bold;\"><br \/>Lungime<\/span>: 450 mm<br \/><span style=\"font-weight: bold;\">Latime<\/span>: 305 mm<br \/><span style=\"font-weight: bold;\">Grosime<\/span>: 0,3 mm<br \/><span style=\"font-weight: bold;\">Strat adeziv<\/span>: Da<br \/><span style=\"font-weight: bold;\">Este utilizat pentru fabricarea de<\/span>: c\u0103r\u021bi de vizit\u0103 pe baz\u0103 magnetic\u0103, jocuri magnetice, magne\u021bi cu logoul companiei, magne\u021bi publicitari plati, magne\u021bi foto, planoare magnetice, magne\u021bi pentru frigider suvenir, puzzle-uri magnetice, diverse produse suvenire<\/p>\n","protected":false},"featured_media":16654,"comment_status":"open","ping_status":"closed","template":"","meta":[],"product_brand":[],"product_cat":[933],"product_tag":[],"class_list":{"0":"post-16656","1":"product","2":"type-product","3":"status-publish","4":"has-post-thumbnail","6":"product_cat-magnetic-vinyl","8":"first","9":"instock","10":"shipping-taxable","11":"purchasable","12":"product-type-simple"},"_links":{"self":[{"href":"https:\/\/www.inprint.md\/rou\/wp-json\/wp\/v2\/product\/16656","targetHints":{"allow":["GET"]}}],"collection":[{"href":"https:\/\/www.inprint.md\/rou\/wp-json\/wp\/v2\/product"}],"about":[{"href":"https:\/\/www.inprint.md\/rou\/wp-json\/wp\/v2\/types\/product"}],"replies":[{"embeddable":true,"href":"https:\/\/www.inprint.md\/rou\/wp-json\/wp\/v2\/comments?post=16656"}],"wp:featuredmedia":[{"embeddable":true,"href":"https:\/\/www.inprint.md\/rou\/wp-json\/wp\/v2\/media\/16654"}],"wp:attachment":[{"href":"https:\/\/www.inprint.md\/rou\/wp-json\/wp\/v2\/media?parent=16656"}],"wp:term":[{"taxonomy":"product_brand","embeddable":true,"href":"https:\/\/www.inprint.md\/rou\/wp-json\/wp\/v2\/product_brand?post=16656"},{"taxonomy":"product_cat","embeddable":true,"href":"https:\/\/www.inprint.md\/rou\/wp-json\/wp\/v2\/product_cat?post=16656"},{"taxonomy":"product_tag","embeddable":true,"href":"https:\/\/www.inprint.md\/rou\/wp-json\/wp\/v2\/product_tag?post=16656"}],"curies":[{"name":"wp","href":"https:\/\/api.w.org\/{rel}","templated":true}]}}