{"id":1684,"date":"2020-03-24T21:02:31","date_gmt":"2020-03-24T19:02:31","guid":{"rendered":"https:\/\/www.inprint.md\/product\/aluminium-board-1015cm-0-5mm-white\/"},"modified":"2026-01-15T09:20:41","modified_gmt":"2026-01-15T07:20:41","slug":"aluminium-board-1015cm-0-5mm-white","status":"publish","type":"product","link":"https:\/\/www.inprint.md\/rou\/product\/aluminium-board-1015cm-0-5mm-white\/","title":{"rendered":"Placa din aluminiu (10*15cm\/0,5mm) White"},"content":{"rendered":"","protected":false},"excerpt":{"rendered":"<p><span style=\"font-weight: bold;\">Tip<\/span><span style=\"font-weight: normal;\">: <\/span><span style=\"font-weight: normal;\">Placa din aluminiu <\/span><span style=\"font-weight: bold;\"><br \/>Lungimea<\/span>: 10cm<br \/><span style=\"font-weight: bold;\">Inaltimea<\/span>: 15cm<br \/><span style=\"font-weight: bold;\">Grosimea<\/span>: 0.5mm<br \/><span style=\"font-weight: bold;\">Culoare<\/span>: Alb<br \/><span style=\"font-weight: bold;\">Suprafata<\/span>: Glossy<br \/><span style=\"font-weight: bold;\">Calitate<\/span>: Grade A<br \/><span style=\"font-weight: bold;\">Material<\/span>: Aluminiu<br \/><span style=\"font-weight: bold;\">Nota<\/span>: Suprafa\u021ba imprimat\u0103 este acoperit\u0103 cu pelicul\u0103<\/p>\n","protected":false},"featured_media":464,"comment_status":"open","ping_status":"closed","template":"","meta":[],"product_brand":[],"product_cat":[70],"product_tag":[],"class_list":{"0":"post-1684","1":"product","2":"type-product","3":"status-publish","4":"has-post-thumbnail","6":"product_cat-aluminium-boards","8":"first","9":"outofstock","10":"shipping-taxable","11":"purchasable","12":"product-type-simple"},"_links":{"self":[{"href":"https:\/\/www.inprint.md\/rou\/wp-json\/wp\/v2\/product\/1684","targetHints":{"allow":["GET"]}}],"collection":[{"href":"https:\/\/www.inprint.md\/rou\/wp-json\/wp\/v2\/product"}],"about":[{"href":"https:\/\/www.inprint.md\/rou\/wp-json\/wp\/v2\/types\/product"}],"replies":[{"embeddable":true,"href":"https:\/\/www.inprint.md\/rou\/wp-json\/wp\/v2\/comments?post=1684"}],"wp:featuredmedia":[{"embeddable":true,"href":"https:\/\/www.inprint.md\/rou\/wp-json\/wp\/v2\/media\/464"}],"wp:attachment":[{"href":"https:\/\/www.inprint.md\/rou\/wp-json\/wp\/v2\/media?parent=1684"}],"wp:term":[{"taxonomy":"product_brand","embeddable":true,"href":"https:\/\/www.inprint.md\/rou\/wp-json\/wp\/v2\/product_brand?post=1684"},{"taxonomy":"product_cat","embeddable":true,"href":"https:\/\/www.inprint.md\/rou\/wp-json\/wp\/v2\/product_cat?post=1684"},{"taxonomy":"product_tag","embeddable":true,"href":"https:\/\/www.inprint.md\/rou\/wp-json\/wp\/v2\/product_tag?post=1684"}],"curies":[{"name":"wp","href":"https:\/\/api.w.org\/{rel}","templated":true}]}}