{"id":17390,"date":"2022-08-09T16:00:50","date_gmt":"2022-08-09T13:00:50","guid":{"rendered":"https:\/\/www.inprint.md\/?post_type=product&#038;p=17390"},"modified":"2025-10-15T13:28:41","modified_gmt":"2025-10-15T10:28:41","slug":"index-divider-12-pages-matt-a4150mic","status":"publish","type":"product","link":"https:\/\/www.inprint.md\/rou\/product\/index-divider-12-pages-matt-a4150mic\/","title":{"rendered":"Index din plastic mat cu enumerare (1-12) cu 12 sectiuni"},"content":{"rendered":"","protected":false},"excerpt":{"rendered":"<p><span style=\"font-weight: bold;\">Denumire:<\/span><span style=\"font-weight: normal;\"> Index A4 din plastic perforat<\/span><span style=\"font-weight: bold;\"><br \/>Dimensiunea foii: <\/span><span style=\"font-weight: normal;\">A4<\/span><span style=\"font-weight: bold;\"><br \/>Num\u0103r de sec\u021biuni: <\/span><span style=\"font-weight: normal;\">12 (1-12)<br \/><\/span><span style=\"font-weight: bold;\">Suprafata<\/span><span style=\"font-weight: normal;\">: Mat<\/span><span style=\"font-weight: bold;\"><br \/>Tip material: <\/span><span style=\"font-weight: normal;\">Polipropilen\u0103<\/span><span style=\"font-weight: bold;\"><br \/>Grosimea materialului: <\/span><span style=\"font-weight: normal;\">150 mic<\/span><span style=\"font-weight: bold;\"><br \/>Aplica\u021bie: <\/span><span style=\"font-weight: normal;\">Ideal pentru stocarea, contabilizarea, clasificarea \u0219i organizarea convenabil\u0103 a documentelor, facilit\u00e2nd g\u0103sirea articolelor potrivite<\/span><\/p>\n","protected":false},"featured_media":17499,"comment_status":"open","ping_status":"closed","template":"","meta":[],"product_brand":[],"product_cat":[941],"product_tag":[],"class_list":{"0":"post-17390","1":"product","2":"type-product","3":"status-publish","4":"has-post-thumbnail","6":"product_cat-indexdivider","8":"first","9":"instock","10":"shipping-taxable","11":"purchasable","12":"product-type-simple"},"_links":{"self":[{"href":"https:\/\/www.inprint.md\/rou\/wp-json\/wp\/v2\/product\/17390","targetHints":{"allow":["GET"]}}],"collection":[{"href":"https:\/\/www.inprint.md\/rou\/wp-json\/wp\/v2\/product"}],"about":[{"href":"https:\/\/www.inprint.md\/rou\/wp-json\/wp\/v2\/types\/product"}],"replies":[{"embeddable":true,"href":"https:\/\/www.inprint.md\/rou\/wp-json\/wp\/v2\/comments?post=17390"}],"wp:featuredmedia":[{"embeddable":true,"href":"https:\/\/www.inprint.md\/rou\/wp-json\/wp\/v2\/media\/17499"}],"wp:attachment":[{"href":"https:\/\/www.inprint.md\/rou\/wp-json\/wp\/v2\/media?parent=17390"}],"wp:term":[{"taxonomy":"product_brand","embeddable":true,"href":"https:\/\/www.inprint.md\/rou\/wp-json\/wp\/v2\/product_brand?post=17390"},{"taxonomy":"product_cat","embeddable":true,"href":"https:\/\/www.inprint.md\/rou\/wp-json\/wp\/v2\/product_cat?post=17390"},{"taxonomy":"product_tag","embeddable":true,"href":"https:\/\/www.inprint.md\/rou\/wp-json\/wp\/v2\/product_tag?post=17390"}],"curies":[{"name":"wp","href":"https:\/\/api.w.org\/{rel}","templated":true}]}}