{"id":17924,"date":"2022-09-08T12:21:08","date_gmt":"2022-09-08T09:21:08","guid":{"rendered":"https:\/\/www.inprint.md\/?post_type=product&#038;p=17924"},"modified":"2026-03-26T16:38:15","modified_gmt":"2026-03-26T14:38:15","slug":"portrait-carrier-cut-mat-8-3t","status":"publish","type":"product","link":"https:\/\/www.inprint.md\/rou\/product\/portrait-carrier-cut-mat-8-3t\/","title":{"rendered":"Carrier pentru plotter Portrait 20cmx30cm CUT-MAT-8-3T"},"content":{"rendered":"","protected":false},"excerpt":{"rendered":"<p><span style=\"font-weight: bold;\">Cod furnizor<\/span>: CUT-MAT-8-3T<br \/><span style=\"font-weight: bold;\">Dimensiunea c\u00e2mpului de t\u0103iere<\/span>: 20 cm \u0445 30 cm<br \/><span style=\"font-weight: bold;\">Fixare cu lipici<\/span>: Medie<br \/><span style=\"font-weight: bold;\">Materiale de t\u0103iat<\/span>: carton, PAL, \u021bes\u0103tur\u0103, h\u00e2rtie magnetic\u0103, foamiran etc.<br \/><span style=\"font-weight: bold;\">Compatibilitate<\/span>: <span style=\"background-color: #ffffff;color: #333333;font-family: Aptos Narrow;font-size: 12pt;font-style: normal;font-weight: normal;line-height: 1.15;text-align: left;\">Silhouette Cameo\/ Cameo 2\/ Cameo 3\/ Cameo 4, Plus, Pro\/ Cameo 5, Plus\/ Cameo Pro MK-ll\/ Portrait\/ Portrat 2\/ Portrait 3\/ Portrait 4\/ Curio 2<\/span><\/p>\n","protected":false},"featured_media":17927,"comment_status":"open","ping_status":"closed","template":"","meta":[],"product_brand":[],"product_cat":[82],"product_tag":[945,908],"class_list":{"0":"post-17924","1":"product","2":"type-product","3":"status-publish","4":"has-post-thumbnail","6":"product_cat-zip","7":"product_tag-portrait","8":"product_tag-silhouette","10":"first","11":"instock","12":"shipping-taxable","13":"purchasable","14":"product-type-simple"},"_links":{"self":[{"href":"https:\/\/www.inprint.md\/rou\/wp-json\/wp\/v2\/product\/17924","targetHints":{"allow":["GET"]}}],"collection":[{"href":"https:\/\/www.inprint.md\/rou\/wp-json\/wp\/v2\/product"}],"about":[{"href":"https:\/\/www.inprint.md\/rou\/wp-json\/wp\/v2\/types\/product"}],"replies":[{"embeddable":true,"href":"https:\/\/www.inprint.md\/rou\/wp-json\/wp\/v2\/comments?post=17924"}],"wp:featuredmedia":[{"embeddable":true,"href":"https:\/\/www.inprint.md\/rou\/wp-json\/wp\/v2\/media\/17927"}],"wp:attachment":[{"href":"https:\/\/www.inprint.md\/rou\/wp-json\/wp\/v2\/media?parent=17924"}],"wp:term":[{"taxonomy":"product_brand","embeddable":true,"href":"https:\/\/www.inprint.md\/rou\/wp-json\/wp\/v2\/product_brand?post=17924"},{"taxonomy":"product_cat","embeddable":true,"href":"https:\/\/www.inprint.md\/rou\/wp-json\/wp\/v2\/product_cat?post=17924"},{"taxonomy":"product_tag","embeddable":true,"href":"https:\/\/www.inprint.md\/rou\/wp-json\/wp\/v2\/product_tag?post=17924"}],"curies":[{"name":"wp","href":"https:\/\/api.w.org\/{rel}","templated":true}]}}