{"id":18388,"date":"2022-10-13T14:20:40","date_gmt":"2022-10-13T11:20:40","guid":{"rendered":"https:\/\/www.inprint.md\/en\/?post_type=product&#038;p=18388"},"modified":"2026-01-15T09:20:46","modified_gmt":"2026-01-15T07:20:46","slug":"faux-rhinestone-transfer-sheet-heart-107-5cm","status":"publish","type":"product","link":"https:\/\/www.inprint.md\/rou\/product\/faux-rhinestone-transfer-sheet-heart-107-5cm\/","title":{"rendered":"Folie cu strasuri termoadezive desen HEART (10*7.5cm)"},"content":{"rendered":"","protected":false},"excerpt":{"rendered":"<p><span style=\"font-weight: bold;\">Tip<\/span><span style=\"font-weight: normal;\">: Folie cu strasuri termoadezive desen HEART<\/span><span style=\"font-weight: normal;\"><br \/><\/span><span style=\"font-weight: bold;\">Dimensiune<\/span>: 10*7.5 \u0441m<br \/><span style=\"font-weight: bold;\">Material<\/span>: Strasuri decorative<br \/><span style=\"font-weight: bold;\">Model<\/span>: HEART<br \/><span style=\"font-weight: bold;\">Set\u0103ri de imprimare<\/span>: 110C \/ 30 secunde. Substratul se separa dup\u0103 r\u0103cirea complet\u0103.<\/p>\n","protected":false},"featured_media":18389,"comment_status":"open","ping_status":"closed","template":"","meta":[],"product_brand":[],"product_cat":[75],"product_tag":[],"class_list":{"0":"post-18388","1":"product","2":"type-product","3":"status-publish","4":"has-post-thumbnail","6":"product_cat-othe","8":"first","9":"instock","10":"shipping-taxable","11":"purchasable","12":"product-type-simple"},"_links":{"self":[{"href":"https:\/\/www.inprint.md\/rou\/wp-json\/wp\/v2\/product\/18388","targetHints":{"allow":["GET"]}}],"collection":[{"href":"https:\/\/www.inprint.md\/rou\/wp-json\/wp\/v2\/product"}],"about":[{"href":"https:\/\/www.inprint.md\/rou\/wp-json\/wp\/v2\/types\/product"}],"replies":[{"embeddable":true,"href":"https:\/\/www.inprint.md\/rou\/wp-json\/wp\/v2\/comments?post=18388"}],"wp:featuredmedia":[{"embeddable":true,"href":"https:\/\/www.inprint.md\/rou\/wp-json\/wp\/v2\/media\/18389"}],"wp:attachment":[{"href":"https:\/\/www.inprint.md\/rou\/wp-json\/wp\/v2\/media?parent=18388"}],"wp:term":[{"taxonomy":"product_brand","embeddable":true,"href":"https:\/\/www.inprint.md\/rou\/wp-json\/wp\/v2\/product_brand?post=18388"},{"taxonomy":"product_cat","embeddable":true,"href":"https:\/\/www.inprint.md\/rou\/wp-json\/wp\/v2\/product_cat?post=18388"},{"taxonomy":"product_tag","embeddable":true,"href":"https:\/\/www.inprint.md\/rou\/wp-json\/wp\/v2\/product_tag?post=18388"}],"curies":[{"name":"wp","href":"https:\/\/api.w.org\/{rel}","templated":true}]}}