{"id":18399,"date":"2022-10-11T14:15:36","date_gmt":"2022-10-11T11:15:36","guid":{"rendered":"https:\/\/www.inprint.md\/?post_type=product&#038;p=18399"},"modified":"2026-01-15T09:20:46","modified_gmt":"2026-01-15T07:20:46","slug":"faux-rhinestone-transfer-sheet-balloon-68cm","status":"publish","type":"product","link":"https:\/\/www.inprint.md\/rou\/product\/faux-rhinestone-transfer-sheet-balloon-68cm\/","title":{"rendered":"Folie cu strasuri termoadezive desen BALLOON (6*8cm)"},"content":{"rendered":"","protected":false},"excerpt":{"rendered":"<p><span style=\"font-weight: bold;\">Tip<\/span><span style=\"font-weight: normal;\">: Folie cu strasuri termoadezive desen BALLOON<\/span><span style=\"font-weight: bold;\"><br \/>Dimensiune<\/span>: 6*8 cm<br \/><span style=\"font-weight: bold;\">Material<\/span>: Strasuri decorative<br \/><span style=\"font-weight: bold;\">Model<\/span>: BALLOON<br \/><span style=\"font-weight: bold;\">Set\u0103ri de imprimare<\/span>: 110C \/ 30 secunde. Substratul se separa dup\u0103 r\u0103cirea complet\u0103.<\/p>\n","protected":false},"featured_media":18400,"comment_status":"open","ping_status":"closed","template":"","meta":[],"product_brand":[],"product_cat":[75],"product_tag":[],"class_list":{"0":"post-18399","1":"product","2":"type-product","3":"status-publish","4":"has-post-thumbnail","6":"product_cat-othe","8":"first","9":"instock","10":"shipping-taxable","11":"purchasable","12":"product-type-simple"},"_links":{"self":[{"href":"https:\/\/www.inprint.md\/rou\/wp-json\/wp\/v2\/product\/18399","targetHints":{"allow":["GET"]}}],"collection":[{"href":"https:\/\/www.inprint.md\/rou\/wp-json\/wp\/v2\/product"}],"about":[{"href":"https:\/\/www.inprint.md\/rou\/wp-json\/wp\/v2\/types\/product"}],"replies":[{"embeddable":true,"href":"https:\/\/www.inprint.md\/rou\/wp-json\/wp\/v2\/comments?post=18399"}],"wp:featuredmedia":[{"embeddable":true,"href":"https:\/\/www.inprint.md\/rou\/wp-json\/wp\/v2\/media\/18400"}],"wp:attachment":[{"href":"https:\/\/www.inprint.md\/rou\/wp-json\/wp\/v2\/media?parent=18399"}],"wp:term":[{"taxonomy":"product_brand","embeddable":true,"href":"https:\/\/www.inprint.md\/rou\/wp-json\/wp\/v2\/product_brand?post=18399"},{"taxonomy":"product_cat","embeddable":true,"href":"https:\/\/www.inprint.md\/rou\/wp-json\/wp\/v2\/product_cat?post=18399"},{"taxonomy":"product_tag","embeddable":true,"href":"https:\/\/www.inprint.md\/rou\/wp-json\/wp\/v2\/product_tag?post=18399"}],"curies":[{"name":"wp","href":"https:\/\/api.w.org\/{rel}","templated":true}]}}