{"id":1903,"date":"2020-03-24T21:03:15","date_gmt":"2020-03-24T19:03:15","guid":{"rendered":"https:\/\/www.inprint.md\/product\/mug-11oz-fringe-color-orange\/"},"modified":"2026-03-12T11:34:07","modified_gmt":"2026-03-12T09:34:07","slug":"mug-11oz-fringe-color-orange","status":"publish","type":"product","link":"https:\/\/www.inprint.md\/rou\/product\/mug-11oz-fringe-color-orange\/","title":{"rendered":"Cana pentru sublimare 11oz (330ml) margina si miner portocaliu"},"content":{"rendered":"","protected":false},"excerpt":{"rendered":"<p><span style=\"font-weight: bold;\">Tip: <\/span><span style=\"font-weight: normal;\">Cana pentru sublimare margina si miner portocaliu<\/span><span style=\"font-weight: bold;\"><br \/>Capacitate<\/span>: 330ml<br \/><span style=\"font-weight: bold;\">Inaltimea<\/span>: 9,5cm<br \/><span style=\"font-weight: bold;\">Diametru<\/span>: 8.2cm<br \/><span style=\"font-weight: bold;\">Culoare<\/span>: Alb cu margina si miner portocaliu<br \/><span style=\"font-weight: bold;\">Suprafata<\/span>: Glossy<br \/><span style=\"font-weight: bold;\">Calitate<\/span>: Grade A<br \/><span style=\"font-weight: bold;\">Material<\/span>: Ceramic<\/p>\n<p><\/p>\n<p>In cutie 36 buc<\/p>\n<p><\/p>\n<p>Parametri de referinta pentru presa pentru cani: 180\u0421, 120 sec<\/p>\n<p><\/p>\n<p><span style=\"background-color: #ffffff;color: #ff0000;font-family: Arial;font-size: 10pt;font-style: normal;font-weight: bold;line-height: 1.15;\">Aten\u0163ie!!!<br \/><\/span><span style=\"background-color: #ffffff;color: #ff0000;font-family: Arial;font-size: 10pt;font-style: normal;font-weight: bold;line-height: 1.15;\">Acest produs este v\u00e2ndut \u00een cantit\u0103\u021bi a c\u00eete 12 buc\u0103\u021bi (adic\u0103 12, 24, 36 etc.)<\/span><\/p>\n","protected":false},"featured_media":599,"comment_status":"open","ping_status":"closed","template":"","meta":[],"product_brand":[],"product_cat":[61],"product_tag":[],"class_list":{"0":"post-1903","1":"product","2":"type-product","3":"status-publish","4":"has-post-thumbnail","6":"product_cat-fringe-color","8":"first","9":"instock","10":"shipping-taxable","11":"purchasable","12":"product-type-simple"},"_links":{"self":[{"href":"https:\/\/www.inprint.md\/rou\/wp-json\/wp\/v2\/product\/1903","targetHints":{"allow":["GET"]}}],"collection":[{"href":"https:\/\/www.inprint.md\/rou\/wp-json\/wp\/v2\/product"}],"about":[{"href":"https:\/\/www.inprint.md\/rou\/wp-json\/wp\/v2\/types\/product"}],"replies":[{"embeddable":true,"href":"https:\/\/www.inprint.md\/rou\/wp-json\/wp\/v2\/comments?post=1903"}],"wp:featuredmedia":[{"embeddable":true,"href":"https:\/\/www.inprint.md\/rou\/wp-json\/wp\/v2\/media\/599"}],"wp:attachment":[{"href":"https:\/\/www.inprint.md\/rou\/wp-json\/wp\/v2\/media?parent=1903"}],"wp:term":[{"taxonomy":"product_brand","embeddable":true,"href":"https:\/\/www.inprint.md\/rou\/wp-json\/wp\/v2\/product_brand?post=1903"},{"taxonomy":"product_cat","embeddable":true,"href":"https:\/\/www.inprint.md\/rou\/wp-json\/wp\/v2\/product_cat?post=1903"},{"taxonomy":"product_tag","embeddable":true,"href":"https:\/\/www.inprint.md\/rou\/wp-json\/wp\/v2\/product_tag?post=1903"}],"curies":[{"name":"wp","href":"https:\/\/api.w.org\/{rel}","templated":true}]}}