{"id":19444,"date":"2022-12-08T15:12:27","date_gmt":"2022-12-08T13:12:27","guid":{"rendered":"https:\/\/www.inprint.md\/?post_type=product&#038;p=19444"},"modified":"2026-04-21T14:18:27","modified_gmt":"2026-04-21T11:18:27","slug":"hot-sealing-machine-fkr200","status":"publish","type":"product","link":"https:\/\/www.inprint.md\/rou\/product\/hot-sealing-machine-fkr200\/","title":{"rendered":"Masini de etansare termica manuala FKR200"},"content":{"rendered":"","protected":false},"excerpt":{"rendered":"<p><span style=\"font-weight: bold;\">Model<\/span>: FKR-200<br \/><span style=\"font-weight: bold;\">Descriere<\/span>: FKR-200 este util pentru sigilarea manual\u0103 a pungilor mari \u0219i grele. Este perfect\u0103 pentru ateliere mici, industrii mici, oriunde ave\u021bi nevoie s\u0103 \u00eempacheta\u021bi rapid \u0219i mobil pachetele mari \u0219i grele cu produse.Se folose\u0219te \u00eenc\u0103lzirea constant\u0103, ceea ce face posibil\u0103 sigilarea foliilor groase.<br \/><span style=\"font-weight: bold;\">L\u0103\u021bime de sigilare<\/span>: 10 mm<br \/><span style=\"font-weight: bold;\">Dimensiune de lucru<\/span>: 200 mm<br \/><span style=\"font-weight: bold;\">Putere<\/span>: 300W<br \/><span style=\"font-weight: bold;\">Temp.<\/span>: 0-300\u00b0C<\/p>\n","protected":false},"featured_media":19445,"comment_status":"open","ping_status":"closed","template":"","meta":[],"product_brand":[],"product_cat":[934],"product_tag":[],"class_list":{"0":"post-19444","1":"product","2":"type-product","3":"status-publish","4":"has-post-thumbnail","6":"product_cat-misc","8":"first","9":"outofstock","10":"shipping-taxable","11":"purchasable","12":"product-type-simple"},"_links":{"self":[{"href":"https:\/\/www.inprint.md\/rou\/wp-json\/wp\/v2\/product\/19444","targetHints":{"allow":["GET"]}}],"collection":[{"href":"https:\/\/www.inprint.md\/rou\/wp-json\/wp\/v2\/product"}],"about":[{"href":"https:\/\/www.inprint.md\/rou\/wp-json\/wp\/v2\/types\/product"}],"replies":[{"embeddable":true,"href":"https:\/\/www.inprint.md\/rou\/wp-json\/wp\/v2\/comments?post=19444"}],"wp:featuredmedia":[{"embeddable":true,"href":"https:\/\/www.inprint.md\/rou\/wp-json\/wp\/v2\/media\/19445"}],"wp:attachment":[{"href":"https:\/\/www.inprint.md\/rou\/wp-json\/wp\/v2\/media?parent=19444"}],"wp:term":[{"taxonomy":"product_brand","embeddable":true,"href":"https:\/\/www.inprint.md\/rou\/wp-json\/wp\/v2\/product_brand?post=19444"},{"taxonomy":"product_cat","embeddable":true,"href":"https:\/\/www.inprint.md\/rou\/wp-json\/wp\/v2\/product_cat?post=19444"},{"taxonomy":"product_tag","embeddable":true,"href":"https:\/\/www.inprint.md\/rou\/wp-json\/wp\/v2\/product_tag?post=19444"}],"curies":[{"name":"wp","href":"https:\/\/api.w.org\/{rel}","templated":true}]}}