{"id":1970,"date":"2020-03-24T21:03:29","date_gmt":"2020-03-24T19:03:29","guid":{"rendered":"https:\/\/www.inprint.md\/product\/mug-15oz-white-grade-a\/"},"modified":"2026-03-06T14:35:40","modified_gmt":"2026-03-06T12:35:40","slug":"mug-15oz-white-grade-a","status":"publish","type":"product","link":"https:\/\/www.inprint.md\/rou\/product\/mug-15oz-white-grade-a\/","title":{"rendered":"Cana pentru sublimare  15oz (450ml) alba"},"content":{"rendered":"","protected":false},"excerpt":{"rendered":"<p><span style=\"font-weight: bold;\">Descriere: <\/span><span style=\"font-weight: normal;\">Cana pentru sublimare pentru realizarea suvenirurilor<\/span><span style=\"font-weight: bold;\"><br \/>Capacitate<\/span>: 450ml<br \/><span style=\"font-weight: bold;\">Inaltimea<\/span>: 11.7cm<br \/><span style=\"font-weight: bold;\">Diametru<\/span>: 8.5cm<br \/><span style=\"font-weight: bold;\">Culoare<\/span>: Alb<br \/><span style=\"font-weight: bold;\">Suprafata<\/span>: Glossy<br \/><span style=\"font-weight: bold;\">Calitate<\/span>: Grade A<br \/><span style=\"font-weight: bold;\">Material<\/span>: Ceramic<\/p>\n<p><\/p>\n<p>In cutie 36 buc<\/p>\n<p><\/p>\n<p>Parametri de referinta pentru presa pentru cani: 180\u0421, 120 sec<\/p>\n<p><\/p>\n<p><span style=\"background-color: #ffffff;color: #ff0000;font-family: Arial;font-size: 10pt;font-style: normal;font-weight: bold;line-height: 1.15;\">Aten\u0163ie!!!<br \/><\/span><span style=\"background-color: #ffffff;color: #ff0000;font-family: Arial;font-size: 10pt;font-style: normal;font-weight: bold;line-height: 1.15;\">Acest produs este v\u00e2ndut \u00een cantit\u0103\u021bi a c\u00eete 12 buc\u0103\u021bi (adic\u0103 12, 24, 36 etc.)<\/span><\/p>\n","protected":false},"featured_media":773,"comment_status":"open","ping_status":"closed","template":"","meta":[],"product_brand":[],"product_cat":[67],"product_tag":[],"class_list":{"0":"post-1970","1":"product","2":"type-product","3":"status-publish","4":"has-post-thumbnail","6":"product_cat-white-mugs","8":"first","9":"instock","10":"shipping-taxable","11":"purchasable","12":"product-type-simple"},"_links":{"self":[{"href":"https:\/\/www.inprint.md\/rou\/wp-json\/wp\/v2\/product\/1970","targetHints":{"allow":["GET"]}}],"collection":[{"href":"https:\/\/www.inprint.md\/rou\/wp-json\/wp\/v2\/product"}],"about":[{"href":"https:\/\/www.inprint.md\/rou\/wp-json\/wp\/v2\/types\/product"}],"replies":[{"embeddable":true,"href":"https:\/\/www.inprint.md\/rou\/wp-json\/wp\/v2\/comments?post=1970"}],"wp:featuredmedia":[{"embeddable":true,"href":"https:\/\/www.inprint.md\/rou\/wp-json\/wp\/v2\/media\/773"}],"wp:attachment":[{"href":"https:\/\/www.inprint.md\/rou\/wp-json\/wp\/v2\/media?parent=1970"}],"wp:term":[{"taxonomy":"product_brand","embeddable":true,"href":"https:\/\/www.inprint.md\/rou\/wp-json\/wp\/v2\/product_brand?post=1970"},{"taxonomy":"product_cat","embeddable":true,"href":"https:\/\/www.inprint.md\/rou\/wp-json\/wp\/v2\/product_cat?post=1970"},{"taxonomy":"product_tag","embeddable":true,"href":"https:\/\/www.inprint.md\/rou\/wp-json\/wp\/v2\/product_tag?post=1970"}],"curies":[{"name":"wp","href":"https:\/\/api.w.org\/{rel}","templated":true}]}}