{"id":19982,"date":"2023-01-09T09:55:10","date_gmt":"2023-01-09T07:55:10","guid":{"rendered":"https:\/\/www.inprint.md\/?post_type=product&#038;p=19982"},"modified":"2026-04-21T14:18:30","modified_gmt":"2026-04-21T11:18:30","slug":"vacuum-cleaner-toner-service-atrix-hctv","status":"publish","type":"product","link":"https:\/\/www.inprint.md\/rou\/product\/vacuum-cleaner-toner-service-atrix-hctv\/","title":{"rendered":"Aspirator pentru toner Atrix HCTV"},"content":{"rendered":"","protected":false},"excerpt":{"rendered":"<p><span style=\"font-weight: bold;\">Tip<\/span><span style=\"font-weight: normal;\">: Aspirator pentru toner<\/span><span style=\"font-weight: bold;\"><br \/>Producator<\/span>: Atrix ATIHCTV5F<br \/><span style=\"font-weight: bold;\">Tensiune<\/span>: 220V 50-60HZ<br \/><span style=\"font-weight: bold;\">Putere<\/span>: 450 W<br \/><span style=\"font-weight: bold;\">Nivel de zgomot<\/span><span>: 73 dB<\/span><br \/><span style=\"font-weight: bold;\">Dimensiune aspirator<\/span>: 630&#215;450 mm<br \/><span style=\"font-weight: bold;\">Greutate<\/span>: 9,5 kg<br \/><span style=\"font-weight: bold;\">Complectatie<\/span>: Furtun, duz\u0103 lung\u0103, duz\u0103 pentru fisuri, suport pe ro\u021bi, cablu de alimentare<br \/>Atrix High Capacity Ultrafine ATIHCTV5F este ideal pentru particule mici \u00een medii sensibile la ESD, inclusiv: produc\u021bie, laborator de cercetare \u0219i dezvoltare, imprimante de mare volum, recondi\u021bionare cartu\u0219 de toner, recondi\u021bionare copiatoare\/imprimante, repara\u021bii\/renov\u0103ri electronice.<\/p>\n","protected":false},"featured_media":19986,"comment_status":"open","ping_status":"closed","template":"","meta":[],"product_brand":[],"product_cat":[79],"product_tag":[],"class_list":{"0":"post-19982","1":"product","2":"type-product","3":"status-publish","4":"has-post-thumbnail","6":"product_cat-toner-cleaner-machine","8":"first","9":"outofstock","10":"shipping-taxable","11":"purchasable","12":"product-type-simple"},"_links":{"self":[{"href":"https:\/\/www.inprint.md\/rou\/wp-json\/wp\/v2\/product\/19982","targetHints":{"allow":["GET"]}}],"collection":[{"href":"https:\/\/www.inprint.md\/rou\/wp-json\/wp\/v2\/product"}],"about":[{"href":"https:\/\/www.inprint.md\/rou\/wp-json\/wp\/v2\/types\/product"}],"replies":[{"embeddable":true,"href":"https:\/\/www.inprint.md\/rou\/wp-json\/wp\/v2\/comments?post=19982"}],"wp:featuredmedia":[{"embeddable":true,"href":"https:\/\/www.inprint.md\/rou\/wp-json\/wp\/v2\/media\/19986"}],"wp:attachment":[{"href":"https:\/\/www.inprint.md\/rou\/wp-json\/wp\/v2\/media?parent=19982"}],"wp:term":[{"taxonomy":"product_brand","embeddable":true,"href":"https:\/\/www.inprint.md\/rou\/wp-json\/wp\/v2\/product_brand?post=19982"},{"taxonomy":"product_cat","embeddable":true,"href":"https:\/\/www.inprint.md\/rou\/wp-json\/wp\/v2\/product_cat?post=19982"},{"taxonomy":"product_tag","embeddable":true,"href":"https:\/\/www.inprint.md\/rou\/wp-json\/wp\/v2\/product_tag?post=19982"}],"curies":[{"name":"wp","href":"https:\/\/api.w.org\/{rel}","templated":true}]}}