{"id":20349,"date":"2023-02-07T10:56:57","date_gmt":"2023-02-07T08:56:57","guid":{"rendered":"https:\/\/www.inprint.md\/?post_type=product&#038;p=20349"},"modified":"2026-04-21T14:18:34","modified_gmt":"2026-04-21T11:18:34","slug":"sheet-feeder-letter","status":"publish","type":"product","link":"https:\/\/www.inprint.md\/rou\/product\/sheet-feeder-letter\/","title":{"rendered":"Alimentator automat de foi A4 pentru Cameo 4"},"content":{"rendered":"<p><iframe title=\"Meet the Silhouette Auto Sheet Feeder\" width=\"500\" height=\"281\" src=\"https:\/\/www.youtube.com\/embed\/qW16GanEhJM?feature=oembed\" frameborder=\"0\" allow=\"accelerometer; autoplay; clipboard-write; encrypted-media; gyroscope; picture-in-picture; web-share\" referrerpolicy=\"strict-origin-when-cross-origin\" allowfullscreen><\/iframe><\/p>\n","protected":false},"excerpt":{"rendered":"<p><span style=\"font-weight: bold;\">Cod de furnizor<\/span>: SHEET-FEEDER-LETTER<br \/><span style=\"font-weight: bold;\">Dimensiunea materialelor mpatibile<\/span>: A4 (210 mm x 297 mm)<br \/><span style=\"font-weight: bold;\">Tipuri de suporturi compatibile<\/span>: H\u00eertie autocolanta, h\u00eertie foto \u0219i alte materiale rigide in foi<br \/><span style=\"font-weight: bold;\">Capacitate maxim\u0103 de material<\/span>: 20 de foi<br \/><span style=\"font-weight: bold;\">Ma\u0219ini de taiat compatibile<\/span>: <span style=\"background-color: #ffffff;color: #333333;font-family: Aptos Narrow;font-size: 12pt;font-style: normal;font-weight: normal;line-height: 1.15;\">Silhouette Cameo 4\/ Cameo 5 \/ Portrait 3 \/ Portrait 4<\/span><br \/><span style=\"font-weight: bold;\">I<\/span><span style=\"font-weight: bold;\">nterfa\u021ba<\/span>: USB 2.0 de mare vitez\u0103<br \/>Alimentatorul automat de foi este o ma\u0219in\u0103 auxiliar\u0103 care alimenteaz\u0103 automat un teanc de materiale de foi prin ma\u0219ina de t\u0103iat, economisind timp \u0219i stres asociat cu \u00eenc\u0103rcarea \u0219i desc\u0103rcarea fiec\u0103rui design in ma\u0219in\u0103 de taiat<\/p>\n","protected":false},"featured_media":20355,"comment_status":"open","ping_status":"closed","template":"","meta":[],"product_brand":[],"product_cat":[82],"product_tag":[893],"class_list":{"0":"post-20349","1":"product","2":"type-product","3":"status-publish","4":"has-post-thumbnail","6":"product_cat-zip","7":"product_tag-cameo-4","9":"first","10":"instock","11":"shipping-taxable","12":"purchasable","13":"product-type-simple"},"_links":{"self":[{"href":"https:\/\/www.inprint.md\/rou\/wp-json\/wp\/v2\/product\/20349","targetHints":{"allow":["GET"]}}],"collection":[{"href":"https:\/\/www.inprint.md\/rou\/wp-json\/wp\/v2\/product"}],"about":[{"href":"https:\/\/www.inprint.md\/rou\/wp-json\/wp\/v2\/types\/product"}],"replies":[{"embeddable":true,"href":"https:\/\/www.inprint.md\/rou\/wp-json\/wp\/v2\/comments?post=20349"}],"wp:featuredmedia":[{"embeddable":true,"href":"https:\/\/www.inprint.md\/rou\/wp-json\/wp\/v2\/media\/20355"}],"wp:attachment":[{"href":"https:\/\/www.inprint.md\/rou\/wp-json\/wp\/v2\/media?parent=20349"}],"wp:term":[{"taxonomy":"product_brand","embeddable":true,"href":"https:\/\/www.inprint.md\/rou\/wp-json\/wp\/v2\/product_brand?post=20349"},{"taxonomy":"product_cat","embeddable":true,"href":"https:\/\/www.inprint.md\/rou\/wp-json\/wp\/v2\/product_cat?post=20349"},{"taxonomy":"product_tag","embeddable":true,"href":"https:\/\/www.inprint.md\/rou\/wp-json\/wp\/v2\/product_tag?post=20349"}],"curies":[{"name":"wp","href":"https:\/\/api.w.org\/{rel}","templated":true}]}}