{"id":20562,"date":"2023-02-15T11:33:07","date_gmt":"2023-02-15T09:33:07","guid":{"rendered":"https:\/\/www.inprint.md\/?post_type=product&#038;p=20562"},"modified":"2026-04-21T14:18:27","modified_gmt":"2026-04-21T11:18:27","slug":"flatbed-cutting-plotter-graphtec-fcx4000-60es","status":"publish","type":"product","link":"https:\/\/www.inprint.md\/rou\/product\/flatbed-cutting-plotter-graphtec-fcx4000-60es\/","title":{"rendered":"Plotter de taiere plat Graphtec FCX4000-60ES"},"content":{"rendered":"<p><iframe title=\"[FCX series] Introducing &quot;FCX2000 series&quot; &amp; &quot;FCX4000 series&quot;\" width=\"500\" height=\"281\" src=\"https:\/\/www.youtube.com\/embed\/j3QhleEnLmQ?feature=oembed\" frameborder=\"0\" allow=\"accelerometer; autoplay; clipboard-write; encrypted-media; gyroscope; picture-in-picture; web-share\" referrerpolicy=\"strict-origin-when-cross-origin\" allowfullscreen><\/iframe><\/p>\n","protected":false},"excerpt":{"rendered":"<p>&#8211; Seria FCX4000 este un plotter de t\u0103iere plat de format mic. Fixarea electrostatic\u0103 a suportului \u00eel face foarte potrivit pentru lucr\u0103ri de precizie cu medii u\u0219oare. Acest  plotter de t\u0103iere este o solu\u021bie economic\u0103 pentru tiraje mici(suportul op\u021bional ST113 nu este inclus)<br \/>&#8211; Zona de lucru: 976 x 660 mm<br \/>&#8211; Servomotoare digitale<br \/>&#8211; Mod tangen\u021bial pentru motive complexe pe medii groase<br \/>&#8211; Crea\u021bi, t\u0103ia\u021bi, \u00eendoi\u021bi, desena\u021bi, perfora\u021bi<br \/>&#8211; Cap de taiere dublu cu forta de taiere de pana la 600g<br \/>&#8211; Lucru din spatele suportului media pentru linii de pliere perfecte<br \/>&#8211; Performan\u021b\u0103 ridicat\u0103 prin gestionarea codurilor de bare<br \/>&#8211; Dimensiune : 1.405 x 1.069 x 204 mm<br \/>&#8211; Dimensiune inclusiv suport (L x A x H): 1.405 x 1.069 x 896 mm<br \/>&#8211; Greutate: Aprox. 38kg<br \/>&#8211; Greutate inclusiv suport: aprox. 55 kg<\/p>\n<p><span style=\"color: #ff0000;font-weight: bold;\">Disponibil la precomanda<\/span><\/p>\n","protected":false},"featured_media":20564,"comment_status":"open","ping_status":"closed","template":"","meta":[],"product_brand":[],"product_cat":[81],"product_tag":[910],"class_list":{"0":"post-20562","1":"product","2":"type-product","3":"status-publish","4":"has-post-thumbnail","6":"product_cat-cutting-plotters","7":"product_tag-graphtec","9":"first","10":"onbackorder","11":"shipping-taxable","12":"purchasable","13":"product-type-simple"},"_links":{"self":[{"href":"https:\/\/www.inprint.md\/rou\/wp-json\/wp\/v2\/product\/20562","targetHints":{"allow":["GET"]}}],"collection":[{"href":"https:\/\/www.inprint.md\/rou\/wp-json\/wp\/v2\/product"}],"about":[{"href":"https:\/\/www.inprint.md\/rou\/wp-json\/wp\/v2\/types\/product"}],"replies":[{"embeddable":true,"href":"https:\/\/www.inprint.md\/rou\/wp-json\/wp\/v2\/comments?post=20562"}],"wp:featuredmedia":[{"embeddable":true,"href":"https:\/\/www.inprint.md\/rou\/wp-json\/wp\/v2\/media\/20564"}],"wp:attachment":[{"href":"https:\/\/www.inprint.md\/rou\/wp-json\/wp\/v2\/media?parent=20562"}],"wp:term":[{"taxonomy":"product_brand","embeddable":true,"href":"https:\/\/www.inprint.md\/rou\/wp-json\/wp\/v2\/product_brand?post=20562"},{"taxonomy":"product_cat","embeddable":true,"href":"https:\/\/www.inprint.md\/rou\/wp-json\/wp\/v2\/product_cat?post=20562"},{"taxonomy":"product_tag","embeddable":true,"href":"https:\/\/www.inprint.md\/rou\/wp-json\/wp\/v2\/product_tag?post=20562"}],"curies":[{"name":"wp","href":"https:\/\/api.w.org\/{rel}","templated":true}]}}