{"id":20601,"date":"2023-02-16T14:45:39","date_gmt":"2023-02-16T12:45:39","guid":{"rendered":"https:\/\/www.inprint.md\/?post_type=product&#038;p=20601"},"modified":"2026-03-05T12:11:27","modified_gmt":"2026-03-05T10:11:27","slug":"mug-11oz-innerhandle-color-lake-blue","status":"publish","type":"product","link":"https:\/\/www.inprint.md\/rou\/product\/mug-11oz-innerhandle-color-lake-blue\/","title":{"rendered":"Cana pentru sublimare cu interior si miner colorat 11oz (330ml) LAKE BLUE"},"content":{"rendered":"","protected":false},"excerpt":{"rendered":"<p><span style=\"font-weight: bold;\">Tip: <\/span><span style=\"font-weight: normal;\">Cana pentru sublimare cu interior si miner colorat negru<\/span><span style=\"font-weight: bold;\"><br \/>Capacitate<\/span>: 330ml<br \/><span style=\"font-weight: bold;\">Inaltimea<\/span>: 9,5cm<br \/><span style=\"font-weight: bold;\">Diametru<\/span>: 8.2cm<br \/><span style=\"font-weight: bold;\">Culoare<\/span>: Alb cu interior si miner colorat Lake Blue<br \/><span style=\"font-weight: bold;\">Suprafata<\/span>: Glossy<br \/><span style=\"font-weight: bold;\">Calitate<\/span>: Grade A<br \/><span style=\"font-weight: bold;\">Material<\/span>: Ceramic<\/p>\n<p><\/p>\n<p>In cutie 36 buc<\/p>\n<p><\/p>\n<p>Parametri de referinta pentru presa pentru cani: 180\u0421, 120 sec<\/p>\n<p><\/p>\n<p><span style=\"background-color: #ffffff;color: #ff0000;font-family: Arial;font-size: 10pt;font-style: normal;font-weight: bold;line-height: 1.15;\">Aten\u0163ie!!!<br \/><\/span><span style=\"background-color: #ffffff;color: #ff0000;font-family: Arial;font-size: 10pt;font-style: normal;font-weight: bold;line-height: 1.15;\">Acest produs este v\u00e2ndut \u00een cantit\u0103\u021bi a c\u00eete 12 buc\u0103\u021bi (adic\u0103 12, 24, 36 etc.)<\/span><\/p>\n","protected":false},"featured_media":20603,"comment_status":"open","ping_status":"closed","template":"","meta":[],"product_brand":[],"product_cat":[130],"product_tag":[],"class_list":{"0":"post-20601","1":"product","2":"type-product","3":"status-publish","4":"has-post-thumbnail","6":"product_cat-innerhandle-color","8":"first","9":"instock","10":"shipping-taxable","11":"purchasable","12":"product-type-simple"},"_links":{"self":[{"href":"https:\/\/www.inprint.md\/rou\/wp-json\/wp\/v2\/product\/20601","targetHints":{"allow":["GET"]}}],"collection":[{"href":"https:\/\/www.inprint.md\/rou\/wp-json\/wp\/v2\/product"}],"about":[{"href":"https:\/\/www.inprint.md\/rou\/wp-json\/wp\/v2\/types\/product"}],"replies":[{"embeddable":true,"href":"https:\/\/www.inprint.md\/rou\/wp-json\/wp\/v2\/comments?post=20601"}],"wp:featuredmedia":[{"embeddable":true,"href":"https:\/\/www.inprint.md\/rou\/wp-json\/wp\/v2\/media\/20603"}],"wp:attachment":[{"href":"https:\/\/www.inprint.md\/rou\/wp-json\/wp\/v2\/media?parent=20601"}],"wp:term":[{"taxonomy":"product_brand","embeddable":true,"href":"https:\/\/www.inprint.md\/rou\/wp-json\/wp\/v2\/product_brand?post=20601"},{"taxonomy":"product_cat","embeddable":true,"href":"https:\/\/www.inprint.md\/rou\/wp-json\/wp\/v2\/product_cat?post=20601"},{"taxonomy":"product_tag","embeddable":true,"href":"https:\/\/www.inprint.md\/rou\/wp-json\/wp\/v2\/product_tag?post=20601"}],"curies":[{"name":"wp","href":"https:\/\/api.w.org\/{rel}","templated":true}]}}