{"id":21336,"date":"2023-03-28T09:17:41","date_gmt":"2023-03-28T06:17:41","guid":{"rendered":"https:\/\/www.inprint.md\/?post_type=product&#038;p=21336"},"modified":"2025-11-27T14:58:41","modified_gmt":"2025-11-27T12:58:41","slug":"roland-truevis-ap-640","status":"publish","type":"product","link":"https:\/\/www.inprint.md\/rou\/product\/roland-truevis-ap-640\/","title":{"rendered":"Resin Printer Roland TrueVis AP-640"},"content":{"rendered":"<p><iframe title=\"Roland TrueVIS AP-640 \/ Roland AP-640\" width=\"500\" height=\"281\" src=\"https:\/\/www.youtube.com\/embed\/LbsCmD4q7dw?feature=oembed\" frameborder=\"0\" allow=\"accelerometer; autoplay; clipboard-write; encrypted-media; gyroscope; picture-in-picture; web-share\" referrerpolicy=\"strict-origin-when-cross-origin\" allowfullscreen><\/iframe><\/p>\n","protected":false},"excerpt":{"rendered":"<p><span style=\"font-weight: bold;\">Model<\/span>: Roland TrueVis AP-640 imprimant\u0103 de format mare cu cerneal\u0103 polimeric\u0103 pe baz\u0103 de ap\u0103<br \/><span style=\"font-weight: bold;\">Metoda de imprimare<\/span>: Metoda piezo-jet <br \/><span style=\"font-weight: bold;\">L\u0103\u021bimea suportului<\/span>: 259 p\u00e2n\u0103 la 1625 mm<br \/><span style=\"font-weight: bold;\">Grosimea suportului<\/span>: Max. 1,0 mm cu c\u0103ptu\u0219eal\u0103<br \/><span style=\"font-weight: bold;\">Diametru exterior rola<\/span>: Max. 250 mm<br \/><span style=\"font-weight: bold;\">Greutate rola<\/span>: Max. 45 kg<br \/><span style=\"font-weight: bold;\">Diametrul miezului<\/span>: 76,2 mm sau 50,8 mm<br \/><span style=\"font-weight: bold;\">Latime de imprimare<\/span>: Max. 1615 mm<br \/><span style=\"font-weight: bold;\">Culori de cerneal\u0103<\/span>: Patru culori (cian, magenta, galben \u0219i negru) <br \/><span style=\"font-weight: bold;\">Rezolu\u021bie de imprimare<\/span>: Max. 1200 dpi<br \/><span style=\"font-weight: bold;\">Sistem de uscare a cernelii<\/span>: Temperatura setat\u0103 a \u00eenc\u0103lzitorului de imprimare: 25 p\u00e2n\u0103 la 45\u00b0C \/ Temperatura setat\u0103 a usc\u0103torului: 70 p\u00e2n\u0103 la 110\u00b0C<br \/><span style=\"font-weight: bold;\">Conectivitate<\/span>: Ethernet (100BASE-TX\/1000BASE-T, comutare automat\u0103)<br \/><span style=\"font-weight: bold;\">Consumul de energie \u00een timpul func\u021bion\u0103rii<\/span>: Aprox. 4000 W<br \/><span style=\"font-weight: bold;\">Consumul de energie \u00een modul repaus<\/span>: Aprox. 65 W<br \/><span style=\"font-weight: bold;\">Nivelul de zgomot acustic \u00een timpul func\u021bion\u0103rii<\/span>: 69 dB (A) sau mai pu\u021bin<br \/><span style=\"font-weight: bold;\">Nivelul de zgomot acustic \u00een timpul standby<\/span>: 53 dB (A) sau mai pu\u021bin<br \/><span style=\"font-weight: bold;\">Dimensiuni (cu suport)<\/span>: 2886 mm x 836 mm x 1550 mm<br \/><span style=\"font-weight: bold;\">Greutate (cu suport)<\/span>: 266 kg<br \/><span style=\"font-weight: bold;\">Articole incluse<\/span>: Suport , cabluri de alimentare, usc\u0103toare, unitate de preluare a materialului,cu\u021bit de separare, lam\u0103 de schimb, sticl\u0103 de lichid de cur\u0103\u021bare pentru \u00eentre\u021binere, sticl\u0103 de scurgere, manual de utilizare, software (VersaWorks, Roland DG Connect), etc. <span style=\"color: #ff0000;\">Cartusele nu sunt incluse in set<\/span><span><\/p>\n<p><\/span><span style=\"color: #ff0000;\">Pretul se poate modifica in momentul comenzii, pentru detalii, contactati managerii de vanzari<\/span><\/p>\n","protected":false},"featured_media":21425,"comment_status":"open","ping_status":"closed","template":"","meta":[],"product_brand":[],"product_cat":[969],"product_tag":[],"class_list":{"0":"post-21336","1":"product","2":"type-product","3":"status-publish","4":"has-post-thumbnail","6":"product_cat-roland","8":"first","9":"onbackorder","10":"shipping-taxable","11":"purchasable","12":"product-type-simple"},"_links":{"self":[{"href":"https:\/\/www.inprint.md\/rou\/wp-json\/wp\/v2\/product\/21336","targetHints":{"allow":["GET"]}}],"collection":[{"href":"https:\/\/www.inprint.md\/rou\/wp-json\/wp\/v2\/product"}],"about":[{"href":"https:\/\/www.inprint.md\/rou\/wp-json\/wp\/v2\/types\/product"}],"replies":[{"embeddable":true,"href":"https:\/\/www.inprint.md\/rou\/wp-json\/wp\/v2\/comments?post=21336"}],"wp:featuredmedia":[{"embeddable":true,"href":"https:\/\/www.inprint.md\/rou\/wp-json\/wp\/v2\/media\/21425"}],"wp:attachment":[{"href":"https:\/\/www.inprint.md\/rou\/wp-json\/wp\/v2\/media?parent=21336"}],"wp:term":[{"taxonomy":"product_brand","embeddable":true,"href":"https:\/\/www.inprint.md\/rou\/wp-json\/wp\/v2\/product_brand?post=21336"},{"taxonomy":"product_cat","embeddable":true,"href":"https:\/\/www.inprint.md\/rou\/wp-json\/wp\/v2\/product_cat?post=21336"},{"taxonomy":"product_tag","embeddable":true,"href":"https:\/\/www.inprint.md\/rou\/wp-json\/wp\/v2\/product_tag?post=21336"}],"curies":[{"name":"wp","href":"https:\/\/api.w.org\/{rel}","templated":true}]}}