{"id":21426,"date":"2023-03-29T13:49:04","date_gmt":"2023-03-29T10:49:04","guid":{"rendered":"https:\/\/www.inprint.md\/?post_type=product&#038;p=21426"},"modified":"2025-11-27T14:58:42","modified_gmt":"2025-11-27T12:58:42","slug":"roland-bn-20a","status":"publish","type":"product","link":"https:\/\/www.inprint.md\/rou\/product\/roland-bn-20a\/","title":{"rendered":"Eco Solvent Printer\/Cutter Roland BN-20A"},"content":{"rendered":"<p><iframe title=\"Roland BN-20 &amp; BN-20A | What&#039;s Best for Your Business?\" width=\"500\" height=\"281\" src=\"https:\/\/www.youtube.com\/embed\/Xdg1aPx6Zf0?feature=oembed\" frameborder=\"0\" allow=\"accelerometer; autoplay; clipboard-write; encrypted-media; gyroscope; picture-in-picture; web-share\" referrerpolicy=\"strict-origin-when-cross-origin\" allowfullscreen><\/iframe><\/p>\n","protected":false},"excerpt":{"rendered":"<p><span style=\"font-weight: bold;\">Model<\/span>: Roland BN-20 Desktop Eco Solvent  Printer\/Cutter<br \/><span style=\"font-weight: bold;\">L\u0103\u021bimea materialului<\/span>: 150 p\u00e2n\u0103 la 515 mm<br \/><span style=\"font-weight: bold;\">Grosimea materialului<\/span>: Max. 1,0 mm cu c\u0103ptu\u0219eal\u0103, imprimabil\u0103 \/ Max. 0,4 mm cu c\u0103ptu\u0219eal\u0103 \u0219i 0,22 mm f\u0103r\u0103 c\u0103ptu\u0219eal\u0103, pentru t\u0103iere<br \/><span style=\"font-weight: bold;\">Greutate rola<\/span>: Max. 6 kg<br \/><span style=\"font-weight: bold;\">Diametru exterior rola<\/span>: Max. 150 mm<br \/><span style=\"font-weight: bold;\">Diametrul tubului<\/span>: 76,2 mm sau 50,8 mm<br \/><span style=\"font-weight: bold;\">Latime de imprimare\/taiere<\/span>: Max. 480 mm<br \/><span style=\"font-weight: bold;\">Tip de cerneal\u0103 \u0219i capacitate<\/span>: ECO-SOL MAX3 cartu\u0219e, 220 ml<br \/><span style=\"font-weight: bold;\">Culori de cerneal\u0103<\/span>: 4 culori (cian, magenta, galben, negru)<br \/><span style=\"font-weight: bold;\">Rezolu\u021bie de imprimare<\/span>: Max. 1440 dpi<br \/><span style=\"font-weight: bold;\">Tip lam\u0103 de t\u0103iere<\/span>: Compatibil cu seria Roland CAMM-1<br \/><span style=\"font-weight: bold;\">Deplasarea lamei<\/span>: 0,25 mm<br \/><span style=\"font-weight: bold;\">Viteza de taiere<\/span>: 10 pana la 150 mm\/s<br \/><span style=\"font-weight: bold;\">For\u021ba de presiune a lamei<\/span>: 30 p\u00e2n\u0103 la 300 gf<br \/><span style=\"font-weight: bold;\">Rezolu\u021bie software (la t\u0103iere)<\/span>: 0,025 mm\/pas<br \/><span style=\"font-weight: bold;\">Precizia distan\u021bei (imprimat\u0103)<\/span>: Mai pu\u021bin de \u00b10,3% din distan\u021ba parcurs\u0103 sau \u00b10,3 mm, oricare dintre acestea este mai mare<br \/><span style=\"font-weight: bold;\">Precizia distan\u021bei (la t\u0103iere)<\/span>: Mai pu\u021bin de \u00b10,4% din distan\u021ba parcurs\u0103 sau \u00b10,3 mm, oricare dintre acestea este mai mare<br \/><span style=\"font-weight: bold;\">Precizie de repetare (la t\u0103iere)<\/span> : \u00b10,1 mm sau mai pu\u021bin<br \/><span style=\"font-weight: bold;\">Precizia alinierii imprim\u0103rii \u0219i t\u0103ierii<\/span>: \u00b10,5 mm sau mai pu\u021bin<br \/><span style=\"font-weight: bold;\">Precizia de aliniere pentru imprimare \u0219i t\u0103iere la re\u00eenc\u0103rcarea suportului<\/span>: Mai pu\u021bin de \u00b10,5% din distan\u021ba parcurs\u0103 sau \u00b13 mm, oricare dintre acestea este mai mare<br \/><span style=\"font-weight: bold;\">Incalzitor de imprimare<\/span>: Temperatura 35\u00b0C<br \/><span style=\"font-weight: bold;\">Conectivitate<\/span>: USB (compatibil cu specifica\u021bia Universal Serial Bus versiunea 2.0)<br \/><span style=\"font-weight: bold;\">Func\u021bia de economisire a energiei<\/span>: Func\u021bie de somn automat\u0103<br \/><span style=\"font-weight: bold;\">Cerin\u021be de alimentare<\/span>: 240V \u00b110%, 1.5A, 50\/60Hz<br \/><span style=\"font-weight: bold;\">Consumul de energie \u00een timpul func\u021bion\u0103rii<\/span>: Aprox. 90 W<br \/><span style=\"font-weight: bold;\">Consumul de energie \u00een modul repaus<\/span>: Aprox. 5,5 W<br \/><span style=\"font-weight: bold;\">Nivelul de zgomot acustic \u00een timpul func\u021bion\u0103rii<\/span>: 62 dB(A) sau mai pu\u021bin<br \/><span style=\"font-weight: bold;\">Nivelul de zgomot acustic \u00een modul de a\u0219teptare<\/span>: 42 dB(A) sau mai pu\u021bin<br \/><span style=\"font-weight: bold;\">Dimensiuni\/Greutate<\/span>: 1009 (L) x 582 (D) x 293 (\u00ce) mm \/ 36 kg<br \/><span style=\"font-weight: bold;\">Articole incluse<\/span>: Software Roland VersaWorks 6 RIP, cablu de alimentare, cablu USB, lam\u0103, suport pentru lam\u0103, manual de utilizare etc. <span style=\"color: #ff0000;font-family: Arial;font-size: 10pt;font-style: normal;font-weight: normal;line-height: 1.15;\">Cartusele nu sunt incluse in set<br \/><\/span><span style=\"color: #ff0000;font-family: Arial;font-size: 10pt;font-style: normal;font-weight: normal;line-height: 1.15;\"><br \/>Pretul se poate modifi ca in momentul comenzii, pentru detalii, contactati managerii de vanzari<\/span><\/p>\n","protected":false},"featured_media":21427,"comment_status":"open","ping_status":"closed","template":"","meta":[],"product_brand":[],"product_cat":[969],"product_tag":[],"class_list":{"0":"post-21426","1":"product","2":"type-product","3":"status-publish","4":"has-post-thumbnail","6":"product_cat-roland","8":"first","9":"onbackorder","10":"shipping-taxable","11":"purchasable","12":"product-type-simple"},"_links":{"self":[{"href":"https:\/\/www.inprint.md\/rou\/wp-json\/wp\/v2\/product\/21426","targetHints":{"allow":["GET"]}}],"collection":[{"href":"https:\/\/www.inprint.md\/rou\/wp-json\/wp\/v2\/product"}],"about":[{"href":"https:\/\/www.inprint.md\/rou\/wp-json\/wp\/v2\/types\/product"}],"replies":[{"embeddable":true,"href":"https:\/\/www.inprint.md\/rou\/wp-json\/wp\/v2\/comments?post=21426"}],"wp:featuredmedia":[{"embeddable":true,"href":"https:\/\/www.inprint.md\/rou\/wp-json\/wp\/v2\/media\/21427"}],"wp:attachment":[{"href":"https:\/\/www.inprint.md\/rou\/wp-json\/wp\/v2\/media?parent=21426"}],"wp:term":[{"taxonomy":"product_brand","embeddable":true,"href":"https:\/\/www.inprint.md\/rou\/wp-json\/wp\/v2\/product_brand?post=21426"},{"taxonomy":"product_cat","embeddable":true,"href":"https:\/\/www.inprint.md\/rou\/wp-json\/wp\/v2\/product_cat?post=21426"},{"taxonomy":"product_tag","embeddable":true,"href":"https:\/\/www.inprint.md\/rou\/wp-json\/wp\/v2\/product_tag?post=21426"}],"curies":[{"name":"wp","href":"https:\/\/api.w.org\/{rel}","templated":true}]}}