{"id":23238,"date":"2023-07-14T12:31:18","date_gmt":"2023-07-14T09:31:18","guid":{"rendered":"https:\/\/www.inprint.md\/?post_type=product&#038;p=23238"},"modified":"2026-04-21T14:18:30","modified_gmt":"2026-04-21T11:18:30","slug":"press-digital-for-30oz-tumbler-mp270plb","status":"publish","type":"product","link":"https:\/\/www.inprint.md\/rou\/product\/press-digital-for-30oz-tumbler-mp270plb\/","title":{"rendered":"Presa pentru cani  30oz(900ml)  Tumbler Elite Pro"},"content":{"rendered":"","protected":false},"excerpt":{"rendered":"<p><span style=\"font-weight: bold;\">Tip: <\/span><span style=\"font-weight: normal;\">Presa pentru cani<\/span><\/p>\n<p><span style=\"font-weight: bold;\">Model<\/span>: Elite Pro Tumbler MP270PLB<br \/><span style=\"font-weight: bold;\">Putere<\/span>: 500W<br \/><span style=\"font-weight: bold;\">Tensiune<\/span>: 220V<br \/><span style=\"font-weight: bold;\">Sistem de temperatur\u0103<\/span>: Celsius \u0219i Fahrenheit<br \/><span style=\"font-weight: bold;\">Interval de temperatur\u0103<\/span>: 0~420\u00b0F; 0~200\u00b0C<br \/><span style=\"font-weight: bold;\">Interval de timp<\/span>: 0~800 secunde<br \/><span style=\"font-weight: bold;\">\u00cenc\u0103lzitoare compatibile<\/span>:<span style=\"font-weight: normal;\"> <\/span><span style=\"font-weight: normal;\">\u00ce<\/span>nc\u0103lzitor de pahare de 30oz (270 mm), \u00eenc\u0103lzitor de pahar de 20oz, \u00eenc\u0103lzitor de pahar sub\u021bire de sticl\u0103 de 17oz, \u00eenc\u0103lzitor de can\u0103 conic de 17oz, \u00eenc\u0103lzitor de can\u0103 conic de 12oz, \u00eenc\u0103lzitor de cani de 11 oz, \u00eenc\u0103lzitor de cani de 10 oz, \u00eenc\u0103lzitor de cani de 3 oz<\/p>\n","protected":false},"featured_media":23239,"comment_status":"open","ping_status":"closed","template":"","meta":[],"product_brand":[],"product_cat":[32],"product_tag":[],"class_list":{"0":"post-23238","1":"product","2":"type-product","3":"status-publish","4":"has-post-thumbnail","6":"product_cat-mug-press","8":"first","9":"instock","10":"shipping-taxable","11":"purchasable","12":"product-type-simple"},"_links":{"self":[{"href":"https:\/\/www.inprint.md\/rou\/wp-json\/wp\/v2\/product\/23238","targetHints":{"allow":["GET"]}}],"collection":[{"href":"https:\/\/www.inprint.md\/rou\/wp-json\/wp\/v2\/product"}],"about":[{"href":"https:\/\/www.inprint.md\/rou\/wp-json\/wp\/v2\/types\/product"}],"replies":[{"embeddable":true,"href":"https:\/\/www.inprint.md\/rou\/wp-json\/wp\/v2\/comments?post=23238"}],"wp:featuredmedia":[{"embeddable":true,"href":"https:\/\/www.inprint.md\/rou\/wp-json\/wp\/v2\/media\/23239"}],"wp:attachment":[{"href":"https:\/\/www.inprint.md\/rou\/wp-json\/wp\/v2\/media?parent=23238"}],"wp:term":[{"taxonomy":"product_brand","embeddable":true,"href":"https:\/\/www.inprint.md\/rou\/wp-json\/wp\/v2\/product_brand?post=23238"},{"taxonomy":"product_cat","embeddable":true,"href":"https:\/\/www.inprint.md\/rou\/wp-json\/wp\/v2\/product_cat?post=23238"},{"taxonomy":"product_tag","embeddable":true,"href":"https:\/\/www.inprint.md\/rou\/wp-json\/wp\/v2\/product_tag?post=23238"}],"curies":[{"name":"wp","href":"https:\/\/api.w.org\/{rel}","templated":true}]}}