{"id":27502,"date":"2024-04-01T16:07:39","date_gmt":"2024-04-01T13:07:39","guid":{"rendered":"https:\/\/www.inprint.md\/ru\/?post_type=product&#038;p=27502"},"modified":"2025-11-27T14:58:42","modified_gmt":"2025-11-27T12:58:42","slug":"roland-versastudio-by-20","status":"publish","type":"product","link":"https:\/\/www.inprint.md\/rou\/product\/roland-versastudio-by-20\/","title":{"rendered":"DTF Printer\/Cutter Roland VersaSTUDIO BY-20"},"content":{"rendered":"","protected":false},"excerpt":{"rendered":"<p><span style=\"font-weight: bold;\">Model<\/span>: DTF Printer\/Cutter Roland VersaSTUDIO BY-20<br \/><span style=\"font-weight: bold;\">L\u0103\u021bimea materialului<\/span>: De la 150 la 515 mm<br \/><span style=\"font-weight: bold;\">Grosimea materialului de imprimare<\/span>: Maxim 1,0 mm cu suport <br \/><span style=\"font-weight: bold;\">Grosimea materialului de t\u0103iere<\/span>: Maxim 0,4 mm cu suport \u0219i 0,22 mm f\u0103r\u0103 suport<br \/><span style=\"font-weight: bold;\">Diametru exterior rola<\/span>: Maxim 150 mm<br \/><span style=\"font-weight: bold;\">Greutate rola<\/span>: Maxim 6 kg<br \/><span style=\"font-weight: bold;\">Diametrul tubului<\/span>: 76,2 mm sau 50,8 mm<br \/><span style=\"font-weight: bold;\">L\u0103\u021bimea de imprimare\/t\u0103iere<\/span>: Maxim 480 mm<br \/><span style=\"font-weight: bold;\">Tip de cerneal\u0103 \u0219i capacitate<\/span>: Cartus de 220 ml (cyan, magenta, galben, negru, alb)<br \/><span style=\"font-weight: bold;\">Rezolu\u021bie de imprimare<\/span>: Maxim 1440 dpi<br \/><span style=\"font-weight: bold;\">Viteza de taiere<\/span>: de la 10 la 150 mm\/s<br \/><span style=\"font-weight: bold;\">For\u021ba de presiune a cu\u021bitului<\/span>: De la 30 la 500 g<br \/><span style=\"font-weight: bold;\">Tip cu\u021bit<\/span>: Cu\u021bit pentru utilajele din seria Roland CAMM-1<br \/><span style=\"font-weight: bold;\">Decalaj cu\u021bit<\/span>: 0.000 p\u00e2n\u0103 la 1.500 mm<br \/><span style=\"font-weight: bold;\">Rezolu\u021bie software (\u00een timpul t\u0103ierii)<\/span>: 0,025 mm\/pas<br \/><span style=\"font-weight: bold;\">Temperatura setat\u0103 a modulului de \u00eenc\u0103lzire<\/span>: 30 p\u00e2n\u0103 la 35 \u00b0C<br \/><span style=\"font-weight: bold;\">Temperatura setat\u0103 pentru modulul de uscare<\/span>: 30 p\u00e2n\u0103 la 38 \u00b0C<br \/><span style=\"font-weight: bold;\">Nivelul de zgomot acustic \u00een timpul func\u021bion\u0103rii<\/span>: 62 dB(A) sau mai pu\u021bin<br \/><span style=\"font-weight: bold;\">Nivelul de zgomot acustic de a\u0219teptare<\/span>: 60 dB(A) sau mai pu\u021bin<br \/><span style=\"font-weight: bold;\">Dimensiuni<\/span>: 1069 mm \u00d7 617 mm \u00d7 622 mm<br \/><span style=\"font-weight: bold;\">Greutate<\/span>: 62 kg<br \/><span style=\"font-weight: bold;\">Mediu de lucru \u00een timpul func\u021bion\u0103rii<\/span>: Temperatura: 20 p\u00e2n\u0103 la 32 \u00b0C \/ Umiditate: 40 p\u00e2n\u0103 la 80% rel. umiditate (fara condens)<br \/><span style=\"font-weight: bold;\">Mediu de lucru \u00een stare de repaus<\/span>: Temperatura: 5 p\u00e2n\u0103 la 40\u00b0C \/ Umiditate: 20 p\u00e2n\u0103 la 80% RH umiditate (fara condens)<br \/><span style=\"font-weight: bold;\">Articole incluse<\/span>: Standuri speciale, cablu de alimentare, unitate de preluare a materialului, suporturi de material, lam\u0103 de rezerv\u0103 pentru cu\u021bitul de t\u0103iat, manual de instruc\u021biuni, software (FlexiDESIGNER VersaSTUDIO Edition, VersaWorks, Roland DG Connect) <span>Cartu\u0219e nu sunt incluse<\/span><\/p>\n<p><span>Pretul se poate schimba in momentul plasarii comenzii, pentru detalii va rugam sa contactati managerii nostri de vanzari<\/span><\/p>\n","protected":false},"featured_media":27665,"comment_status":"open","ping_status":"closed","template":"","meta":[],"product_brand":[],"product_cat":[969],"product_tag":[1117,1116,1123],"class_list":{"0":"post-27502","1":"product","2":"type-product","3":"status-publish","4":"has-post-thumbnail","6":"product_cat-roland","7":"product_tag-dtf-printer","8":"product_tag-imprimanta-dtf","9":"product_tag-1123","11":"first","12":"onbackorder","13":"shipping-taxable","14":"purchasable","15":"product-type-simple"},"_links":{"self":[{"href":"https:\/\/www.inprint.md\/rou\/wp-json\/wp\/v2\/product\/27502","targetHints":{"allow":["GET"]}}],"collection":[{"href":"https:\/\/www.inprint.md\/rou\/wp-json\/wp\/v2\/product"}],"about":[{"href":"https:\/\/www.inprint.md\/rou\/wp-json\/wp\/v2\/types\/product"}],"replies":[{"embeddable":true,"href":"https:\/\/www.inprint.md\/rou\/wp-json\/wp\/v2\/comments?post=27502"}],"wp:featuredmedia":[{"embeddable":true,"href":"https:\/\/www.inprint.md\/rou\/wp-json\/wp\/v2\/media\/27665"}],"wp:attachment":[{"href":"https:\/\/www.inprint.md\/rou\/wp-json\/wp\/v2\/media?parent=27502"}],"wp:term":[{"taxonomy":"product_brand","embeddable":true,"href":"https:\/\/www.inprint.md\/rou\/wp-json\/wp\/v2\/product_brand?post=27502"},{"taxonomy":"product_cat","embeddable":true,"href":"https:\/\/www.inprint.md\/rou\/wp-json\/wp\/v2\/product_cat?post=27502"},{"taxonomy":"product_tag","embeddable":true,"href":"https:\/\/www.inprint.md\/rou\/wp-json\/wp\/v2\/product_tag?post=27502"}],"curies":[{"name":"wp","href":"https:\/\/api.w.org\/{rel}","templated":true}]}}