{"id":27731,"date":"2024-04-15T17:24:11","date_gmt":"2024-04-15T14:24:11","guid":{"rendered":"https:\/\/www.inprint.md\/ru\/?post_type=product&#038;p=27731"},"modified":"2025-11-27T14:58:42","modified_gmt":"2025-11-27T12:58:42","slug":"roland-truevis-sg3-540","status":"publish","type":"product","link":"https:\/\/www.inprint.md\/rou\/product\/roland-truevis-sg3-540\/","title":{"rendered":"Eco Solvent Printer\/Cutter Roland TrueVIS SG3-540"},"content":{"rendered":"","protected":false},"excerpt":{"rendered":"<p><span style=\"font-weight: bold;\">Model<\/span>: Eco Solvent Printer\/Cutter Roland TrueVIS SG3-540<br \/><span style=\"font-weight: bold;\">Metoda de imprimare<\/span>: Imprimare piezoelectric\u0103 cu jet de cerneal\u0103<br \/><span style=\"font-weight: bold;\">L\u0103\u021bimea materialului<\/span>: De la 295 la 1371 mm<br \/><span style=\"font-weight: bold;\">Grosimea suportului de imprimare<\/span>: Max. 1,0 mm cu suport<br \/><span style=\"font-weight: bold;\">Grosimea materialului de t\u0103iere<\/span>: Max. 0,4 mm cu suport \u0219i 0,22 mm f\u0103r\u0103 suport<br \/><span style=\"font-weight: bold;\">Diametru exterior rola<\/span>: Max. 250 mm<br \/><span style=\"font-weight: bold;\">Greutate rola<\/span>: max. 35 kg<br \/><span style=\"font-weight: bold;\">Diametrul tubului<\/span>: 76,2 mm sau 50,8 mm<br \/><span style=\"font-weight: bold;\">Latime de imprimare\/taiere<\/span>: Max. 1346 mm<br \/><span style=\"font-weight: bold;\">Tip cerneal\u0103<\/span>: Cerneal\u0103 TrueVIS, pachet de 500 ml<br \/><span style=\"font-weight: bold;\">Culoare cerneal\u0103<\/span>: Patru culori (cian, magenta, galben \u0219i negru)<br \/><span style=\"font-weight: bold;\">Rezolu\u021bie de imprimare (dpi)<\/span>: Max. 1200 dpi<br \/><span style=\"font-weight: bold;\">Viteza de taiere<\/span>: De la 10 la 300 mm\/s<br \/><span style=\"font-weight: bold;\">For\u021ba de presiune a cu\u021bitului<\/span>: De la 30 la 500 g<br \/><span style=\"font-weight: bold;\">Tip cu\u021bit<\/span>: Cu\u021bit pentru utilajele din seria Roland CAMM-1<br \/><span style=\"font-weight: bold;\">Decalaj cu\u021bit<\/span>: 0,000 p\u00e2n\u0103 la 1500 mm<br \/><span style=\"font-weight: bold;\">Rezolu\u021bie software (\u00een timpul t\u0103ierii)<\/span>: 0,025 mm\/pas<br \/><span style=\"font-weight: bold;\">Temperatura setat\u0103 a modulului de \u00eenc\u0103lzire<\/span>: 30 p\u00e2n\u0103 la 45\u00b0C<br \/><span style=\"font-weight: bold;\">Temperatura setat\u0103 pentru modulul de uscare<\/span>: 30 p\u00e2n\u0103 la 55\u00b0C<br \/><span style=\"font-weight: bold;\">Conectivitate \u0219i interoperabilitate<\/span>: Ethernet (100BASE-TX\/1000BASE-T, comutare automat\u0103)<br \/><span style=\"font-weight: bold;\">Func\u021bia de economisire a energiei<\/span>: Func\u021bia de repaus automat<br \/><span style=\"font-weight: bold;\">Cerin\u021be de alimentare<\/span>: 100-120\/220-240 VAC DC 50\/60 Hz 8,0\/4,1 A<br \/><span style=\"font-weight: bold;\">Consum de energie \u00een timpul func\u021bion\u0103rii<\/span>: Aprox. 1.090 W<br \/><span style=\"font-weight: bold;\">Consumul de energie \u00een modul repaus<\/span>: Aprox. 50 W<br \/><span style=\"font-weight: bold;\">Nivelul de zgomot acustic \u00een timpul func\u021bion\u0103rii<\/span>: 63 dB(A) sau mai pu\u021bin<br \/><span style=\"font-weight: bold;\">Nivelul de zgomot acustic \u00een modul de a\u0219teptare<\/span>: 53 dB(A) sau mai pu\u021bin<br \/><span style=\"font-weight: bold;\">Dimensiuni<\/span>: 2632 mm \u00d7 748 mm \u00d7 1320 mm<br \/><span style=\"font-weight: bold;\">Greutate<\/span>: 183 kg<br \/><span style=\"font-weight: bold;\">Mediu de lucru \u00een timpul func\u021bion\u0103rii<\/span>: Temperatura de la 20 la 32\u00b0C; umiditate de la 35 la 80% rel. umiditate (fara condens)<br \/><span style=\"font-weight: bold;\">Mediu de operare \u00een stare de repaus<\/span>: Temperatur\u0103 5 p\u00e2n\u0103 la 40\u00b0C; umiditate de la 20 la 80% rel. umiditate (fara condens)<br \/><span style=\"font-weight: bold;\">Articole incluse<\/span>: Suport special, cablu de alimentare, unitate de preluare a materialului, cleme de material, lam\u0103 de rezerv\u0103 pentru cu\u021bitul de t\u0103iat, lichid de cur\u0103\u021bare, sticla de scurgere, manual de instruc\u021biuni, software (VersaWorks, Roland DG Connect), etc. <span>Cartu\u0219ele incluse nu sunt incluse<\/p>\n<p>Pretul se poate modifi ca in momentul comenzii, pentru detalii, contactati managerii de vanzari<\/span><\/p>\n","protected":false},"featured_media":27851,"comment_status":"open","ping_status":"closed","template":"","meta":[],"product_brand":[],"product_cat":[969],"product_tag":[1122,1121,1120],"class_list":{"0":"post-27731","1":"product","2":"type-product","3":"status-publish","4":"has-post-thumbnail","6":"product_cat-roland","7":"product_tag-imprimanta-roland","8":"product_tag-printer-roland","9":"product_tag--roland","11":"first","12":"onbackorder","13":"shipping-taxable","14":"purchasable","15":"product-type-simple"},"_links":{"self":[{"href":"https:\/\/www.inprint.md\/rou\/wp-json\/wp\/v2\/product\/27731","targetHints":{"allow":["GET"]}}],"collection":[{"href":"https:\/\/www.inprint.md\/rou\/wp-json\/wp\/v2\/product"}],"about":[{"href":"https:\/\/www.inprint.md\/rou\/wp-json\/wp\/v2\/types\/product"}],"replies":[{"embeddable":true,"href":"https:\/\/www.inprint.md\/rou\/wp-json\/wp\/v2\/comments?post=27731"}],"wp:featuredmedia":[{"embeddable":true,"href":"https:\/\/www.inprint.md\/rou\/wp-json\/wp\/v2\/media\/27851"}],"wp:attachment":[{"href":"https:\/\/www.inprint.md\/rou\/wp-json\/wp\/v2\/media?parent=27731"}],"wp:term":[{"taxonomy":"product_brand","embeddable":true,"href":"https:\/\/www.inprint.md\/rou\/wp-json\/wp\/v2\/product_brand?post=27731"},{"taxonomy":"product_cat","embeddable":true,"href":"https:\/\/www.inprint.md\/rou\/wp-json\/wp\/v2\/product_cat?post=27731"},{"taxonomy":"product_tag","embeddable":true,"href":"https:\/\/www.inprint.md\/rou\/wp-json\/wp\/v2\/product_tag?post=27731"}],"curies":[{"name":"wp","href":"https:\/\/api.w.org\/{rel}","templated":true}]}}