{"id":27732,"date":"2024-04-15T17:25:42","date_gmt":"2024-04-15T14:25:42","guid":{"rendered":"https:\/\/www.inprint.md\/ru\/?post_type=product&#038;p=27732"},"modified":"2025-11-27T14:58:42","modified_gmt":"2025-11-27T12:58:42","slug":"roland-dgxpress-ug-641","status":"publish","type":"product","link":"https:\/\/www.inprint.md\/rou\/product\/roland-dgxpress-ug-641\/","title":{"rendered":"Printer\/Cutter UV Roland DGXPRESS UG-641"},"content":{"rendered":"","protected":false},"excerpt":{"rendered":"<p><span style=\"font-weight: bold;\">Model<\/span>: Printer\/Cutter UV Roland DGXPRESS UG-641<br \/><span style=\"font-weight: bold;\">Metoda de imprimare<\/span>: Imprimare piezoelectric\u0103 cu jet de cerneal\u0103<br \/><span style=\"font-weight: bold;\">L\u0103\u021bimea materialului<\/span>: De la 210 la 1625 mm<br \/><span style=\"font-weight: bold;\">Grosimea suportului de imprimare<\/span>: Max. 1,0 mm cu suport<br \/><span style=\"font-weight: bold;\">Grosimea materialului de t\u0103iere<\/span>: Max. 0,4 mm cu suport \u0219i 0,22 mm f\u0103r\u0103 suport<br \/><span style=\"font-weight: bold;\">Diametru exterior rola<\/span>: Max. 210 mm<br \/><span style=\"font-weight: bold;\">Greutate rola<\/span>: max. 40 kg<br \/><span style=\"font-weight: bold;\">Diametrul tubului<\/span>: 76,2 mm sau 50,8 mm<br \/><span style=\"font-weight: bold;\">Latime de imprimare\/taiere<\/span>: Max. 1600 mm<br \/><span style=\"font-weight: bold;\">Tip cerneal\u0103<\/span>: Cerneal\u0103 UV (D-UA) Cartu\u0219 de 220 ml (alb)\/ Cerneal\u0103 UV (D-UA) Cartu\u0219 de 500 ml (Cyan, Magenta, Galben, Negru \u0219i Lucios)<br \/><span style=\"font-weight: bold;\">Culoare cerneal\u0103<\/span>: \u0219ase culori (cian, magenta, galben, negru, alb, lucios)\/Patru culori (cian, magenta, galben, negru)<br \/><span style=\"font-weight: bold;\">Dispozitiv de \u00eent\u0103rire a cernelii<\/span>: Lamp\u0103 UV LED \u00eencorporat\u0103<br \/><span style=\"font-weight: bold;\">Rezolu\u021bie de imprimare (dpi)<\/span><span style=\"font-weight: normal;\">:<\/span><span style=\"font-weight: bold;\"> <\/span>Max. 1440 dpi<br \/><span style=\"font-weight: bold;\">Viteza de taiere<\/span>: De la 10 la 300 mm\/s<br \/><span style=\"font-weight: bold;\">For\u021ba de presiune a cu\u021bitului<\/span>: De la 30 la 500 g<br \/><span style=\"font-weight: bold;\">Tip cu\u021bit<\/span>: Cu\u021bit pentru utilajele din seria Roland CAMM-1<br \/><span style=\"font-weight: bold;\">Tip offset<\/span>: 0 p\u00e2n\u0103 la 1.500 mm<br \/><span style=\"font-weight: bold;\">Rezolu\u021bie software (\u00een timpul t\u0103ierii)<\/span>: 0,025 mm\/pas<br \/><span style=\"font-weight: bold;\">Conectivitate<\/span>: Ethernet (100BASE-TX\/1000BASE-T, comutare automat\u0103)<br \/><span style=\"font-weight: bold;\">Func\u021bia de economisire a energiei<\/span>: Func\u021bia de repaus automat<br \/><span style=\"font-weight: bold;\">Cerin\u021be de alimentare<\/span>: 100-240 VAC curent 50\/60 Hz 2,8 A<br \/><span style=\"font-weight: bold;\">Consum de energie \u00een timpul func\u021bion\u0103rii<\/span>: Aprox. 250 W<br \/><span style=\"font-weight: bold;\">Consum de energie \u00een modul repaus<\/span>: 40 W<br \/><span style=\"font-weight: bold;\">Nivelul de zgomot acustic \u00een timpul func\u021bion\u0103rii<\/span>: 63 dB(A) sau mai pu\u021bin<br \/><span style=\"font-weight: bold;\">Nivelul de zgomot acustic \u00een modul de a\u0219teptare<\/span>: 53 dB(A) sau mai pu\u021bin<br \/><span style=\"font-weight: bold;\">Dimensiuni (cu suport)<\/span><span style=\"font-weight: normal;\">:<\/span><span style=\"font-weight: bold;\"> <\/span>2819 (l) x 781 (d) x 1316 (h) mm<br \/><span style=\"font-weight: bold;\">Greutate (cu suport)<\/span><span style=\"font-weight: normal;\">:<\/span><span style=\"font-weight: bold;\"> <\/span>163 kg<br \/><span style=\"font-weight: bold;\">Mediu de lucru \u00een timpul func\u021bion\u0103rii<\/span>: Temperatura: de la 15 la 32\u00b0C; Umiditate: 20 p\u00e2n\u0103 la 80% (f\u0103r\u0103 condensare)<br \/><span style=\"font-weight: bold;\">Mediu de operare \u00een stare de repaus<\/span>: Temperatura: 5 p\u00e2n\u0103 la 40\u00b0 C; umiditate: de la 20 la 80% rel. umiditate (fara condens)<br \/><span>Cartu\u0219ele nu sunt incluse<\/p>\n<p>Pretul se poate modifi ca in momentul comenzii, pentru detalii, contactati managerii de vanzari<\/span><\/p>\n","protected":false},"featured_media":27831,"comment_status":"open","ping_status":"closed","template":"","meta":[],"product_brand":[],"product_cat":[969],"product_tag":[1122,1121,1120],"class_list":{"0":"post-27732","1":"product","2":"type-product","3":"status-publish","4":"has-post-thumbnail","6":"product_cat-roland","7":"product_tag-imprimanta-roland","8":"product_tag-printer-roland","9":"product_tag--roland","11":"first","12":"onbackorder","13":"shipping-taxable","14":"purchasable","15":"product-type-simple"},"_links":{"self":[{"href":"https:\/\/www.inprint.md\/rou\/wp-json\/wp\/v2\/product\/27732","targetHints":{"allow":["GET"]}}],"collection":[{"href":"https:\/\/www.inprint.md\/rou\/wp-json\/wp\/v2\/product"}],"about":[{"href":"https:\/\/www.inprint.md\/rou\/wp-json\/wp\/v2\/types\/product"}],"replies":[{"embeddable":true,"href":"https:\/\/www.inprint.md\/rou\/wp-json\/wp\/v2\/comments?post=27732"}],"wp:featuredmedia":[{"embeddable":true,"href":"https:\/\/www.inprint.md\/rou\/wp-json\/wp\/v2\/media\/27831"}],"wp:attachment":[{"href":"https:\/\/www.inprint.md\/rou\/wp-json\/wp\/v2\/media?parent=27732"}],"wp:term":[{"taxonomy":"product_brand","embeddable":true,"href":"https:\/\/www.inprint.md\/rou\/wp-json\/wp\/v2\/product_brand?post=27732"},{"taxonomy":"product_cat","embeddable":true,"href":"https:\/\/www.inprint.md\/rou\/wp-json\/wp\/v2\/product_cat?post=27732"},{"taxonomy":"product_tag","embeddable":true,"href":"https:\/\/www.inprint.md\/rou\/wp-json\/wp\/v2\/product_tag?post=27732"}],"curies":[{"name":"wp","href":"https:\/\/api.w.org\/{rel}","templated":true}]}}