{"id":27733,"date":"2024-04-15T17:26:32","date_gmt":"2024-04-15T14:26:32","guid":{"rendered":"https:\/\/www.inprint.md\/ru\/?post_type=product&#038;p=27733"},"modified":"2025-11-27T14:58:42","modified_gmt":"2025-11-27T12:58:42","slug":"roland-dgxpress-ug-642","status":"publish","type":"product","link":"https:\/\/www.inprint.md\/rou\/product\/roland-dgxpress-ug-642\/","title":{"rendered":"Printer\/Cutter UV Roland DGXPRESS UG-642"},"content":{"rendered":"","protected":false},"excerpt":{"rendered":"<p>Model: Printer\/Cutter UV Roland DGXPRESS UG-642<br \/>Metoda de imprimare: Imprimare piezoelectric\u0103 cu jet de cerneal\u0103<br \/>L\u0103\u021bimea materialului: De la 335 la 1625 mm<br \/>Grosimea suportului de imprimare: Max. 1,0 mm cu suport<br \/>Grosimea materialului de t\u0103iere: Max. 0,4 mm cu suport \u0219i 0,22 mm f\u0103r\u0103 suport<br \/>Diametru exterior rola: Max. 250 mm<br \/>Greutate rola: Max. 45 kg<br \/>Diametrul tubului: 76,2 mm sau 50,8 mm<br \/>Latime de imprimare\/taiere: Max. 1600 mm<br \/>Tip cerneal\u0103: Pachet de cerneal\u0103 UV de 750 ml (D-UAP)<br \/>Culoare cerneal\u0103: \u0219ase culori (cyan, magenta, galben, negru, alb, lucios)\/Patru culori (cyan, magenta, galben, negru)<br \/>Dispozitiv de \u00eent\u0103rire a cernelii: Lamp\u0103 UV LED \u00eencorporat\u0103<br \/>Rezolu\u021bie de imprimare (dpi): Max. 12000 dpi<br \/>Viteza de taiere: de la 10 la 300 mm\/s<br \/>For\u021ba de presiune a cu\u021bitului: De la 30 la 500 g<br \/>Tip cu\u021bit: Cu\u021bit pentru utilajele din seria Roland CAMM-1<br \/>Tip offset: 0 p\u00e2n\u0103 la 1.500 mm<br \/>Rezolu\u021bie software (\u00een timpul t\u0103ierii): 0,025 mm\/pas<br \/>Sistem de \u00eenc\u0103lzire material: Temperatura setata e \u00eenc\u0103lzire frontal\u0103 30 p\u00e2n\u0103 la 55 \u2103<br \/>Conectivitate: Ethernet (100BASE-TX\/1000BASE-T, comutare automat\u0103)<br \/>Func\u021bia de economisire a energiei: Func\u021bia de repaus automat<br \/>Cerin\u021be de alimentare: 100-120\/220-240 VAC curent 50\/60 Hz 6,5\/3,2 A<br \/>Consum de energie \u00een timpul func\u021bion\u0103rii: Aprox. 800 W<br \/>Consum de energie \u00een modul repaus: 85 W<br \/>Nivelul de zgomot acustic \u00een timpul func\u021bion\u0103rii: 63 dB(A) sau mai pu\u021bin<br \/>Nivelul de zgomot acustic \u00een modul de a\u0219teptare: 58 dB(A) sau mai pu\u021bin<br \/>Dimensiuni (cu suport): 2902 (l) x 748 (d) x 1412 (h) mm<br \/>Greutate (cu suport): 209 kg<br \/>Mediu de lucru \u00een timpul func\u021bion\u0103rii: Temperatura: de la 20 la 32\u00b0C; Umiditate: 35 p\u00e2n\u0103 la 80% (f\u0103r\u0103 condensare)<br \/>Mediu de operare \u00een stare de repaus: Temperatura: 5 p\u00e2n\u0103 la 40\u00b0 C; umiditate: de la 20 la 80% rel. umiditate (fara condens)<br \/><span>Cartu\u0219e nu sunt incluse<\/p>\n<p>Pretul se poate schimba in momentul plasarii comenzii, pentru detalii va rugam sa contactati managerii nostri de vanzari<\/span><\/p>\n","protected":false},"featured_media":27833,"comment_status":"open","ping_status":"closed","template":"","meta":[],"product_brand":[],"product_cat":[969],"product_tag":[1122,1121,1120],"class_list":{"0":"post-27733","1":"product","2":"type-product","3":"status-publish","4":"has-post-thumbnail","6":"product_cat-roland","7":"product_tag-imprimanta-roland","8":"product_tag-printer-roland","9":"product_tag--roland","11":"first","12":"onbackorder","13":"shipping-taxable","14":"purchasable","15":"product-type-simple"},"_links":{"self":[{"href":"https:\/\/www.inprint.md\/rou\/wp-json\/wp\/v2\/product\/27733","targetHints":{"allow":["GET"]}}],"collection":[{"href":"https:\/\/www.inprint.md\/rou\/wp-json\/wp\/v2\/product"}],"about":[{"href":"https:\/\/www.inprint.md\/rou\/wp-json\/wp\/v2\/types\/product"}],"replies":[{"embeddable":true,"href":"https:\/\/www.inprint.md\/rou\/wp-json\/wp\/v2\/comments?post=27733"}],"wp:featuredmedia":[{"embeddable":true,"href":"https:\/\/www.inprint.md\/rou\/wp-json\/wp\/v2\/media\/27833"}],"wp:attachment":[{"href":"https:\/\/www.inprint.md\/rou\/wp-json\/wp\/v2\/media?parent=27733"}],"wp:term":[{"taxonomy":"product_brand","embeddable":true,"href":"https:\/\/www.inprint.md\/rou\/wp-json\/wp\/v2\/product_brand?post=27733"},{"taxonomy":"product_cat","embeddable":true,"href":"https:\/\/www.inprint.md\/rou\/wp-json\/wp\/v2\/product_cat?post=27733"},{"taxonomy":"product_tag","embeddable":true,"href":"https:\/\/www.inprint.md\/rou\/wp-json\/wp\/v2\/product_tag?post=27733"}],"curies":[{"name":"wp","href":"https:\/\/api.w.org\/{rel}","templated":true}]}}