{"id":27734,"date":"2024-04-15T17:27:43","date_gmt":"2024-04-15T14:27:43","guid":{"rendered":"https:\/\/www.inprint.md\/ru\/?post_type=product&#038;p=27734"},"modified":"2025-11-27T14:58:42","modified_gmt":"2025-11-27T12:58:42","slug":"roland-versaobject-mo-240","status":"publish","type":"product","link":"https:\/\/www.inprint.md\/rou\/product\/roland-versaobject-mo-240\/","title":{"rendered":"Printer UV Roland VersaObject MO-240"},"content":{"rendered":"","protected":false},"excerpt":{"rendered":"<p><span style=\"font-weight: bold;\">Model<\/span>: Printer UV Roland VersaObject MO-240<br \/><span style=\"font-weight: bold;\">Metoda de imprimare<\/span>: Imprimare piezoelectric\u0103 cu jet de cerneal\u0103<br \/><span style=\"font-weight: bold;\">L\u0103\u021bimea ata\u0219amentului imprimabil<\/span>: Max. 640 mm<br \/><span style=\"font-weight: bold;\">Lungimea ata\u0219amentului imprimabil<\/span>: Max. 488 mm<br \/><span style=\"font-weight: bold;\">Grosimea ata\u0219amentului imprimabil<\/span>: max. 204 mm<br \/><span style=\"font-weight: bold;\">Greutatea obiectului ata\u0219at pentru imprimare<\/span>: Max. 8 kg (C\u00e2nd utiliza\u021bi o mas\u0103 cu vid: max. 4 kg)<br \/><span style=\"font-weight: bold;\">L\u0103\u021bime de imprimare\/Lungime de imprimare<\/span>: Max. 610 mm \u00d7 458 mm<br \/><span style=\"font-weight: bold;\">Tip cerneal\u0103<\/span>: ECO-UV (EUV5P), pachet de 750 ml<br \/><span style=\"font-weight: bold;\">Culoare cerneal\u0103<\/span>: Opt culori (cyan, magenta, galben, negru, lac, alb, portocaliu \u0219i ro\u0219u)\/\u0218apte culori (cyan, magenta, galben, negru, alb, portocaliu \u0219i ro\u0219u) \u0219i grund\/\u0218apte culori (cyan, magenta, galben, negru, lac, alb \u0219i ro\u0219u) \u0219i grund\/ \u0219apte culori (cyan, magenta, galben, negru, alb x 2, portocaliu \u0219i ro\u0219u) \u0219i grund\/ \u0219ase culori (cyan, magenta, galben, negru, lac \u0219i alb x 2) \u0219i grund \/ \u0219ase culori (cyan, magenta, galben, negru, lac x 2 \u0219i alb x 2)<br \/><span style=\"font-weight: bold;\">Dispozitiv de \u00eent\u0103rire a cernelii<\/span>: Lamp\u0103 UV LED \u00eencorporat\u0103<br \/><span style=\"font-weight: bold;\">Rezolu\u021bie de imprimare (dpi)<\/span> : Max. 1200 dpi<br \/><span style=\"font-weight: bold;\">Conectivitate \u0219i interoperabilitate<\/span>: Ethernet (100BASE-TX\/1000BASE-T, comutare automat\u0103)<br \/><span style=\"font-weight: bold;\">Func\u021bia de economisire a energiei<\/span>: Func\u021bia de repaus automat<br \/><span style=\"font-weight: bold;\">Cerin\u021be de alimentare<\/span>: 100-240 VAC 50\/60 Hz 3,5 A<br \/><span style=\"font-weight: bold;\">Consum de energie \u00een timpul func\u021bion\u0103rii<\/span>: Aprox. 290 W<br \/><span style=\"font-weight: bold;\">Consumul de energie \u00een modul repaus<\/span>: Aprox. 70 W<br \/><span style=\"font-weight: bold;\">Nivelul de zgomot acustic \u00een timpul func\u021bion\u0103rii<\/span>: 60 dB(A) sau mai pu\u021bin<br \/><span style=\"font-weight: bold;\">Nivelul de zgomot acustic \u00een modul de a\u0219teptare<\/span>: 49 dB(A) sau mai pu\u021bin<br \/><span style=\"font-weight: bold;\">Dimensiuni<\/span>: 1601 mm \u00d7 1267 mm \u00d7 760 mm<br \/><span style=\"font-weight: bold;\">Greutate<\/span>: 211 kg<br \/><span style=\"font-weight: bold;\">Mediu de lucru \u00een timpul func\u021bion\u0103rii<\/span>: Temperatura de la 20 la 32 \u00b0C; umiditate de la 35 la 80% rel. (fara condens)<br \/><span style=\"font-weight: bold;\">Mediu de func\u021bionare \u00een stare de repaus<\/span>: Temperatur\u0103 5 p\u00e2n\u0103 la 40 \u00b0C; umiditate de la 20 la 80% rel. umiditate (fara condens)<br \/><span style=\"font-weight: bold;\">Con\u021binutul pachetului<\/span>: Cablu de alimentare, lichid de cur\u0103\u021bare, sticl\u0103 de scurgere, manual de utilizare, software (VersaWorks, Roland DG Connect), etc. <span>Cartu\u0219e nu sunt incluse<\/span><\/p>\n<p><span>Pretul se poate schimba in momentul plasarii comenzii, pentru detalii va rugam sa contactati managerii nostri de vanzari<\/span><\/p>\n","protected":false},"featured_media":27844,"comment_status":"open","ping_status":"closed","template":"","meta":[],"product_brand":[],"product_cat":[969],"product_tag":[1122,1121,1120],"class_list":{"0":"post-27734","1":"product","2":"type-product","3":"status-publish","4":"has-post-thumbnail","6":"product_cat-roland","7":"product_tag-imprimanta-roland","8":"product_tag-printer-roland","9":"product_tag--roland","11":"first","12":"onbackorder","13":"shipping-taxable","14":"purchasable","15":"product-type-simple"},"_links":{"self":[{"href":"https:\/\/www.inprint.md\/rou\/wp-json\/wp\/v2\/product\/27734","targetHints":{"allow":["GET"]}}],"collection":[{"href":"https:\/\/www.inprint.md\/rou\/wp-json\/wp\/v2\/product"}],"about":[{"href":"https:\/\/www.inprint.md\/rou\/wp-json\/wp\/v2\/types\/product"}],"replies":[{"embeddable":true,"href":"https:\/\/www.inprint.md\/rou\/wp-json\/wp\/v2\/comments?post=27734"}],"wp:featuredmedia":[{"embeddable":true,"href":"https:\/\/www.inprint.md\/rou\/wp-json\/wp\/v2\/media\/27844"}],"wp:attachment":[{"href":"https:\/\/www.inprint.md\/rou\/wp-json\/wp\/v2\/media?parent=27734"}],"wp:term":[{"taxonomy":"product_brand","embeddable":true,"href":"https:\/\/www.inprint.md\/rou\/wp-json\/wp\/v2\/product_brand?post=27734"},{"taxonomy":"product_cat","embeddable":true,"href":"https:\/\/www.inprint.md\/rou\/wp-json\/wp\/v2\/product_cat?post=27734"},{"taxonomy":"product_tag","embeddable":true,"href":"https:\/\/www.inprint.md\/rou\/wp-json\/wp\/v2\/product_tag?post=27734"}],"curies":[{"name":"wp","href":"https:\/\/api.w.org\/{rel}","templated":true}]}}