{"id":27735,"date":"2024-04-15T17:28:36","date_gmt":"2024-04-15T14:28:36","guid":{"rendered":"https:\/\/www.inprint.md\/ru\/?post_type=product&#038;p=27735"},"modified":"2025-11-27T14:58:42","modified_gmt":"2025-11-27T12:58:42","slug":"roland-versastudio-bd-8","status":"publish","type":"product","link":"https:\/\/www.inprint.md\/rou\/product\/roland-versastudio-bd-8\/","title":{"rendered":"Printer UV Roland VersaStudio BD-8"},"content":{"rendered":"","protected":false},"excerpt":{"rendered":"<p><span style=\"font-weight: bold;\">Model<\/span>: Printer UV Roland VersaStudio BD-8<br \/><span style=\"font-weight: bold;\">Metoda de imprimare<\/span>: Imprimare piezoelectric\u0103 cu jet de cerneal\u0103<br \/><span style=\"font-weight: bold;\">L\u0103\u021bimea obiectului imprimabil<\/span>: Max. 240 mm<br \/><span style=\"font-weight: bold;\">Lungimea obiectului imprimabil<\/span>: Max. 178 mm<br \/><span style=\"font-weight: bold;\">Grosimea obiectului imprimabil<\/span>: Max. 102 mm<br \/><span style=\"font-weight: bold;\">Greutatea obiectului imprimabil<\/span>: Max. 3 kg<br \/><span style=\"font-weight: bold;\">L\u0103\u021bimea maxim\u0103 de imprimare\/lungime de imprimare<\/span>: Max. 210 mm \u00d7 148 mm<br \/><span style=\"font-weight: bold;\">Tip cerneal\u0103<\/span>: ECO-UV (EUV5), cartu\u015f de 220 ml<br \/><span style=\"font-weight: bold;\">Culori de cerneal\u0103<\/span>: Cinci culori (cyan, magenta, galben, alb \u0219i negru) \u0219i grund<br \/><span style=\"font-weight: bold;\">Dispozitiv de \u00eent\u0103rire a cernelii<\/span>: Lamp\u0103 UV LED \u00eencorporat\u0103<br \/><span style=\"font-weight: bold;\">Rezolu\u021bie de imprimare (dpi)<\/span>: Max. 1440 dpi<br \/><span style=\"font-weight: bold;\">Conectivitate \u0219i interoperabilitate<\/span>: Ethernet (100BASE-TX\/1000BASE-T, comutare automat\u0103)<br \/><span style=\"font-weight: bold;\">Func\u021bia de economisire a energiei<\/span>: Func\u021bia de repaus automat<br \/><span style=\"font-weight: bold;\">Tensiune nominal\u0103<\/span>: 100-240VAC, 50\/60Hz, 1.1A<br \/><span style=\"font-weight: bold;\">Consum de energie \u00een timpul func\u021bion\u0103rii<\/span>: Aprox. 90 W<br \/><span style=\"font-weight: bold;\">Consum de energie \u00een modul de repaus<\/span>: Aprox. 30 W<br \/><span style=\"font-weight: bold;\">Nivelul de zgomot acustic \u00een timpul func\u021bion\u0103rii<\/span>: 59 dB(A) sau mai pu\u021bin<br \/><span style=\"font-weight: bold;\">Nivelul de zgomot acustic \u00een modul de a\u0219teptare<\/span>: 52 dB(A) sau mai pu\u021bin<br \/><span style=\"font-weight: bold;\">Dimensiuni<\/span>: 768 mm \u00d7 586 mm \u00d7 580 mm<br \/><span style=\"font-weight: bold;\">Greutate<\/span>: 61 kg<br \/><span style=\"font-weight: bold;\">Mediu de func\u021bionare<\/span>: Temperatura 20 p\u00e2n\u0103 la 32\u00b0C (se recomand\u0103 22\u00b0C sau mai mare)\/Umiditate 35 p\u00e2n\u0103 la 80% RH umiditate (fara condens)<br \/><span style=\"font-weight: bold;\">Mediu de func\u021bionare \u00een stare de repaus<\/span>: temperatur\u0103 5 p\u00e2n\u0103 la 40 \u00b0C \/ umiditate 20 p\u00e2n\u0103 la 80% RH umiditate (fara condens)<br \/><span style=\"font-weight: bold;\">Articole incluse<\/span>: Cablu de alimentare, lichid de cur\u0103\u021bare, manual de instruc\u021biuni, software (FlexiDESIGNER VersaSTUDIO Edition, VersaWorks, Roland DG Connect), etc. <span>Cartu\u0219e nu sunt incluse<\/p>\n<p>Pretul se poate modifica in momentul comenzii, pentru detalii, contactati managerii de vanzari<\/span><\/p>\n","protected":false},"featured_media":27838,"comment_status":"open","ping_status":"closed","template":"","meta":[],"product_brand":[],"product_cat":[969],"product_tag":[1122,1121,1120],"class_list":{"0":"post-27735","1":"product","2":"type-product","3":"status-publish","4":"has-post-thumbnail","6":"product_cat-roland","7":"product_tag-imprimanta-roland","8":"product_tag-printer-roland","9":"product_tag--roland","11":"first","12":"onbackorder","13":"shipping-taxable","14":"purchasable","15":"product-type-simple"},"_links":{"self":[{"href":"https:\/\/www.inprint.md\/rou\/wp-json\/wp\/v2\/product\/27735","targetHints":{"allow":["GET"]}}],"collection":[{"href":"https:\/\/www.inprint.md\/rou\/wp-json\/wp\/v2\/product"}],"about":[{"href":"https:\/\/www.inprint.md\/rou\/wp-json\/wp\/v2\/types\/product"}],"replies":[{"embeddable":true,"href":"https:\/\/www.inprint.md\/rou\/wp-json\/wp\/v2\/comments?post=27735"}],"wp:featuredmedia":[{"embeddable":true,"href":"https:\/\/www.inprint.md\/rou\/wp-json\/wp\/v2\/media\/27838"}],"wp:attachment":[{"href":"https:\/\/www.inprint.md\/rou\/wp-json\/wp\/v2\/media?parent=27735"}],"wp:term":[{"taxonomy":"product_brand","embeddable":true,"href":"https:\/\/www.inprint.md\/rou\/wp-json\/wp\/v2\/product_brand?post=27735"},{"taxonomy":"product_cat","embeddable":true,"href":"https:\/\/www.inprint.md\/rou\/wp-json\/wp\/v2\/product_cat?post=27735"},{"taxonomy":"product_tag","embeddable":true,"href":"https:\/\/www.inprint.md\/rou\/wp-json\/wp\/v2\/product_tag?post=27735"}],"curies":[{"name":"wp","href":"https:\/\/api.w.org\/{rel}","templated":true}]}}