{"id":28483,"date":"2024-05-31T14:53:14","date_gmt":"2024-05-31T11:53:14","guid":{"rendered":"https:\/\/www.inprint.md\/ru\/?post_type=product&#038;p=28483"},"modified":"2026-02-19T16:55:30","modified_gmt":"2026-02-19T14:55:30","slug":"opc-drum-cleaner-katun","status":"publish","type":"product","link":"https:\/\/www.inprint.md\/rou\/product\/opc-drum-cleaner-katun\/","title":{"rendered":"Solutie de curatare a fotoreceptoarilor Katun"},"content":{"rendered":"","protected":false},"excerpt":{"rendered":"<p><span style=\"font-weight: bold;\">Model<\/span>: Solutie de curatare a fotoreceptoarilor Katun<br \/>\n<span style=\"font-weight: bold;\">Volum<\/span>: 250 ml<br \/>\n<span style=\"font-weight: bold;\">Aplica\u021bie<\/span>: Solu\u021bie de ap\u0103 deionizat\u0103 \u0219i alcool izopropilic \u00eendep\u0103rteaz\u0103 contaminan\u021bii din fotoconductorii organici (OPC).<\/p>\n","protected":false},"featured_media":28484,"comment_status":"open","ping_status":"closed","template":"","meta":[],"product_brand":[],"product_cat":[1141],"product_tag":[],"class_list":{"0":"post-28483","1":"product","2":"type-product","3":"status-publish","4":"has-post-thumbnail","6":"product_cat-lubricants","8":"first","9":"instock","10":"shipping-taxable","11":"purchasable","12":"product-type-simple"},"_links":{"self":[{"href":"https:\/\/www.inprint.md\/rou\/wp-json\/wp\/v2\/product\/28483","targetHints":{"allow":["GET"]}}],"collection":[{"href":"https:\/\/www.inprint.md\/rou\/wp-json\/wp\/v2\/product"}],"about":[{"href":"https:\/\/www.inprint.md\/rou\/wp-json\/wp\/v2\/types\/product"}],"replies":[{"embeddable":true,"href":"https:\/\/www.inprint.md\/rou\/wp-json\/wp\/v2\/comments?post=28483"}],"wp:featuredmedia":[{"embeddable":true,"href":"https:\/\/www.inprint.md\/rou\/wp-json\/wp\/v2\/media\/28484"}],"wp:attachment":[{"href":"https:\/\/www.inprint.md\/rou\/wp-json\/wp\/v2\/media?parent=28483"}],"wp:term":[{"taxonomy":"product_brand","embeddable":true,"href":"https:\/\/www.inprint.md\/rou\/wp-json\/wp\/v2\/product_brand?post=28483"},{"taxonomy":"product_cat","embeddable":true,"href":"https:\/\/www.inprint.md\/rou\/wp-json\/wp\/v2\/product_cat?post=28483"},{"taxonomy":"product_tag","embeddable":true,"href":"https:\/\/www.inprint.md\/rou\/wp-json\/wp\/v2\/product_tag?post=28483"}],"curies":[{"name":"wp","href":"https:\/\/api.w.org\/{rel}","templated":true}]}}