{"id":28485,"date":"2024-05-31T14:55:15","date_gmt":"2024-05-31T11:55:15","guid":{"rendered":"https:\/\/www.inprint.md\/ru\/?post_type=product&#038;p=28485"},"modified":"2026-02-19T16:55:31","modified_gmt":"2026-02-19T14:55:31","slug":"conductive-grease-katun","status":"publish","type":"product","link":"https:\/\/www.inprint.md\/rou\/product\/conductive-grease-katun\/","title":{"rendered":"Conductive Grease HSC Plus Katun"},"content":{"rendered":"","protected":false},"excerpt":{"rendered":"<p><span style=\"font-weight: bold;\">Model<\/span>: HSC Plus Katun Electrical Conductive Grease<br \/>\n<span style=\"font-weight: bold;\">Volum<\/span>: 100 g<br \/>\n<span style=\"font-weight: bold;\">Aplicare<\/span>: Folosit pentru lubrifierea buc\u0219elor de contact, role , canelurilor.Conductivitate electric\u0103 excelent\u0103, temperatur\u0103 de func\u021bionare de la -30* C p\u00e2n\u0103 la +1100* C<\/p>\n","protected":false},"featured_media":28486,"comment_status":"open","ping_status":"closed","template":"","meta":[],"product_brand":[],"product_cat":[1141],"product_tag":[],"class_list":{"0":"post-28485","1":"product","2":"type-product","3":"status-publish","4":"has-post-thumbnail","6":"product_cat-lubricants","8":"first","9":"instock","10":"shipping-taxable","11":"purchasable","12":"product-type-simple"},"_links":{"self":[{"href":"https:\/\/www.inprint.md\/rou\/wp-json\/wp\/v2\/product\/28485","targetHints":{"allow":["GET"]}}],"collection":[{"href":"https:\/\/www.inprint.md\/rou\/wp-json\/wp\/v2\/product"}],"about":[{"href":"https:\/\/www.inprint.md\/rou\/wp-json\/wp\/v2\/types\/product"}],"replies":[{"embeddable":true,"href":"https:\/\/www.inprint.md\/rou\/wp-json\/wp\/v2\/comments?post=28485"}],"wp:featuredmedia":[{"embeddable":true,"href":"https:\/\/www.inprint.md\/rou\/wp-json\/wp\/v2\/media\/28486"}],"wp:attachment":[{"href":"https:\/\/www.inprint.md\/rou\/wp-json\/wp\/v2\/media?parent=28485"}],"wp:term":[{"taxonomy":"product_brand","embeddable":true,"href":"https:\/\/www.inprint.md\/rou\/wp-json\/wp\/v2\/product_brand?post=28485"},{"taxonomy":"product_cat","embeddable":true,"href":"https:\/\/www.inprint.md\/rou\/wp-json\/wp\/v2\/product_cat?post=28485"},{"taxonomy":"product_tag","embeddable":true,"href":"https:\/\/www.inprint.md\/rou\/wp-json\/wp\/v2\/product_tag?post=28485"}],"curies":[{"name":"wp","href":"https:\/\/api.w.org\/{rel}","templated":true}]}}