{"id":28643,"date":"2024-06-10T17:20:54","date_gmt":"2024-06-10T14:20:54","guid":{"rendered":"https:\/\/www.inprint.md\/ru\/?post_type=product&#038;p=28643"},"modified":"2026-04-23T09:34:46","modified_gmt":"2026-04-23T06:34:46","slug":"bag-roly-hillock-beige","status":"publish","type":"product","link":"https:\/\/www.inprint.md\/rou\/product\/bag-roly-hillock-beige\/","title":{"rendered":"Saco\u0219\u0103 de cump\u0103r\u0103turi Roly Hillock"},"content":{"rendered":"","protected":false},"excerpt":{"rendered":"<p>Saco\u0219\u0103 de cump\u0103r\u0103turi Hillock 100% bumbac 105 g\/m\u00b2 cusut\u0103. Cu m\u00e2nere lungi, \u00eent\u0103rite, de 70 cm.<\/p>\n<p>Dimensiuni: 37cm\/41cm<\/p>\n<div id=\"MainContent_divCompo\">\n<p><strong><span class=\"subtitleDetails\">Compozitia:<\/span><\/strong><\/p>\n<p>Material: 100% bumbac 105 g\/m\u00b2.<\/p>\n<\/div>\n","protected":false},"featured_media":28708,"comment_status":"open","ping_status":"closed","template":"","meta":[],"product_brand":[],"product_cat":[905],"product_tag":[],"class_list":{"0":"post-28643","1":"product","2":"type-product","3":"status-publish","4":"has-post-thumbnail","6":"product_cat-bags","8":"first","9":"instock","10":"shipping-taxable","11":"purchasable","12":"product-type-simple"},"_links":{"self":[{"href":"https:\/\/www.inprint.md\/rou\/wp-json\/wp\/v2\/product\/28643","targetHints":{"allow":["GET"]}}],"collection":[{"href":"https:\/\/www.inprint.md\/rou\/wp-json\/wp\/v2\/product"}],"about":[{"href":"https:\/\/www.inprint.md\/rou\/wp-json\/wp\/v2\/types\/product"}],"replies":[{"embeddable":true,"href":"https:\/\/www.inprint.md\/rou\/wp-json\/wp\/v2\/comments?post=28643"}],"wp:featuredmedia":[{"embeddable":true,"href":"https:\/\/www.inprint.md\/rou\/wp-json\/wp\/v2\/media\/28708"}],"wp:attachment":[{"href":"https:\/\/www.inprint.md\/rou\/wp-json\/wp\/v2\/media?parent=28643"}],"wp:term":[{"taxonomy":"product_brand","embeddable":true,"href":"https:\/\/www.inprint.md\/rou\/wp-json\/wp\/v2\/product_brand?post=28643"},{"taxonomy":"product_cat","embeddable":true,"href":"https:\/\/www.inprint.md\/rou\/wp-json\/wp\/v2\/product_cat?post=28643"},{"taxonomy":"product_tag","embeddable":true,"href":"https:\/\/www.inprint.md\/rou\/wp-json\/wp\/v2\/product_tag?post=28643"}],"curies":[{"name":"wp","href":"https:\/\/api.w.org\/{rel}","templated":true}]}}