{"id":2895,"date":"2020-04-08T14:17:57","date_gmt":"2020-04-08T11:17:57","guid":{"rendered":"https:\/\/www.inprint.md\/?post_type=product&#038;p=2895"},"modified":"2026-03-26T16:38:10","modified_gmt":"2026-03-26T14:38:10","slug":"roll-laminator-fm-360","status":"publish","type":"product","link":"https:\/\/www.inprint.md\/rou\/product\/roll-laminator-fm-360\/","title":{"rendered":"Laminator Rola FM-360"},"content":{"rendered":"","protected":false},"excerpt":{"rendered":"<p><span style=\"font-weight: bold;\">Latime de laminare<\/span>: 360 mm<br \/><span style=\"font-weight: bold;\">Latime material<\/span>: 380 mm<br \/><span style=\"font-weight: bold;\">Grosimea peliculei<\/span>: 25-250 microni<br \/><span style=\"font-weight: bold;\">Viteza<\/span>: 1800 mm\/min<br \/><span style=\"font-weight: bold;\">Role<\/span>: 4 buc<br \/><span style=\"font-weight: bold;\">Diametrul rolelor<\/span>: 25, 56, 76 mm<br \/><span style=\"font-weight: bold;\">Temperatura<\/span>: 150\u00b0C<br \/><span style=\"font-weight: bold;\">Grosime laminare<\/span>: 5 mm<br \/><span style=\"font-weight: bold;\">Laminare<\/span>: la cald \u0219i la rece<br \/><span style=\"font-weight: bold;\">Putere<\/span>: 1000W<br \/><span style=\"font-weight: bold;\">Controlul temperaturii<\/span>: da<br \/><span style=\"font-weight: bold;\">Controlul vitezei<\/span>: da<br \/><span style=\"font-weight: bold;\">Revers<\/span>: da<br \/><span style=\"font-weight: bold;\">Standby<\/span>: nu<br \/><span style=\"font-weight: bold;\">Oprire automat\u0103<\/span>: nu<br \/><span style=\"font-weight: bold;\">Sistem de \u00eenc\u0103lzire<\/span>: role din silicon cu \u00eenc\u0103lzire intern\u0103<\/p>\n","protected":false},"featured_media":2820,"comment_status":"open","ping_status":"closed","template":"","meta":[],"product_brand":[],"product_cat":[80],"product_tag":[],"class_list":{"0":"post-2895","1":"product","2":"type-product","3":"status-publish","4":"has-post-thumbnail","6":"product_cat-laminators","8":"first","9":"instock","10":"shipping-taxable","11":"purchasable","12":"product-type-simple"},"_links":{"self":[{"href":"https:\/\/www.inprint.md\/rou\/wp-json\/wp\/v2\/product\/2895","targetHints":{"allow":["GET"]}}],"collection":[{"href":"https:\/\/www.inprint.md\/rou\/wp-json\/wp\/v2\/product"}],"about":[{"href":"https:\/\/www.inprint.md\/rou\/wp-json\/wp\/v2\/types\/product"}],"replies":[{"embeddable":true,"href":"https:\/\/www.inprint.md\/rou\/wp-json\/wp\/v2\/comments?post=2895"}],"wp:featuredmedia":[{"embeddable":true,"href":"https:\/\/www.inprint.md\/rou\/wp-json\/wp\/v2\/media\/2820"}],"wp:attachment":[{"href":"https:\/\/www.inprint.md\/rou\/wp-json\/wp\/v2\/media?parent=2895"}],"wp:term":[{"taxonomy":"product_brand","embeddable":true,"href":"https:\/\/www.inprint.md\/rou\/wp-json\/wp\/v2\/product_brand?post=2895"},{"taxonomy":"product_cat","embeddable":true,"href":"https:\/\/www.inprint.md\/rou\/wp-json\/wp\/v2\/product_cat?post=2895"},{"taxonomy":"product_tag","embeddable":true,"href":"https:\/\/www.inprint.md\/rou\/wp-json\/wp\/v2\/product_tag?post=2895"}],"curies":[{"name":"wp","href":"https:\/\/api.w.org\/{rel}","templated":true}]}}