{"id":2924,"date":"2020-04-10T12:24:57","date_gmt":"2020-04-10T09:24:57","guid":{"rendered":"https:\/\/www.inprint.md\/product\/silicon-pad-40x60cm-sp-24\/"},"modified":"2026-04-21T14:18:33","modified_gmt":"2026-04-21T11:18:33","slug":"silicon-pad-40x60cm-sp-24","status":"publish","type":"product","link":"https:\/\/www.inprint.md\/rou\/product\/silicon-pad-40x60cm-sp-24\/","title":{"rendered":"Covoras din silicon 40x60cm SP-24"},"content":{"rendered":"","protected":false},"excerpt":{"rendered":"<p><span style=\"font-weight: bold;\">Material<\/span>: Silicon<br \/><span style=\"font-weight: bold;\">Lungime<\/span>: 60 cm<br \/><span style=\"font-weight: bold;\">Latime<\/span>: 40 cm<br \/><span style=\"font-weight: bold;\">Grosime<\/span>: 1 cm<br \/><span style=\"font-weight: bold;\">Descrierea produsului<\/span>: Cu rezisten\u021b\u0103 la c\u0103ldur\u0103 \u0219i flexibilitate ridicat\u0103, aceast covoras din silicon este ideal pentru presele termice<\/p>\n","protected":false},"featured_media":2888,"comment_status":"open","ping_status":"closed","template":"","meta":[],"product_brand":[],"product_cat":[82],"product_tag":[],"class_list":{"0":"post-2924","1":"product","2":"type-product","3":"status-publish","4":"has-post-thumbnail","6":"product_cat-zip","8":"first","9":"instock","10":"shipping-taxable","11":"purchasable","12":"product-type-simple"},"_links":{"self":[{"href":"https:\/\/www.inprint.md\/rou\/wp-json\/wp\/v2\/product\/2924","targetHints":{"allow":["GET"]}}],"collection":[{"href":"https:\/\/www.inprint.md\/rou\/wp-json\/wp\/v2\/product"}],"about":[{"href":"https:\/\/www.inprint.md\/rou\/wp-json\/wp\/v2\/types\/product"}],"replies":[{"embeddable":true,"href":"https:\/\/www.inprint.md\/rou\/wp-json\/wp\/v2\/comments?post=2924"}],"wp:featuredmedia":[{"embeddable":true,"href":"https:\/\/www.inprint.md\/rou\/wp-json\/wp\/v2\/media\/2888"}],"wp:attachment":[{"href":"https:\/\/www.inprint.md\/rou\/wp-json\/wp\/v2\/media?parent=2924"}],"wp:term":[{"taxonomy":"product_brand","embeddable":true,"href":"https:\/\/www.inprint.md\/rou\/wp-json\/wp\/v2\/product_brand?post=2924"},{"taxonomy":"product_cat","embeddable":true,"href":"https:\/\/www.inprint.md\/rou\/wp-json\/wp\/v2\/product_cat?post=2924"},{"taxonomy":"product_tag","embeddable":true,"href":"https:\/\/www.inprint.md\/rou\/wp-json\/wp\/v2\/product_tag?post=2924"}],"curies":[{"name":"wp","href":"https:\/\/api.w.org\/{rel}","templated":true}]}}