{"id":2925,"date":"2020-04-10T12:24:57","date_gmt":"2020-04-10T09:24:57","guid":{"rendered":"https:\/\/www.inprint.md\/product\/teflon-pillow-38x38cm\/"},"modified":"2026-04-21T14:18:33","modified_gmt":"2026-04-21T11:18:33","slug":"teflon-pillow-38x38cm","status":"publish","type":"product","link":"https:\/\/www.inprint.md\/rou\/product\/teflon-pillow-38x38cm\/","title":{"rendered":"Perna din teflon pentru presa termica 38x38cm"},"content":{"rendered":"","protected":false},"excerpt":{"rendered":"<p><span style=\"font-weight: bold;\">Denumirea<\/span>: Perna din teflon pentru presa termica<br \/><span style=\"font-weight: bold;\">Material<\/span>: Teflon \u0219i spum\u0103 ignifug\u0103<br \/><span style=\"font-weight: bold;\">Dimensiune<\/span>: 38*38 cm<br \/><span style=\"font-weight: bold;\">Aplicare<\/span>: Conceput pentru a ap\u0103sa presa termic\u0103 pe articole mai fragile, asigur\u00e2nd o distribu\u021bie constant\u0103 \u0219i uniform\u0103 a presiunii<\/p>\n","protected":false},"featured_media":2949,"comment_status":"open","ping_status":"closed","template":"","meta":[],"product_brand":[],"product_cat":[82],"product_tag":[],"class_list":{"0":"post-2925","1":"product","2":"type-product","3":"status-publish","4":"has-post-thumbnail","6":"product_cat-zip","8":"first","9":"outofstock","10":"shipping-taxable","11":"purchasable","12":"product-type-simple"},"_links":{"self":[{"href":"https:\/\/www.inprint.md\/rou\/wp-json\/wp\/v2\/product\/2925","targetHints":{"allow":["GET"]}}],"collection":[{"href":"https:\/\/www.inprint.md\/rou\/wp-json\/wp\/v2\/product"}],"about":[{"href":"https:\/\/www.inprint.md\/rou\/wp-json\/wp\/v2\/types\/product"}],"replies":[{"embeddable":true,"href":"https:\/\/www.inprint.md\/rou\/wp-json\/wp\/v2\/comments?post=2925"}],"wp:featuredmedia":[{"embeddable":true,"href":"https:\/\/www.inprint.md\/rou\/wp-json\/wp\/v2\/media\/2949"}],"wp:attachment":[{"href":"https:\/\/www.inprint.md\/rou\/wp-json\/wp\/v2\/media?parent=2925"}],"wp:term":[{"taxonomy":"product_brand","embeddable":true,"href":"https:\/\/www.inprint.md\/rou\/wp-json\/wp\/v2\/product_brand?post=2925"},{"taxonomy":"product_cat","embeddable":true,"href":"https:\/\/www.inprint.md\/rou\/wp-json\/wp\/v2\/product_cat?post=2925"},{"taxonomy":"product_tag","embeddable":true,"href":"https:\/\/www.inprint.md\/rou\/wp-json\/wp\/v2\/product_tag?post=2925"}],"curies":[{"name":"wp","href":"https:\/\/api.w.org\/{rel}","templated":true}]}}