{"id":2926,"date":"2020-04-10T12:24:57","date_gmt":"2020-04-10T09:24:57","guid":{"rendered":"https:\/\/www.inprint.md\/product\/teflon-sheet-40x60cm\/"},"modified":"2026-04-21T14:18:33","modified_gmt":"2026-04-21T11:18:33","slug":"teflon-sheet-40x60cm","status":"publish","type":"product","link":"https:\/\/www.inprint.md\/rou\/product\/teflon-sheet-40x60cm\/","title":{"rendered":"Foaie de teflon 40x60cm"},"content":{"rendered":"","protected":false},"excerpt":{"rendered":"<p><span style=\"font-weight: bold;\">Dimensiuni<\/span>: 40*60 cm<br \/><span style=\"font-weight: bold;\">Material<\/span>: Teflon<br \/><span style=\"font-weight: bold;\">Descriere<\/span>: Foile de teflon asigur\u0103 o barier\u0103, reduc\u00e2nd orice lipire care poate ap\u0103rea \u00eentre elementul \u00eenc\u0103lzit \u0219i presa de c\u0103ldur\u0103.<\/p>\n","protected":false},"featured_media":2943,"comment_status":"open","ping_status":"closed","template":"","meta":[],"product_brand":[],"product_cat":[82],"product_tag":[],"class_list":{"0":"post-2926","1":"product","2":"type-product","3":"status-publish","4":"has-post-thumbnail","6":"product_cat-zip","8":"first","9":"instock","10":"shipping-taxable","11":"purchasable","12":"product-type-simple"},"_links":{"self":[{"href":"https:\/\/www.inprint.md\/rou\/wp-json\/wp\/v2\/product\/2926","targetHints":{"allow":["GET"]}}],"collection":[{"href":"https:\/\/www.inprint.md\/rou\/wp-json\/wp\/v2\/product"}],"about":[{"href":"https:\/\/www.inprint.md\/rou\/wp-json\/wp\/v2\/types\/product"}],"replies":[{"embeddable":true,"href":"https:\/\/www.inprint.md\/rou\/wp-json\/wp\/v2\/comments?post=2926"}],"wp:featuredmedia":[{"embeddable":true,"href":"https:\/\/www.inprint.md\/rou\/wp-json\/wp\/v2\/media\/2943"}],"wp:attachment":[{"href":"https:\/\/www.inprint.md\/rou\/wp-json\/wp\/v2\/media?parent=2926"}],"wp:term":[{"taxonomy":"product_brand","embeddable":true,"href":"https:\/\/www.inprint.md\/rou\/wp-json\/wp\/v2\/product_brand?post=2926"},{"taxonomy":"product_cat","embeddable":true,"href":"https:\/\/www.inprint.md\/rou\/wp-json\/wp\/v2\/product_cat?post=2926"},{"taxonomy":"product_tag","embeddable":true,"href":"https:\/\/www.inprint.md\/rou\/wp-json\/wp\/v2\/product_tag?post=2926"}],"curies":[{"name":"wp","href":"https:\/\/api.w.org\/{rel}","templated":true}]}}