{"id":29445,"date":"2024-08-01T13:08:52","date_gmt":"2024-08-01T10:08:52","guid":{"rendered":"https:\/\/www.inprint.md\/ru\/?post_type=product&#038;p=29445"},"modified":"2025-11-27T14:58:40","modified_gmt":"2025-11-27T12:58:40","slug":"copier-ricoh-mpc2003-2503-used","status":"publish","type":"product","link":"https:\/\/www.inprint.md\/rou\/product\/copier-ricoh-mpc2003-2503-used\/","title":{"rendered":"Copiator Ricoh MPC2003\/2503 Uzat"},"content":{"rendered":"","protected":false},"excerpt":{"rendered":"<p><span style=\"font-weight: bold;\">Dispozitiv<\/span>: Copiator Ricoh MPC2003\/2503 Uzat<br \/><span style=\"font-weight: bold;\">Tip de imprimare<\/span>: Color<br \/><span style=\"font-weight: bold;\">Tehnologie de imprimare<\/span>: Laser<br \/><span style=\"font-weight: bold;\">Viteza de imprimare<\/span>: 20\/25 ppm<br \/><span style=\"font-weight: bold;\">Imprimare duplex <\/span>: Da<br \/><span style=\"font-weight: bold;\">Imprimare pe<\/span>: Carton, pelicule, etichete, h\u00e2rtie lucioas\u0103, plicuri, h\u00e2rtie mat\u0103<br \/><span style=\"font-weight: bold;\">Capacitate cartus<\/span>: 9.500 pagini (color), 15.000 pagini (negru)<br \/><span style=\"font-weight: bold;\">Numar de cartuse<\/span>: 4<br \/><span style=\"font-weight: bold;\">Rezolu\u021bie de imprimare<\/span>: 1200 x 1200 dpi<br \/><span style=\"font-weight: bold;\">ADF<\/span>: Da<br \/><span style=\"font-weight: bold;\">Tip alimentator automat<\/span>: Duplex inversat (RADF)<br \/><span style=\"font-weight: bold;\">Viteza de scanare<\/span>: 54 ppm<br \/><span style=\"font-weight: bold;\">Rezolu\u021bie de scanare<\/span>: 600 x 600 dpi<br \/><span style=\"font-weight: bold;\">Dimensiunea h\u00e2rtiei acceptat\u0103<\/span>: A3, A4, A5, A6, B4, B5, B6<br \/><span style=\"font-weight: bold;\">Densitatea h\u00e2rtiei<\/span>: 52\u2013300 g\/m\u00b2<br \/><span style=\"font-weight: bold;\">Interfa\u021b\u0103 USB<\/span>: Da<br \/><span style=\"font-weight: bold;\">Interfa\u021b\u0103 Ethernet<\/span>: Da<br \/><span style=\"font-weight: bold;\">Display<\/span>: Ecran tactil LCD color<br \/><span style=\"font-weight: bold;\">Contoare<\/span>: P\u00e2n\u0103 la 250k<\/p>\n","protected":false},"featured_media":29464,"comment_status":"open","ping_status":"closed","template":"","meta":[],"product_brand":[],"product_cat":[1151],"product_tag":[1157,1156,1155],"class_list":{"0":"post-29445","1":"product","2":"type-product","3":"status-publish","4":"has-post-thumbnail","6":"product_cat-copiers","7":"product_tag-copire-uzate","8":"product_tag-used-copiers","9":"product_tag-1155","11":"first","12":"instock","13":"shipping-taxable","14":"purchasable","15":"product-type-simple"},"_links":{"self":[{"href":"https:\/\/www.inprint.md\/rou\/wp-json\/wp\/v2\/product\/29445","targetHints":{"allow":["GET"]}}],"collection":[{"href":"https:\/\/www.inprint.md\/rou\/wp-json\/wp\/v2\/product"}],"about":[{"href":"https:\/\/www.inprint.md\/rou\/wp-json\/wp\/v2\/types\/product"}],"replies":[{"embeddable":true,"href":"https:\/\/www.inprint.md\/rou\/wp-json\/wp\/v2\/comments?post=29445"}],"wp:featuredmedia":[{"embeddable":true,"href":"https:\/\/www.inprint.md\/rou\/wp-json\/wp\/v2\/media\/29464"}],"wp:attachment":[{"href":"https:\/\/www.inprint.md\/rou\/wp-json\/wp\/v2\/media?parent=29445"}],"wp:term":[{"taxonomy":"product_brand","embeddable":true,"href":"https:\/\/www.inprint.md\/rou\/wp-json\/wp\/v2\/product_brand?post=29445"},{"taxonomy":"product_cat","embeddable":true,"href":"https:\/\/www.inprint.md\/rou\/wp-json\/wp\/v2\/product_cat?post=29445"},{"taxonomy":"product_tag","embeddable":true,"href":"https:\/\/www.inprint.md\/rou\/wp-json\/wp\/v2\/product_tag?post=29445"}],"curies":[{"name":"wp","href":"https:\/\/api.w.org\/{rel}","templated":true}]}}