{"id":29674,"date":"2024-08-15T17:08:11","date_gmt":"2024-08-15T14:08:11","guid":{"rendered":"https:\/\/www.inprint.md\/ru\/?post_type=product&#038;p=29674"},"modified":"2026-03-09T08:47:00","modified_gmt":"2026-03-09T06:47:00","slug":"backpack-roly-kugar-black","status":"publish","type":"product","link":"https:\/\/www.inprint.md\/rou\/product\/backpack-roly-kugar-black\/","title":{"rendered":"Rucsac Roly Kugar Black"},"content":{"rendered":"","protected":false},"excerpt":{"rendered":"<p>Rucsac Roly Kugar extensibil anti-furt, confec\u021bionat din piele PU. Acest rucsac nu numai c\u0103 ofer\u0103 stil \u0219i durabilitate, ci \u0219i siguran\u021b\u0103 suplimentar\u0103 pentru lucrurile dumneavoastr\u0103. Cu un design inteligent, compartimentul principal este situat \u00een partea din spate a rucsacului, ceea ce \u00eengreuneaz\u0103 accesul poten\u021bialilor ho\u021bi.<\/p>\n<p>\u00cen interior, ve\u021bi g\u0103si un compartiment principal mare \u0219i un buzunar c\u0103ptu\u0219it pentru un laptop de 14&#8243;. De asemenea, are un buzunar frontal exterior c\u0103ptu\u0219it \u0219i buzunare laterale pentru a v\u0103 men\u021bine articolele organizate \u0219i la \u00eendem\u00e2n\u0103. Pentru confortul dumneavoastr\u0103, m\u00e2nerele \u0219i partea din spate a rucsacului sunt c\u0103ptu\u0219ite, oferind suport ergonomic.<\/p>\n<p>\u00cen plus, include o curea pentru transport, astfel \u00eenc\u00e2t s\u0103 o pute\u021bi ata\u0219a la bagajul de m\u00e2n\u0103 atunci c\u00e2nd c\u0103l\u0103tori\u021bi. Combin\u0103 siguran\u021ba, func\u021bionalitatea \u0219i stilul cu rucsacul nostru extensibil antifurt din piele PU. Proteja\u021bi-v\u0103 bunurile \u00een confort \u0219i stil \u00een timp ce v\u0103 deplasa\u021bi.<\/p>\n<p>Dimensiune: 30 x 44 x 18 cm 24L<\/p>\n<p>Material: piele PU<\/p>\n","protected":false},"featured_media":29684,"comment_status":"open","ping_status":"closed","template":"","meta":[],"product_brand":[],"product_cat":[905],"product_tag":[],"class_list":{"0":"post-29674","1":"product","2":"type-product","3":"status-publish","4":"has-post-thumbnail","6":"product_cat-bags","8":"first","9":"instock","10":"shipping-taxable","11":"purchasable","12":"product-type-simple"},"_links":{"self":[{"href":"https:\/\/www.inprint.md\/rou\/wp-json\/wp\/v2\/product\/29674","targetHints":{"allow":["GET"]}}],"collection":[{"href":"https:\/\/www.inprint.md\/rou\/wp-json\/wp\/v2\/product"}],"about":[{"href":"https:\/\/www.inprint.md\/rou\/wp-json\/wp\/v2\/types\/product"}],"replies":[{"embeddable":true,"href":"https:\/\/www.inprint.md\/rou\/wp-json\/wp\/v2\/comments?post=29674"}],"wp:featuredmedia":[{"embeddable":true,"href":"https:\/\/www.inprint.md\/rou\/wp-json\/wp\/v2\/media\/29684"}],"wp:attachment":[{"href":"https:\/\/www.inprint.md\/rou\/wp-json\/wp\/v2\/media?parent=29674"}],"wp:term":[{"taxonomy":"product_brand","embeddable":true,"href":"https:\/\/www.inprint.md\/rou\/wp-json\/wp\/v2\/product_brand?post=29674"},{"taxonomy":"product_cat","embeddable":true,"href":"https:\/\/www.inprint.md\/rou\/wp-json\/wp\/v2\/product_cat?post=29674"},{"taxonomy":"product_tag","embeddable":true,"href":"https:\/\/www.inprint.md\/rou\/wp-json\/wp\/v2\/product_tag?post=29674"}],"curies":[{"name":"wp","href":"https:\/\/api.w.org\/{rel}","templated":true}]}}