{"id":30022,"date":"2024-09-10T13:46:06","date_gmt":"2024-09-10T10:46:06","guid":{"rendered":"https:\/\/www.inprint.md\/ru\/?post_type=product&#038;p=30022"},"modified":"2026-03-19T12:04:51","modified_gmt":"2026-03-19T10:04:51","slug":"dtf-cleaning-liquid-250ml-ocb","status":"publish","type":"product","link":"https:\/\/www.inprint.md\/rou\/product\/dtf-cleaning-liquid-250ml-ocb\/","title":{"rendered":"Solutie de curatare DTF OCB"},"content":{"rendered":"","protected":false},"excerpt":{"rendered":"<p><span style=\"font-weight: bold;\">Tip<\/span>: Solutie de curatare DTF <br \/><span style=\"font-weight: bold;\">Marca<\/span>: Ocbestjet<br \/><span style=\"font-weight: bold;\">Volum<\/span>: 250 ml<br \/><span style=\"font-weight: bold;\">Intrebuintare<\/span>: Lichid de cur\u0103\u021bare pentru sp\u0103larea capului de imprimare dup\u0103 utilizarea cernelei textil\u0103 DTF<\/p>\n","protected":false},"featured_media":30035,"comment_status":"open","ping_status":"closed","template":"","meta":[],"product_brand":[],"product_cat":[410],"product_tag":[1164,1165,1166],"class_list":{"0":"post-30022","1":"product","2":"type-product","3":"status-publish","4":"has-post-thumbnail","6":"product_cat-cl","7":"product_tag-dtf","8":"product_tag-ocbestjet","9":"product_tag-1166","11":"first","12":"outofstock","13":"shipping-taxable","14":"purchasable","15":"product-type-simple"},"_links":{"self":[{"href":"https:\/\/www.inprint.md\/rou\/wp-json\/wp\/v2\/product\/30022","targetHints":{"allow":["GET"]}}],"collection":[{"href":"https:\/\/www.inprint.md\/rou\/wp-json\/wp\/v2\/product"}],"about":[{"href":"https:\/\/www.inprint.md\/rou\/wp-json\/wp\/v2\/types\/product"}],"replies":[{"embeddable":true,"href":"https:\/\/www.inprint.md\/rou\/wp-json\/wp\/v2\/comments?post=30022"}],"wp:featuredmedia":[{"embeddable":true,"href":"https:\/\/www.inprint.md\/rou\/wp-json\/wp\/v2\/media\/30035"}],"wp:attachment":[{"href":"https:\/\/www.inprint.md\/rou\/wp-json\/wp\/v2\/media?parent=30022"}],"wp:term":[{"taxonomy":"product_brand","embeddable":true,"href":"https:\/\/www.inprint.md\/rou\/wp-json\/wp\/v2\/product_brand?post=30022"},{"taxonomy":"product_cat","embeddable":true,"href":"https:\/\/www.inprint.md\/rou\/wp-json\/wp\/v2\/product_cat?post=30022"},{"taxonomy":"product_tag","embeddable":true,"href":"https:\/\/www.inprint.md\/rou\/wp-json\/wp\/v2\/product_tag?post=30022"}],"curies":[{"name":"wp","href":"https:\/\/api.w.org\/{rel}","templated":true}]}}