{"id":31000,"date":"2024-11-18T09:17:17","date_gmt":"2024-11-18T07:17:17","guid":{"rendered":"https:\/\/www.inprint.md\/ru\/?post_type=product&#038;p=31000"},"modified":"2026-04-21T14:18:28","modified_gmt":"2026-04-21T11:18:28","slug":"graphtec-ce8000-40","status":"publish","type":"product","link":"https:\/\/www.inprint.md\/rou\/product\/graphtec-ce8000-40\/","title":{"rendered":"Plotter de taiere Graphtec CE8000-40"},"content":{"rendered":"<p>In complect:<br \/>\nPlotter &#8211; 1 buc.<br \/>\nCu\u021bit de t\u0103iere CB09UB-1P &#8211; 1 buc.<br \/>\nSuport cu\u021bit de t\u0103iat PHP33-CB09N-HS &#8211; 1 buc.<br \/>\nCablu de alimentare &#8211; 1 buc.<br \/>\nSuport pentru material rulou (pentru CE8000-40) &#8211; 1 buc.<br \/>\nGhid de instalare,<br \/>\nGhid de siguran\u021b\u0103,<br \/>\nGhid pentru desc\u0103rcarea driverelor online.<br \/>\nModul de re\u021bea local\u0103 f\u0103r\u0103 fir (WLAN) &#8211; 1 buc.<br \/>\nCapac modul WLAN &#8211; 1 buc.<br \/>\n\u0218uruburi pentru modul WLAN &#8211; 2 buc.<\/p>\n<p><iframe title=\"Graphtec CE8000 Cutting Plotter\" width=\"500\" height=\"281\" src=\"https:\/\/www.youtube.com\/embed\/hG4O9-USD1k?feature=oembed\" frameborder=\"0\" allow=\"accelerometer; autoplay; clipboard-write; encrypted-media; gyroscope; picture-in-picture; web-share\" referrerpolicy=\"strict-origin-when-cross-origin\" allowfullscreen><\/iframe><\/p>\n","protected":false},"excerpt":{"rendered":"<p><span style=\"font-weight: bold;\">Model<\/span>: Plotter de taiere Graphtec CE8000-40<br \/><span style=\"font-weight: bold;\">Sistem de antrenare<\/span>: Servomotor controlat digital.<br \/><span style=\"font-weight: bold;\">Max. suprafata de taiere<\/span>: 375 mm \u00d7 50 m<br \/><span style=\"font-weight: bold;\">L\u0103\u021bimea materialului montat<\/span>: 50 mm (min.)\u2013484 mm (max.)<br \/><span style=\"font-weight: bold;\">Greutatea materialului montat<\/span>: 5 kg.<br \/><span style=\"font-weight: bold;\">Num\u0103r de role de presiune pentru tragerea materialului<\/span>: 2<br \/><span style=\"font-weight: bold;\">Max. viteza de taiere<\/span>: 90 cm\/s (directie 45\u00b0)<br \/><span style=\"font-weight: bold;\">Max. accelera\u021bie<\/span>: 21,2 m\/s2 (direc\u021bia 45\u00b0)<br \/><span style=\"font-weight: bold;\">Presiunea cu\u021bitului<\/span>: 4,41 N (450 g)<br \/><span style=\"font-weight: bold;\">Num\u0103r minim de caractere<\/span>: Alfanumeric aprox. 5 mm (\u00een func\u021bie de font \u0219i suport)<br \/><span style=\"font-weight: bold;\">Rezolu\u021bie mecanic\u0103<\/span>: 0,005 mm<br \/><span style=\"font-weight: bold;\">Rezolu\u021bie software<\/span>: GP-GL: 0,1\/0,05\/0,025\/0,01 mm, HP-GLTM (*2): 0,025 mm.<br \/><span style=\"font-weight: bold;\">Repetabilitate: max<\/span>. 0,1 mm pe o lungime de p\u00e2n\u0103 la 2 m (excluz\u00e2nd extinderea \u0219i contrac\u021bia suportului)<br \/><span style=\"font-weight: bold;\">Num\u0103r instalabil de instrumente<\/span>: 1<br \/><span style=\"font-weight: bold;\">Tip lam\u0103<\/span>: Super o\u021bel.<br \/><span style=\"font-weight: bold;\">Tip pix<\/span>: Pix pe baz\u0103 de ulei, pix cu p\u00e2sl\u0103 pe baz\u0103 de ap\u0103.<br \/><span style=\"font-weight: bold;\">Tipuri de materiale<\/span>: Max. pelicula de marcare cu grosimea de 0,25 mm (PVC\/fluorescent\/reflectorizant)<br \/><span style=\"font-weight: bold;\">Interfa\u021b\u0103<\/span>: USB2.0 (vitez\u0103 maxim\u0103), LAN f\u0103r\u0103 fir IEEE 802.11b\/g\/n, Ethernet 10 BASE-T\/100BASE-TX (*3)<br \/><span style=\"font-weight: bold;\">Memorie<\/span>: 2 MB<br \/><span style=\"font-weight: bold;\">Seturi de comenzi<\/span>: GP-GL \/ HP-GL\u2122 (setate prin comand\u0103 sau detectate automat)<br \/><span style=\"font-weight: bold;\">LCD<\/span>: Panou tactil (240 \u00d7 128 puncte)<br \/><span style=\"font-weight: bold;\">Alimentare<\/span>: 100-120V AC, 200-240V AC, 50\/60Hz (comutare automat\u0103)<br \/><span style=\"font-weight: bold;\">Consum de energie<\/span>: Max. 140 W<br \/><span style=\"font-weight: bold;\">Mediul de exploatare<\/span>: 10-35\u2103, 35-75%RH (f\u0103r\u0103 condensare).<br \/><span style=\"font-weight: bold;\">Mediul de exploatare pentru taierea precisa<\/span>: 16-32\u2103, 35-70% umiditate relativ\u0103 (f\u0103r\u0103 condensare).<br \/><span style=\"font-weight: bold;\">Dimensiuni exterioare<\/span>: 677 \u00d7 289 \u00d7 266 mm.<br \/><span style=\"font-weight: bold;\">Software acceptat<\/span>: Graphtec Studio 2, Cutting Master 5, driver Windows.<\/p>\n<p><span style=\"background-color: #ff0000;color: #333333;font-family: Arial;font-size: 10pt;font-style: normal;font-weight: bold;line-height: 1.15;\">Disponibil la precomanda<\/span><\/p>\n","protected":false},"featured_media":31064,"comment_status":"open","ping_status":"closed","template":"","meta":[],"product_brand":[],"product_cat":[81],"product_tag":[910],"class_list":{"0":"post-31000","1":"product","2":"type-product","3":"status-publish","4":"has-post-thumbnail","6":"product_cat-cutting-plotters","7":"product_tag-graphtec","9":"first","10":"onbackorder","11":"shipping-taxable","12":"purchasable","13":"product-type-simple"},"_links":{"self":[{"href":"https:\/\/www.inprint.md\/rou\/wp-json\/wp\/v2\/product\/31000","targetHints":{"allow":["GET"]}}],"collection":[{"href":"https:\/\/www.inprint.md\/rou\/wp-json\/wp\/v2\/product"}],"about":[{"href":"https:\/\/www.inprint.md\/rou\/wp-json\/wp\/v2\/types\/product"}],"replies":[{"embeddable":true,"href":"https:\/\/www.inprint.md\/rou\/wp-json\/wp\/v2\/comments?post=31000"}],"wp:featuredmedia":[{"embeddable":true,"href":"https:\/\/www.inprint.md\/rou\/wp-json\/wp\/v2\/media\/31064"}],"wp:attachment":[{"href":"https:\/\/www.inprint.md\/rou\/wp-json\/wp\/v2\/media?parent=31000"}],"wp:term":[{"taxonomy":"product_brand","embeddable":true,"href":"https:\/\/www.inprint.md\/rou\/wp-json\/wp\/v2\/product_brand?post=31000"},{"taxonomy":"product_cat","embeddable":true,"href":"https:\/\/www.inprint.md\/rou\/wp-json\/wp\/v2\/product_cat?post=31000"},{"taxonomy":"product_tag","embeddable":true,"href":"https:\/\/www.inprint.md\/rou\/wp-json\/wp\/v2\/product_tag?post=31000"}],"curies":[{"name":"wp","href":"https:\/\/api.w.org\/{rel}","templated":true}]}}