{"id":31687,"date":"2024-12-28T09:55:56","date_gmt":"2024-12-28T07:55:56","guid":{"rendered":"https:\/\/www.inprint.md\/ru\/?post_type=product&#038;p=31687"},"modified":"2026-04-23T09:34:47","modified_gmt":"2026-04-23T06:34:47","slug":"roly-sweatshirt-urban","status":"publish","type":"product","link":"https:\/\/www.inprint.md\/rou\/product\/roly-sweatshirt-urban\/","title":{"rendered":"Roly Sweatshirt Urban"},"content":{"rendered":"<p>Hanorac cu glug\u0103 cu buzunar tip marsupiu \u0219i \u0219nur reglabil. Man\u0219ete \u0219i talie canelate 1&#215;1 cu elastan. Modelul de copii este f\u0103r\u0103 \u0219nur.<br \/>\nUn hanorac conceput pentru orice ocazie: pentru activit\u0103\u021bi sportive, pentru look-ul de zi cu zi sau pentru acele momente de relax. Cu hanoracul Capucha cu m\u00e2nec\u0103 lung\u0103 faci fa\u021b\u0103 temperaturilor sc\u0103zute f\u0103r\u0103 s\u0103 renun\u021bi la confort.<\/p>\n<table border=\"1\" cellspacing=\"1\" cellpadding=\"4\" align=\"center\">\n<caption>Informatii tehnice suplimentare asupra produsului<\/caption>\n<tbody>\n<tr>\n<td style=\"text-align: center;\">Marimi<\/td>\n<td style=\"text-align: center;\">Masuri<br \/>\n(Latime\/Lungime)<\/td>\n<td style=\"text-align: center;\">Bucati<br \/>\npachet<\/td>\n<td style=\"text-align: center;\">Bucati<br \/>\ncutie<\/td>\n<\/tr>\n<tr>\n<td style=\"text-align: center;\"><strong>11-12 ani<\/strong><\/td>\n<td style=\"text-align: center;\"><strong>[48cm\/60cm]<\/strong><\/td>\n<td style=\"text-align: center;\">1<\/td>\n<td style=\"text-align: center;\">25<\/td>\n<\/tr>\n<tr>\n<td style=\"text-align: center;\"><strong>XS<\/strong><\/td>\n<td style=\"text-align: center;\"><strong>[51cm\/65cm]<\/strong><\/td>\n<td style=\"text-align: center;\">1<\/td>\n<td style=\"text-align: center;\">25<\/td>\n<\/tr>\n<tr>\n<td style=\"text-align: center;\"><strong>S<\/strong><\/td>\n<td style=\"text-align: center;\"><strong>[54cm\/67cm]<\/strong><\/td>\n<td style=\"text-align: center;\">1<\/td>\n<td style=\"text-align: center;\">25<\/td>\n<\/tr>\n<tr>\n<td style=\"text-align: center;\"><strong>M<\/strong><\/td>\n<td style=\"text-align: center;\"><strong>[57cm\/69cm]<\/strong><\/td>\n<td style=\"text-align: center;\">1<\/td>\n<td style=\"text-align: center;\">25<\/td>\n<\/tr>\n<tr>\n<td style=\"text-align: center;\"><strong>L<\/strong><\/td>\n<td style=\"text-align: center;\"><strong>[60cm\/71cm]<\/strong><\/td>\n<td style=\"text-align: center;\">1<\/td>\n<td style=\"text-align: center;\">25<\/td>\n<\/tr>\n<tr>\n<td style=\"text-align: center;\"><strong>XL<\/strong><\/td>\n<td style=\"text-align: center;\"><strong>[63cm\/73cm]<\/strong><\/td>\n<td style=\"text-align: center;\">1<\/td>\n<td style=\"text-align: center;\">25<\/td>\n<\/tr>\n<tr>\n<td style=\"text-align: center;\"><strong>XXL<\/strong><\/td>\n<td style=\"text-align: center;\"><strong>[66cm\/75cm]<\/strong><\/td>\n<td style=\"text-align: center;\">1<\/td>\n<td style=\"text-align: center;\">25<\/td>\n<\/tr>\n<\/tbody>\n<\/table>\n","protected":false},"excerpt":{"rendered":"<p><span class=\"subtitleDetails\"><strong>Compozi\u021bie\u00a0<\/strong><br \/>\n<\/span><span id=\"MainContent_vComposition\">50% bumbac \/ 50% poliester, vatuit pe interior<\/span>\u00a0<span id=\"MainContent_vWeight\">, 280 g\/m\u00b2<\/span><\/p>\n<p><span class=\"subtitleDetails\"><strong>Comentarii<br \/>\n<\/strong><\/span>*Culoarea gri melanj 58: 55% bumbac \/ 40% poliester \/ 5% v\u00e2scoz\u0103.<br \/>\n*Etichet\u0103 deta\u0219abil\u0103.<br \/>\n*Disponibil pentru copii.<\/p>\n<p><span class=\"subtitleDetails\"><strong>Ambalare<\/strong><br \/>\n<\/span><span id=\"MainContent_Label4\">Pachet<\/span>\u00a0<span id=\"MainContent_vUnitsPack\">1<\/span>\u00a0<span id=\"MainContent_Label1\">Unitate<\/span>\u00a0,\u00a0<span id=\"MainContent_Label5\">Cutie<\/span> 25 <span id=\"MainContent_Label2\">unit\u0103\u021bi<\/span><\/p>\n<p><span class=\"subtitleDetails\"><strong>M\u0103rimi<\/strong><br \/>\n<\/span>Adul\u021bi S, M, L, XL, XXL, Copii\u00a0 7\/8 ani, 9\/10 ani, 11\/12 ani<\/p>\n","protected":false},"featured_media":31708,"comment_status":"open","ping_status":"closed","template":"","meta":[],"product_brand":[],"product_cat":[21],"product_tag":[],"class_list":{"0":"post-31687","1":"product","2":"type-product","3":"status-publish","4":"has-post-thumbnail","6":"product_cat-sweatshirt","8":"first","9":"instock","10":"sale","11":"shipping-taxable","12":"purchasable","13":"product-type-variable"},"_links":{"self":[{"href":"https:\/\/www.inprint.md\/rou\/wp-json\/wp\/v2\/product\/31687","targetHints":{"allow":["GET"]}}],"collection":[{"href":"https:\/\/www.inprint.md\/rou\/wp-json\/wp\/v2\/product"}],"about":[{"href":"https:\/\/www.inprint.md\/rou\/wp-json\/wp\/v2\/types\/product"}],"replies":[{"embeddable":true,"href":"https:\/\/www.inprint.md\/rou\/wp-json\/wp\/v2\/comments?post=31687"}],"wp:featuredmedia":[{"embeddable":true,"href":"https:\/\/www.inprint.md\/rou\/wp-json\/wp\/v2\/media\/31708"}],"wp:attachment":[{"href":"https:\/\/www.inprint.md\/rou\/wp-json\/wp\/v2\/media?parent=31687"}],"wp:term":[{"taxonomy":"product_brand","embeddable":true,"href":"https:\/\/www.inprint.md\/rou\/wp-json\/wp\/v2\/product_brand?post=31687"},{"taxonomy":"product_cat","embeddable":true,"href":"https:\/\/www.inprint.md\/rou\/wp-json\/wp\/v2\/product_cat?post=31687"},{"taxonomy":"product_tag","embeddable":true,"href":"https:\/\/www.inprint.md\/rou\/wp-json\/wp\/v2\/product_tag?post=31687"}],"curies":[{"name":"wp","href":"https:\/\/api.w.org\/{rel}","templated":true}]}}