{"id":31966,"date":"2025-01-21T11:26:40","date_gmt":"2025-01-21T09:26:40","guid":{"rendered":"https:\/\/www.inprint.md\/ru\/?post_type=product&#038;p=31966"},"modified":"2026-04-21T14:18:27","modified_gmt":"2026-04-21T11:18:27","slug":"heat-tape-dispenser-htd-35","status":"publish","type":"product","link":"https:\/\/www.inprint.md\/rou\/product\/heat-tape-dispenser-htd-35\/","title":{"rendered":"Dispenser pentru banda termica HTD-35"},"content":{"rendered":"","protected":false},"excerpt":{"rendered":"<p><span style=\"font-weight: bold;\">Tip<\/span>: Dispenser pentru banda termica<br \/><span style=\"font-weight: bold;\">Model<\/span>: HTD-35<br \/><span style=\"font-weight: bold;\">Distribuire simultan\u0103 cu mai multe role<\/span>: Da<br \/><span style=\"font-weight: bold;\">Construc\u021bie rezistent\u0103 la c\u0103ldur\u0103<\/span>: da<\/p>\n","protected":false},"featured_media":31967,"comment_status":"open","ping_status":"closed","template":"","meta":[],"product_brand":[],"product_cat":[934],"product_tag":[],"class_list":{"0":"post-31966","1":"product","2":"type-product","3":"status-publish","4":"has-post-thumbnail","6":"product_cat-misc","8":"first","9":"outofstock","10":"shipping-taxable","11":"purchasable","12":"product-type-simple"},"_links":{"self":[{"href":"https:\/\/www.inprint.md\/rou\/wp-json\/wp\/v2\/product\/31966","targetHints":{"allow":["GET"]}}],"collection":[{"href":"https:\/\/www.inprint.md\/rou\/wp-json\/wp\/v2\/product"}],"about":[{"href":"https:\/\/www.inprint.md\/rou\/wp-json\/wp\/v2\/types\/product"}],"replies":[{"embeddable":true,"href":"https:\/\/www.inprint.md\/rou\/wp-json\/wp\/v2\/comments?post=31966"}],"wp:featuredmedia":[{"embeddable":true,"href":"https:\/\/www.inprint.md\/rou\/wp-json\/wp\/v2\/media\/31967"}],"wp:attachment":[{"href":"https:\/\/www.inprint.md\/rou\/wp-json\/wp\/v2\/media?parent=31966"}],"wp:term":[{"taxonomy":"product_brand","embeddable":true,"href":"https:\/\/www.inprint.md\/rou\/wp-json\/wp\/v2\/product_brand?post=31966"},{"taxonomy":"product_cat","embeddable":true,"href":"https:\/\/www.inprint.md\/rou\/wp-json\/wp\/v2\/product_cat?post=31966"},{"taxonomy":"product_tag","embeddable":true,"href":"https:\/\/www.inprint.md\/rou\/wp-json\/wp\/v2\/product_tag?post=31966"}],"curies":[{"name":"wp","href":"https:\/\/api.w.org\/{rel}","templated":true}]}}