{"id":32125,"date":"2025-01-31T09:28:52","date_gmt":"2025-01-31T07:28:52","guid":{"rendered":"https:\/\/www.inprint.md\/ru\/?post_type=product&#038;p=32125"},"modified":"2026-04-21T14:18:28","modified_gmt":"2026-04-21T11:18:28","slug":"silhouette-cameo-pro-mk-ii","status":"publish","type":"product","link":"https:\/\/www.inprint.md\/rou\/product\/silhouette-cameo-pro-mk-ii\/","title":{"rendered":"Plotter de taiere Silhouette Cameo PRO MK-II"},"content":{"rendered":"<p><iframe title=\"Hello Cameo Pro MKII\" width=\"500\" height=\"281\" src=\"https:\/\/www.youtube.com\/embed\/srRZJo-tHrU?feature=oembed\" frameborder=\"0\" allow=\"accelerometer; autoplay; clipboard-write; encrypted-media; gyroscope; picture-in-picture; web-share\" referrerpolicy=\"strict-origin-when-cross-origin\" allowfullscreen><\/iframe><\/p>\n<p>&nbsp;<\/p>\n","protected":false},"excerpt":{"rendered":"<p><span style=\"font-weight: bold;\">Tip<\/span>: Plotter de taiere Silhouette Cameo PRO MK-II<br \/><span style=\"font-weight: bold;\">Cod<\/span>: SILH-CAMEO-PRO-2-5T<br \/><span style=\"font-weight: bold;\">Dimensiuni<\/span>: 87,6 x 95,7 x 16,99 <br \/><span style=\"font-weight: bold;\">Greutatea aparatului<\/span>: 9 kg<br \/><span style=\"font-weight: bold;\">Zona de lucru<\/span>: 58,93 x 60,96 (cu covora\u0219 de t\u0103iere) \/ 59,94 x 487,68 (cu tampon)<br \/><span style=\"font-weight: bold;\">Grosimea maxim\u0103 a materialului<\/span>: 3 mm<br \/><span style=\"font-weight: bold;\">Viteza maxima de taiere<\/span>: 300 mm\/s.<br \/><span style=\"font-weight: bold;\">For\u021ba maxim\u0103 de t\u0103iere Suport scule 1<\/span>: 300 gf<br \/><span style=\"font-weight: bold;\">Rezolu\u021bie mecanic\u0103<\/span>: 0,00625 mm<br \/><span style=\"font-weight: bold;\">Rezolutie programabila<\/span>: 0,05 mm<br \/><span style=\"font-weight: bold;\">Citirea m\u0103rcii de \u00eenregistrare<\/span>: da<br \/><span style=\"font-weight: bold;\">Num\u0103rul pistonilor instala\u021bi<\/span>: 2<br \/><span style=\"font-weight: bold;\">Reglare automat\u0103 a lamei<\/span>: da<br \/><span style=\"font-weight: bold;\">Interfete<\/span>: USB 2.0\/Bluetooth<br \/><span style=\"font-weight: bold;\">Alimentare nominal\u0103<\/span>: Adaptor AC 24V DC (1.25A).<br \/><span style=\"font-weight: bold;\">Consum de energie<\/span>: 27 W<br \/><span style=\"font-weight: bold;\">Sistem de operare<\/span>: Win10 sau mai recent\/Mac OS 10.10. sau mai mare<br \/>Complectatia: Plotter de t\u0103iere Silhouette Cameo PRO MK-II, cablu de alimentare, covora\u0219 de t\u0103iat adeziv, cu\u021bit automat, unealt\u0103 de ajustare a lamei, alimentator de role, software Silhouette Studio\u00ae (desc\u0103rcabil de pe site-ul produc\u0103torului), 100 de modele exclusive (disponibile la \u00eenregistrare), 1 abonament lunar la Silhouette Design Store (disponibil la \u00eenregistrare),<span style=\"font-style: italic;font-weight: bold;\"> cablu USB nu este inclus<\/span><\/p>\n","protected":false},"featured_media":32128,"comment_status":"open","ping_status":"closed","template":"","meta":[],"product_brand":[],"product_cat":[81],"product_tag":[],"class_list":{"0":"post-32125","1":"product","2":"type-product","3":"status-publish","4":"has-post-thumbnail","6":"product_cat-cutting-plotters","8":"first","9":"outofstock","10":"shipping-taxable","11":"purchasable","12":"product-type-simple"},"_links":{"self":[{"href":"https:\/\/www.inprint.md\/rou\/wp-json\/wp\/v2\/product\/32125","targetHints":{"allow":["GET"]}}],"collection":[{"href":"https:\/\/www.inprint.md\/rou\/wp-json\/wp\/v2\/product"}],"about":[{"href":"https:\/\/www.inprint.md\/rou\/wp-json\/wp\/v2\/types\/product"}],"replies":[{"embeddable":true,"href":"https:\/\/www.inprint.md\/rou\/wp-json\/wp\/v2\/comments?post=32125"}],"wp:featuredmedia":[{"embeddable":true,"href":"https:\/\/www.inprint.md\/rou\/wp-json\/wp\/v2\/media\/32128"}],"wp:attachment":[{"href":"https:\/\/www.inprint.md\/rou\/wp-json\/wp\/v2\/media?parent=32125"}],"wp:term":[{"taxonomy":"product_brand","embeddable":true,"href":"https:\/\/www.inprint.md\/rou\/wp-json\/wp\/v2\/product_brand?post=32125"},{"taxonomy":"product_cat","embeddable":true,"href":"https:\/\/www.inprint.md\/rou\/wp-json\/wp\/v2\/product_cat?post=32125"},{"taxonomy":"product_tag","embeddable":true,"href":"https:\/\/www.inprint.md\/rou\/wp-json\/wp\/v2\/product_tag?post=32125"}],"curies":[{"name":"wp","href":"https:\/\/api.w.org\/{rel}","templated":true}]}}