{"id":32185,"date":"2025-02-03T09:49:10","date_gmt":"2025-02-03T07:49:10","guid":{"rendered":"https:\/\/www.inprint.md\/ru\/?post_type=product&#038;p=32185"},"modified":"2026-04-21T14:18:28","modified_gmt":"2026-04-21T11:18:28","slug":"silhouette-portrait-4","status":"publish","type":"product","link":"https:\/\/www.inprint.md\/rou\/product\/silhouette-portrait-4\/","title":{"rendered":"Plotter de taiere Silhouette Portrait 4"},"content":{"rendered":"<p><iframe title=\"Portrait 4 Silhouette \u0420\u0435\u0436\u0443\u0449\u0438\u0439 \u043f\u043b\u043e\u0442\u0442\u0435\u0440 \u041e\u0441\u043e\u0431\u0435\u043d\u043d\u043e\u0441\u0442\u0438 \u0440\u0430\u0431\u043e\u0442\u044b\" width=\"500\" height=\"281\" src=\"https:\/\/www.youtube.com\/embed\/tYcJtwlxS38?feature=oembed\" frameborder=\"0\" allow=\"accelerometer; autoplay; clipboard-write; encrypted-media; gyroscope; picture-in-picture; web-share\" referrerpolicy=\"strict-origin-when-cross-origin\" allowfullscreen><\/iframe><\/p>\n","protected":false},"excerpt":{"rendered":"<p><span style=\"font-weight: bold;\">Tip<\/span>: Plotter de taiere Silhouette Portrait 4<br \/><span style=\"font-weight: bold;\">Cod<\/span>: SILH-PORTRAIT-4-5T<br \/><span style=\"font-weight: bold;\">Zona de t\u0103iere<\/span>: 21,6 x 30,5 cm cu covora\u0219 de t\u0103iat, 20,3 x 143 cm cu material de suport (folosind Roll Holder)<br \/><span style=\"font-weight: bold;\">Grosimea maxim\u0103 a materialului<\/span>: 2 mm<br \/><span style=\"font-weight: bold;\">Forta maxima de taiere<\/span>: 210 g<br \/><span style=\"font-weight: bold;\">Lungime material<\/span>: P\u00e2n\u0103 la 1,43 m (materiale rulouri cu baz\u0103)<br \/><span style=\"font-weight: bold;\">Nivel de zgomot<\/span>: De la 26,11 la 62,7 dB<br \/><span style=\"font-weight: bold;\">Interfa\u021b\u0103<\/span>: USB 2.0 (vitez\u0103 maxim\u0103) \/ Bluetooth 4.0<br \/><span style=\"font-weight: bold;\">Software<\/span>: Silhouette Studio 4.5.700 sau o versiune superioar\u0103<br \/><span style=\"font-weight: bold;\">Cerin\u021be minime de sistem<\/span>: Windows 10 sau o versiune ulterioar\u0103, macOS X 10.14 (64 de bi\u021bi) sau o versiune ulterioar\u0103<br \/><span style=\"font-weight: bold;\">Dimensiuni<\/span>: 44,0 x 16,3 x 12,4 cm<br \/><span style=\"font-weight: bold;\">Greutate<\/span>: 1,85 kg<br \/><span style=\"font-weight: bold;\">Complectatia<\/span>: Plotter de t\u0103iere Silhouette Portrait 4, cablu de alimentare, covora\u0219 de t\u0103iat adeziv, cu\u021bit automat, instrument de ajustare a lamei, software Silhouette Studio\u00ae (desc\u0103rcabil de pe site-ul produc\u0103torului), 100 de modele exclusive (disponibile cu \u00eenregistrare), abonament la Silhouette Design Store pentru 1 lun\u0103 (disponibil la \u00eenregistrare), <span style=\"font-style: italic;font-weight: bold;\">cablu USB nu este inclus<\/span><\/p>\n","protected":false},"featured_media":32186,"comment_status":"open","ping_status":"closed","template":"","meta":[],"product_brand":[],"product_cat":[81],"product_tag":[],"class_list":{"0":"post-32185","1":"product","2":"type-product","3":"status-publish","4":"has-post-thumbnail","6":"product_cat-cutting-plotters","8":"first","9":"instock","10":"sale","11":"shipping-taxable","12":"purchasable","13":"product-type-simple"},"_links":{"self":[{"href":"https:\/\/www.inprint.md\/rou\/wp-json\/wp\/v2\/product\/32185","targetHints":{"allow":["GET"]}}],"collection":[{"href":"https:\/\/www.inprint.md\/rou\/wp-json\/wp\/v2\/product"}],"about":[{"href":"https:\/\/www.inprint.md\/rou\/wp-json\/wp\/v2\/types\/product"}],"replies":[{"embeddable":true,"href":"https:\/\/www.inprint.md\/rou\/wp-json\/wp\/v2\/comments?post=32185"}],"wp:featuredmedia":[{"embeddable":true,"href":"https:\/\/www.inprint.md\/rou\/wp-json\/wp\/v2\/media\/32186"}],"wp:attachment":[{"href":"https:\/\/www.inprint.md\/rou\/wp-json\/wp\/v2\/media?parent=32185"}],"wp:term":[{"taxonomy":"product_brand","embeddable":true,"href":"https:\/\/www.inprint.md\/rou\/wp-json\/wp\/v2\/product_brand?post=32185"},{"taxonomy":"product_cat","embeddable":true,"href":"https:\/\/www.inprint.md\/rou\/wp-json\/wp\/v2\/product_cat?post=32185"},{"taxonomy":"product_tag","embeddable":true,"href":"https:\/\/www.inprint.md\/rou\/wp-json\/wp\/v2\/product_tag?post=32185"}],"curies":[{"name":"wp","href":"https:\/\/api.w.org\/{rel}","templated":true}]}}