{"id":32192,"date":"2025-02-03T09:53:17","date_gmt":"2025-02-03T07:53:17","guid":{"rendered":"https:\/\/www.inprint.md\/ru\/?post_type=product&#038;p=32192"},"modified":"2026-04-21T14:18:28","modified_gmt":"2026-04-21T11:18:28","slug":"silhouette-curio-2","status":"publish","type":"product","link":"https:\/\/www.inprint.md\/rou\/product\/silhouette-curio-2\/","title":{"rendered":"Plotter de taiere Silhouette Curio 2"},"content":{"rendered":"<p><iframe title=\"\u0420\u0435\u0436\u0443\u0449\u0438\u0439 \u043f\u043b\u043e\u0442\u0442\u0435\u0440 Curio 2  \u041f\u0435\u0440\u0444\u043e\u0440\u0430\u0446\u0438\u044f, \u0433\u043e\u0440\u044f\u0447\u0435\u0435 \u0442\u0438\u0441\u043d\u0435\u043d\u0438\u0435, \u0440\u0435\u0437\u043a\u0430\" width=\"500\" height=\"281\" src=\"https:\/\/www.youtube.com\/embed\/KayE9gkp8Fc?feature=oembed\" frameborder=\"0\" allow=\"accelerometer; autoplay; clipboard-write; encrypted-media; gyroscope; picture-in-picture; web-share\" referrerpolicy=\"strict-origin-when-cross-origin\" allowfullscreen><\/iframe><\/p>\n","protected":false},"excerpt":{"rendered":"<p><span style=\"font-weight: bold;\">Tip<\/span>: Plotter de taiere Silhouette Curio 2<br \/><span style=\"font-weight: bold;\">Cod<\/span>: SILH-CURIO-2-5T<br \/><span style=\"font-weight: bold;\">Suprafata de taiere<\/span>: 30,5 x 30,5 cm<br \/><span style=\"font-weight: bold;\">Grosimea maxim\u0103 a materialului<\/span>: 20 mm<br \/><span style=\"font-weight: bold;\">For\u021ba maxim\u0103 de t\u0103iere<\/span>: 300 g (suport scule 1) \/ 5000 g (suport scul\u0103 2)<br \/><span style=\"font-weight: bold;\">Interfa\u021b\u0103<\/span>: USB 2.0 (vitez\u0103 maxim\u0103) \/ Bluetooth 4.0<br \/><span style=\"font-weight: bold;\">Software<\/span>: Silhouette Studio 4.5.700 sau o versiune superioar\u0103<br \/><span style=\"font-weight: bold;\">Cerin\u021be minime de sistem<\/span>: Windows 10 sau o versiune ulterioar\u0103, macOS X 10.14 (64 de bi\u021bi) sau o versiune ulterioar\u0103<br \/><span style=\"font-weight: bold;\">Dimensiuni<\/span>: 61,1 x 50,5 x 23,9 cm<br \/><span style=\"font-weight: bold;\">Greutate<\/span>: 10,8 kg<br \/><span style=\"font-weight: bold;\">Complectatia<\/span>: Plotter de t\u0103iere Silhouette Curio\u00ae 2, cablu de alimentare, platform\u0103 electrostatic\u0103, covora\u0219 de protec\u021bie electrostatic\u0103, cip auto-lame, instrument de reglare a lamei, band\u0103 de montare, instruc\u021biuni, software Silhouette Studio\u00ae (desc\u0103rcabil de pe site), 100 de machete \u00een program ( disponibil la \u00eenregistrarea plotterului)<\/p>\n","protected":false},"featured_media":32193,"comment_status":"open","ping_status":"closed","template":"","meta":[],"product_brand":[],"product_cat":[81],"product_tag":[],"class_list":{"0":"post-32192","1":"product","2":"type-product","3":"status-publish","4":"has-post-thumbnail","6":"product_cat-cutting-plotters","8":"first","9":"instock","10":"shipping-taxable","11":"purchasable","12":"product-type-simple"},"_links":{"self":[{"href":"https:\/\/www.inprint.md\/rou\/wp-json\/wp\/v2\/product\/32192","targetHints":{"allow":["GET"]}}],"collection":[{"href":"https:\/\/www.inprint.md\/rou\/wp-json\/wp\/v2\/product"}],"about":[{"href":"https:\/\/www.inprint.md\/rou\/wp-json\/wp\/v2\/types\/product"}],"replies":[{"embeddable":true,"href":"https:\/\/www.inprint.md\/rou\/wp-json\/wp\/v2\/comments?post=32192"}],"wp:featuredmedia":[{"embeddable":true,"href":"https:\/\/www.inprint.md\/rou\/wp-json\/wp\/v2\/media\/32193"}],"wp:attachment":[{"href":"https:\/\/www.inprint.md\/rou\/wp-json\/wp\/v2\/media?parent=32192"}],"wp:term":[{"taxonomy":"product_brand","embeddable":true,"href":"https:\/\/www.inprint.md\/rou\/wp-json\/wp\/v2\/product_brand?post=32192"},{"taxonomy":"product_cat","embeddable":true,"href":"https:\/\/www.inprint.md\/rou\/wp-json\/wp\/v2\/product_cat?post=32192"},{"taxonomy":"product_tag","embeddable":true,"href":"https:\/\/www.inprint.md\/rou\/wp-json\/wp\/v2\/product_tag?post=32192"}],"curies":[{"name":"wp","href":"https:\/\/api.w.org\/{rel}","templated":true}]}}