{"id":32234,"date":"2025-02-04T08:29:16","date_gmt":"2025-02-04T06:29:16","guid":{"rendered":"https:\/\/www.inprint.md\/ru\/?post_type=product&#038;p=32234"},"modified":"2026-04-21T14:18:35","modified_gmt":"2026-04-21T11:18:35","slug":"cameo-cut-mat-24","status":"publish","type":"product","link":"https:\/\/www.inprint.md\/rou\/product\/cameo-cut-mat-24\/","title":{"rendered":"Carrier pentru plotter Cameo 30cmx60cm CUT-MAT-24"},"content":{"rendered":"","protected":false},"excerpt":{"rendered":"<p><span style=\"font-weight: bold;\">Tip<\/span>: Carrier pentru plotter Cameo<br \/><span style=\"font-weight: bold;\">Articol<\/span>: CUT-MAT-24<br \/><span style=\"font-weight: bold;\">Fixare cu lipici<\/span>: Standard<br \/><span style=\"background-color: #ffffff;color: #333333;font-family: Arial;font-size: 10pt;font-style: normal;font-weight: bold;line-height: 1.15;\">Tipul de material preconizat<\/span>: Carton, PAL, h\u00e2rtie magnetic\u0103, spum\u0103 de polistiren, alte materiale speciale.<br \/><span style=\"font-weight: bold;\">Dimensiune<\/span>: 30cm*60cm<br \/><span style=\"font-weight: bold;\">Compatibilitate<\/span>: <span style=\"background-color: #ffffff;color: #333333;font-family: Aptos Narrow;font-size: 12pt;font-style: normal;font-weight: normal;line-height: 1.15;text-align: left;\">Silhouette Cameo\/ Cameo 2\/ Cameo 3\/ Cameo 4, Plus, Pro\/ Cameo 5, Plus\/ Cameo Pro MK-ll<\/span><\/p>\n","protected":false},"featured_media":32257,"comment_status":"open","ping_status":"closed","template":"","meta":[],"product_brand":[],"product_cat":[82],"product_tag":[],"class_list":{"0":"post-32234","1":"product","2":"type-product","3":"status-publish","4":"has-post-thumbnail","6":"product_cat-zip","8":"first","9":"outofstock","10":"shipping-taxable","11":"purchasable","12":"product-type-simple"},"_links":{"self":[{"href":"https:\/\/www.inprint.md\/rou\/wp-json\/wp\/v2\/product\/32234","targetHints":{"allow":["GET"]}}],"collection":[{"href":"https:\/\/www.inprint.md\/rou\/wp-json\/wp\/v2\/product"}],"about":[{"href":"https:\/\/www.inprint.md\/rou\/wp-json\/wp\/v2\/types\/product"}],"replies":[{"embeddable":true,"href":"https:\/\/www.inprint.md\/rou\/wp-json\/wp\/v2\/comments?post=32234"}],"wp:featuredmedia":[{"embeddable":true,"href":"https:\/\/www.inprint.md\/rou\/wp-json\/wp\/v2\/media\/32257"}],"wp:attachment":[{"href":"https:\/\/www.inprint.md\/rou\/wp-json\/wp\/v2\/media?parent=32234"}],"wp:term":[{"taxonomy":"product_brand","embeddable":true,"href":"https:\/\/www.inprint.md\/rou\/wp-json\/wp\/v2\/product_brand?post=32234"},{"taxonomy":"product_cat","embeddable":true,"href":"https:\/\/www.inprint.md\/rou\/wp-json\/wp\/v2\/product_cat?post=32234"},{"taxonomy":"product_tag","embeddable":true,"href":"https:\/\/www.inprint.md\/rou\/wp-json\/wp\/v2\/product_tag?post=32234"}],"curies":[{"name":"wp","href":"https:\/\/api.w.org\/{rel}","templated":true}]}}