{"id":33070,"date":"2025-04-07T10:22:16","date_gmt":"2025-04-07T07:22:16","guid":{"rendered":"https:\/\/www.inprint.md\/ru\/?post_type=product&#038;p=33070"},"modified":"2026-04-21T14:18:27","modified_gmt":"2026-04-21T11:18:27","slug":"zcut-9","status":"publish","type":"product","link":"https:\/\/www.inprint.md\/rou\/product\/zcut-9\/","title":{"rendered":"Dispenser de banda adeziva  ZCUT-9"},"content":{"rendered":"","protected":false},"excerpt":{"rendered":"<p><span style=\"font-weight: bold;\">Tip<\/span>: Dispenser de banda adeziva ZCUT-9<br \/><span style=\"font-weight: bold;\">Lungime de t\u0103iere<\/span>: 5 &#8211; 999 mm<br \/><span style=\"font-weight: bold;\">L\u0103\u021bimea benzii<\/span>: 6 &#8211; 60 mm<br \/><span style=\"font-weight: bold;\">Band\u0103 utilizabil\u0103<\/span>: Filament, puternic\u0103, p\u00e2nz\u0103 din acetat, p\u00e2nz\u0103 de sticl\u0103, cu dou\u0103 fe\u021be, pre-stick, celofan, artizanat, mascare, plastic \u0219i multe altele.<br \/><span style=\"font-weight: bold;\">Neadeziv utilizabil<\/span>: Folie de protec\u021bie, band\u0103 de h\u00e2rtie, folie de izolare, folie de aluminiu, cupru<br \/><span style=\"font-weight: bold;\">Material<\/span>: Folie etc.<br \/><span style=\"font-weight: bold;\">Viteza de alimentare<\/span>: 200 mm sec (c\u00e2nd t\u0103ia\u021bi banda Craft)<br \/><span style=\"font-weight: bold;\">Diametru exterior maxim<\/span>: 300 mm<br \/><span style=\"font-weight: bold;\">Material caroserie<\/span>: ABS antistatic<br \/><span style=\"font-weight: bold;\">Cerin\u021be de alimentare<\/span>: AC100V 50\/60Hz 25W<\/p>\n","protected":false},"featured_media":33071,"comment_status":"open","ping_status":"closed","template":"","meta":[],"product_brand":[],"product_cat":[934],"product_tag":[],"class_list":{"0":"post-33070","1":"product","2":"type-product","3":"status-publish","4":"has-post-thumbnail","6":"product_cat-misc","8":"first","9":"instock","10":"shipping-taxable","11":"purchasable","12":"product-type-simple"},"_links":{"self":[{"href":"https:\/\/www.inprint.md\/rou\/wp-json\/wp\/v2\/product\/33070","targetHints":{"allow":["GET"]}}],"collection":[{"href":"https:\/\/www.inprint.md\/rou\/wp-json\/wp\/v2\/product"}],"about":[{"href":"https:\/\/www.inprint.md\/rou\/wp-json\/wp\/v2\/types\/product"}],"replies":[{"embeddable":true,"href":"https:\/\/www.inprint.md\/rou\/wp-json\/wp\/v2\/comments?post=33070"}],"wp:featuredmedia":[{"embeddable":true,"href":"https:\/\/www.inprint.md\/rou\/wp-json\/wp\/v2\/media\/33071"}],"wp:attachment":[{"href":"https:\/\/www.inprint.md\/rou\/wp-json\/wp\/v2\/media?parent=33070"}],"wp:term":[{"taxonomy":"product_brand","embeddable":true,"href":"https:\/\/www.inprint.md\/rou\/wp-json\/wp\/v2\/product_brand?post=33070"},{"taxonomy":"product_cat","embeddable":true,"href":"https:\/\/www.inprint.md\/rou\/wp-json\/wp\/v2\/product_cat?post=33070"},{"taxonomy":"product_tag","embeddable":true,"href":"https:\/\/www.inprint.md\/rou\/wp-json\/wp\/v2\/product_tag?post=33070"}],"curies":[{"name":"wp","href":"https:\/\/api.w.org\/{rel}","templated":true}]}}