{"id":33298,"date":"2025-04-23T15:34:21","date_gmt":"2025-04-23T12:34:21","guid":{"rendered":"https:\/\/www.inprint.md\/ru\/?post_type=product&#038;p=33298"},"modified":"2026-04-21T14:18:35","modified_gmt":"2026-04-21T11:18:35","slug":"cameo-plus-auto-sheet-feeder-a3plus","status":"publish","type":"product","link":"https:\/\/www.inprint.md\/rou\/product\/cameo-plus-auto-sheet-feeder-a3plus\/","title":{"rendered":"Alimentator automat de foi A3 Plus pentru Cameo Plus and Pro"},"content":{"rendered":"","protected":false},"excerpt":{"rendered":"<p><span style=\"font-weight: bold;\">Tip<\/span>: Alimentator automat de foi<br \/><span style=\"font-weight: bold;\">Articol<\/span>: SHEET-FEEDER-A3PLUS<br \/><span style=\"font-weight: bold;\">Dimensiuni suporturi compatibile<\/span>:  Letter, A4, A3, A3+<br \/><span style=\"font-weight: bold;\">Tipuri de suporturi compatibile<\/span>: h\u00e2rtie autocolant\u0103, h\u00e2rtie foto \u0219i alte materiale rigide. (Suporturile ondulate sau \u00eenc\u0103rcate electrostatic nu pot fi utilizate)<br \/><span style=\"font-weight: bold;\">Grosime suport media compatibil<\/span>: 0,18 mm ~ 0,26 mm<br \/><span style=\"font-weight: bold;\">Interfa\u021b\u0103<\/span>: USB 2.0 de mare vitez\u0103 <br \/><span style=\"font-weight: bold;\">Ma\u0219ini de t\u0103iat compatibile<\/span>: <span style=\"background-color: #ffffff;color: #333333;font-family: Aptos Narrow;font-size: 12pt;font-style: normal;font-weight: normal;line-height: 1.15;text-align: left;\">Silhouette Cameo 4 Plus, Pro\/ Cameo 5 Plus\/ Cameo Pro MK-ll<\/span><\/p>\n","protected":false},"featured_media":33300,"comment_status":"open","ping_status":"closed","template":"","meta":[],"product_brand":[],"product_cat":[82],"product_tag":[],"class_list":{"0":"post-33298","1":"product","2":"type-product","3":"status-publish","4":"has-post-thumbnail","6":"product_cat-zip","8":"first","9":"instock","10":"shipping-taxable","11":"purchasable","12":"product-type-simple"},"_links":{"self":[{"href":"https:\/\/www.inprint.md\/rou\/wp-json\/wp\/v2\/product\/33298","targetHints":{"allow":["GET"]}}],"collection":[{"href":"https:\/\/www.inprint.md\/rou\/wp-json\/wp\/v2\/product"}],"about":[{"href":"https:\/\/www.inprint.md\/rou\/wp-json\/wp\/v2\/types\/product"}],"replies":[{"embeddable":true,"href":"https:\/\/www.inprint.md\/rou\/wp-json\/wp\/v2\/comments?post=33298"}],"wp:featuredmedia":[{"embeddable":true,"href":"https:\/\/www.inprint.md\/rou\/wp-json\/wp\/v2\/media\/33300"}],"wp:attachment":[{"href":"https:\/\/www.inprint.md\/rou\/wp-json\/wp\/v2\/media?parent=33298"}],"wp:term":[{"taxonomy":"product_brand","embeddable":true,"href":"https:\/\/www.inprint.md\/rou\/wp-json\/wp\/v2\/product_brand?post=33298"},{"taxonomy":"product_cat","embeddable":true,"href":"https:\/\/www.inprint.md\/rou\/wp-json\/wp\/v2\/product_cat?post=33298"},{"taxonomy":"product_tag","embeddable":true,"href":"https:\/\/www.inprint.md\/rou\/wp-json\/wp\/v2\/product_tag?post=33298"}],"curies":[{"name":"wp","href":"https:\/\/api.w.org\/{rel}","templated":true}]}}