{"id":33328,"date":"2025-04-25T14:13:00","date_gmt":"2025-04-25T11:13:00","guid":{"rendered":"https:\/\/www.inprint.md\/ru\/?post_type=product&#038;p=33328"},"modified":"2026-04-21T14:18:35","modified_gmt":"2026-04-21T11:18:35","slug":"cameo4-cutting-strip","status":"publish","type":"product","link":"https:\/\/www.inprint.md\/rou\/product\/cameo4-cutting-strip\/","title":{"rendered":"Marzan pentru Cameo 4"},"content":{"rendered":"","protected":false},"excerpt":{"rendered":"<p><span style=\"font-weight: bold;\">Tip<\/span>: Marzan pentru Cameo 4<br \/><span style=\"font-weight: bold;\">Model<\/span>: CUT-STRP-CAM4<br \/><span style=\"font-weight: bold;\">Culoare<\/span>: Alba<br \/><span style=\"font-weight: bold;\">Lungime<\/span>: 300 mm<br \/><span style=\"font-weight: bold;\">Compatibilitate<\/span>: Silhouette CAMEO 4<br \/><span style=\"font-weight: bold;\">Descriere<\/span>: Band\u0103 de t\u0103iere lipit\u0103 de-a lungul liniei de mi\u0219care a cu\u021bitului \u00een timpul t\u0103ierii pe plotterul Cameo 4. Pentru a men\u021bine o calitate ridicat\u0103 a t\u0103ierii, se recomand\u0103 \u00eenlocuirea periodic\u0103 a marzanului.<\/p>\n","protected":false},"featured_media":33329,"comment_status":"open","ping_status":"closed","template":"","meta":[],"product_brand":[],"product_cat":[82],"product_tag":[],"class_list":{"0":"post-33328","1":"product","2":"type-product","3":"status-publish","4":"has-post-thumbnail","6":"product_cat-zip","8":"first","9":"instock","10":"shipping-taxable","11":"purchasable","12":"product-type-simple"},"_links":{"self":[{"href":"https:\/\/www.inprint.md\/rou\/wp-json\/wp\/v2\/product\/33328","targetHints":{"allow":["GET"]}}],"collection":[{"href":"https:\/\/www.inprint.md\/rou\/wp-json\/wp\/v2\/product"}],"about":[{"href":"https:\/\/www.inprint.md\/rou\/wp-json\/wp\/v2\/types\/product"}],"replies":[{"embeddable":true,"href":"https:\/\/www.inprint.md\/rou\/wp-json\/wp\/v2\/comments?post=33328"}],"wp:featuredmedia":[{"embeddable":true,"href":"https:\/\/www.inprint.md\/rou\/wp-json\/wp\/v2\/media\/33329"}],"wp:attachment":[{"href":"https:\/\/www.inprint.md\/rou\/wp-json\/wp\/v2\/media?parent=33328"}],"wp:term":[{"taxonomy":"product_brand","embeddable":true,"href":"https:\/\/www.inprint.md\/rou\/wp-json\/wp\/v2\/product_brand?post=33328"},{"taxonomy":"product_cat","embeddable":true,"href":"https:\/\/www.inprint.md\/rou\/wp-json\/wp\/v2\/product_cat?post=33328"},{"taxonomy":"product_tag","embeddable":true,"href":"https:\/\/www.inprint.md\/rou\/wp-json\/wp\/v2\/product_tag?post=33328"}],"curies":[{"name":"wp","href":"https:\/\/api.w.org\/{rel}","templated":true}]}}